{"id":28,"date":"2017-09-18T12:39:47","date_gmt":"2017-09-18T10:39:47","guid":{"rendered":"http:\/\/recherche-action.fr\/emancipation-transformation\/?page_id=28"},"modified":"2017-12-06T10:43:04","modified_gmt":"2017-12-06T09:43:04","slug":"forum-16-10-17","status":"publish","type":"page","link":"http:\/\/recherche-action.fr\/emancipation-transformation\/archives\/forum-16-10-17\/","title":{"rendered":"Forum 6 octobre 2017 sur Espaces d&rsquo;\u00e9mancipation et de transformation"},"content":{"rendered":"<div id=\"attachment_105\" class=\"wp-caption alignright\" style=\"width: 633px\"><a href=\"http:\/\/recherche-action.fr\/emancipation-transformation\/wp-content\/uploads\/sites\/16\/2017\/09\/1-bps_04299.jpg\"><img fetchpriority=\"high\" decoding=\"async\" class=\"size-full wp-image-105\" src=\"http:\/\/recherche-action.fr\/emancipation-transformation\/wp-content\/uploads\/sites\/16\/2017\/09\/1-bps_04299.jpg\" alt=\"\" width=\"633\" height=\"559\" srcset=\"http:\/\/recherche-action.fr\/emancipation-transformation\/wp-content\/uploads\/sites\/16\/2017\/09\/1-bps_04299.jpg 633w, http:\/\/recherche-action.fr\/emancipation-transformation\/wp-content\/uploads\/sites\/16\/2017\/09\/1-bps_04299-300x265.jpg 300w\" sizes=\"(max-width: 633px) 100vw, 633px\" \/><\/a><p class=\"wp-caption-text\">Brooklyn Bridge, Showing Painters on Suspenders, October 7, 1914 &#8211; @ Eugene de Salignac<\/p><\/div>\n<h1>Avant-propos<\/h1>\n<p>Il y a une quinzaine d\u2019ann\u00e9es se d\u00e9veloppait le r\u00e9seau de recherche-action qui allait former le Laboratoire d\u2019Innovation Sociale par la Recherche-Action (<a href=\"http:\/\/recherche-action.fr\/labo-social\/\" target=\"_blank\" rel=\"noopener\">LISRA<\/a>). Ces espaces de rencontres et de croisements d\u2019exp\u00e9riences donna lieu en 2005 \u00e0 un premier dossier dans la revue les Cahiers de l\u2019Action de l\u2019Injep : <a href=\"http:\/\/www.injep.fr\/boutique\/cahiers-de-laction-jeunesses-pratiques-et-territoires\/espaces-populaires-de-creation-culturelle-enjeux-dune-recherche-action-situationnelle\/94.html\" target=\"_blank\" rel=\"noopener\">Espaces populaires de cr\u00e9ation culturelle : enjeux d&rsquo;une recherche-action situationnelle<\/a>. Nous pr\u00e9figurions d\u00e9j\u00e0 la n\u00e9cessit\u00e9 de reconna\u00eetre des \u00ab espaces interm\u00e9diaires de l\u2019existence \u00bb qui questionnent notre rapport au travail et repositionne notre implication socioprofessionnelle. Nous disions \u00e9galement que c\u2019est par la pratique d\u2019espaces \u00ab interstitiels \u00bb ou de \u00ab tiers espace \u00bb que se d\u00e9gage une force instituante : elle structure et reconfigure nos mani\u00e8res de faire collectif, de construire un territoire partag\u00e9 et de g\u00e9rer des ressources du commun, de d\u00e9velopper une analyse critique des rapports sociaux et de concevoir autrement un d\u00e9veloppement. Se dessine en toile de fond la possibilit\u00e9 de reconna\u00eetre une science citoyenne au c\u0153ur des enjeux sociaux qui s\u2019appuie sur ses propres crit\u00e8res de validation et d\u2019expertises parce que la mieux \u00e0 m\u00eame de travailler sur une complexit\u00e9 humaine qui constitue son lot quotidien.<\/p>\n<p>Certains des acteurs-chercheurs de l\u2019\u00e9poque rejoints par d\u2019autres proposent aujourd&rsquo;hui dans un nouveau dossier des Cahiers de l\u2019action de d\u00e9crire ce cheminement \u00e0 travers des \u00ab espaces d\u2019\u00e9mancipation collective et de transformation sociale \u00bb. Le dossier lui-m\u00eame se comprend comme un programme de recherche-action exp\u00e9rimentant de nouveaux espaces puisqu\u2019une des \u00e9tapes de son \u00e9criture collective s\u2019incarnera par l\u2019organisation le 16 octobre d\u2019un forum d\u00e9bat \u00e0 la Maison des sciences de l\u2019homme Paris-Nord en partenariat avec l\u2019Injep. Il se poursuivra en 2018 autour de la publication du dossier par de nouvelles initiatives. Il ne s\u2019agit pas simplement de compiler un certain nombre d\u2019exp\u00e9riences dites \u00ab innovantes \u00bb ou \u00ab singuli\u00e8res \u00bb mais de contribuer \u00e0 \u00e9chafauder de nouveaux r\u00e9f\u00e9rentiels amenant \u00e0 penser la r\u00e9alit\u00e9 autrement et par cons\u00e9quent agir sur elle.<\/p>\n<p>En effet, la prise en compte d\u2019un d\u00e9veloppement endog\u00e8ne des territoires soucieux des personnes et de leur environnement se heurte \u00e0 la difficult\u00e9 de forger de nouveaux cadres de pens\u00e9e et d\u2019action susceptibles de prendre en compte ces processus. Le programme de recherche-action confirme la n\u00e9cessit\u00e9 de produire une connaissance croisant savoir profane issu de l\u2019exp\u00e9rience, savoir technicien issu des corps de m\u00e9tier et savoir scientifique issu de l\u2019analyse conceptuelle des situations. Le principe de notre laboratoire social est alors de jouer le r\u00f4le d\u2019interface en cr\u00e9ant les conditions d\u2019une recherche collaborative entre des dynamiques \u00e9mergeant des territoires \u00ab sous le radar des observatoires officiels \u00bb et des organismes de recherche susceptibles de soutenir la production d\u2019une connaissance issue de l\u2019exp\u00e9rimentation sociale. C&rsquo;est dans ce sens que se con\u00e7oit notre partenariat avec la <a href=\"http:\/\/www.mshparisnord.fr\/fr\/actualites\/manifestations-scientifiques\/item\/2041-les-chercheurs-et-laction.html\" target=\"_blank\" rel=\"noopener\">Maison des Sciences de l&rsquo;Homme Paris Nord<\/a> et notre implication dans d&rsquo;autres collectifs inter-partenaires et inter-disciplinaires comme celui des <a href=\"http:\/\/recherche-action.fr\/croisonslessavoirs\/\" target=\"_blank\" rel=\"noopener\">recherches participatives et en croisement des savoirs avec des personnes en situation de pauvret\u00e9<\/a>.<\/p>\n<h1><a href=\"http:\/\/recherche-action.fr\/emancipation-transformation\/wp-content\/uploads\/sites\/16\/2017\/09\/A3-emancipation-transformation-16octobre2017-2.jpg\"><img decoding=\"async\" class=\"alignright size-large wp-image-114\" src=\"http:\/\/recherche-action.fr\/emancipation-transformation\/wp-content\/uploads\/sites\/16\/2017\/09\/A3-emancipation-transformation-16octobre2017-2-743x1024.jpg\" alt=\"\" width=\"646\" height=\"890\" srcset=\"http:\/\/recherche-action.fr\/emancipation-transformation\/wp-content\/uploads\/sites\/16\/2017\/09\/A3-emancipation-transformation-16octobre2017-2-743x1024.jpg 743w, http:\/\/recherche-action.fr\/emancipation-transformation\/wp-content\/uploads\/sites\/16\/2017\/09\/A3-emancipation-transformation-16octobre2017-2-218x300.jpg 218w, http:\/\/recherche-action.fr\/emancipation-transformation\/wp-content\/uploads\/sites\/16\/2017\/09\/A3-emancipation-transformation-16octobre2017-2-768x1059.jpg 768w, http:\/\/recherche-action.fr\/emancipation-transformation\/wp-content\/uploads\/sites\/16\/2017\/09\/A3-emancipation-transformation-16octobre2017-2.jpg 855w\" sizes=\"(max-width: 646px) 100vw, 646px\" \/><\/a>Forum<\/h1>\n<p>Les acteurs-chercheurs en r\u00e9seau avec le Laboratoire d&rsquo;Innovation Sociale par la Recherche-Action sont heureux de vous inviter \u00e0 un forum public pour partager leurs exp\u00e9riences. Ce forum sera organis\u00e9 en partenariat avec la Maison des Sciences de l\u2019Homme Paris-Nord et l\u2019Institut National de la Jeunesse et l\u2019\u00c9ducation Populaire.<\/p>\n<p>Le but de cette rencontre est de permettre aux diff\u00e9rents acteurs d&rsquo;une recherche-action de documenter et de l\u00e9gitimer la posture d&rsquo;\u2019acteur-chercheur, de valider leur exp\u00e9rience, de d\u00e9gager leurs propres r\u00e9f\u00e9rentiels en tant qu&rsquo;outils d\u2019expertise et d\u2019\u00e9valuation r\u00e9pondants aux besoins soci\u00e9taux.<\/p>\n<p>Le croisement de ces exp\u00e9riences et de ces r\u00e9flexions alimentera un num\u00e9ro de la revue \u00ab Cahiers de l\u2019Action \u00bb de l\u2019INJEP (\u00e0 para\u00eetre au deuxi\u00e8me semestre 2018).\u00a0 Il visera \u00e9galement \u00e0 ouvrir une r\u00e9flexion future sur livre blanc des sciences participatives (Prendre au s\u00e9rieux la soci\u00e9t\u00e9 de la connaissance\u00a0\u00bb, Alliss, Sciences Soci\u00e9t\u00e9s) \u00e0 la MSH Paris Nord.<\/p>\n<ul>\n<li>Entr\u00e9e libre,<a href=\"http:\/\/recherche-action.fr\/emancipation-transformation\/inscription\/\"> Inscription sur le site<\/a><\/li>\n<li>Pour <a href=\"https:\/\/www.cairn.info\/revue-cahiers-de-l-action.htm\" target=\"_blank\" rel=\"noopener\">consulter d&rsquo;autres num\u00e9ros<\/a> de la revue des cahiers de l&rsquo;action<\/li>\n<\/ul>\n<h2>9h Accueil<\/h2>\n<h2>9h30 introduction sur la d\u00e9marche en recherche-action \u00e0 travers les espaces d\u2019\u00e9mancipation et de transformation<\/h2>\n<p>Quelles sont les conditions d\u2019une autonomie de pens\u00e9e et d\u2019action? Quelles m\u00e9thodes validation et valorisation adopter pour que les recherches-actions et les sciences dites \u00ab participatives \u00bb contribuent effectivement aux processus d\u2019\u00e9mancipation et de transformation ?<br \/>\nAvec Alain Bertho, MSH &#8211; Emmanuel Porte, INJEP &#8211; Hugues Bazin, LISRA<\/p>\n<h2>10h-13h forum<\/h2>\n<p>Les exp\u00e9riences relat\u00e9es \u00e9mergent en d\u00e9calage par rapport aux structures institu\u00e9es, dans des zones plus ou moins d\u00e9laiss\u00e9es ou sans emprise, o\u00f9 les acteurs-chercheurs construisent leurs propres r\u00e9f\u00e9rentiels d\u2019analyse et dispositifs d\u2019action, \u00e0 travers une pratique des espaces. Que nous disent ces exp\u00e9riences ? De quelles mutations, transitions, m\u00e9tamorphoses sont-elles le signe ? L\u00e9gitimer ces espaces comme autant de laboratoires citoyens d\u2019un processus d\u2019\u00e9mancipation collective et de transformation sociale est un enjeu que pose ce forum, qui se con\u00e7oit alors lui-m\u00eame comme l\u2019exp\u00e9rimentation d\u2019un espace de partage en recherche-action.<\/p>\n<h3>Un autre rapport au travail qui nous travaille<\/h3>\n<p>Comment une pratique en \u00ab tiers espaces \u00bb permet d\u2019interroger notre rapport au travail, les mod\u00e8les entrepreneuriaux et \u00e9conomiques ?<\/p>\n<ul>\n<li><a href=\"http:\/\/recherche-action.fr\/emancipation-transformation\/2017\/09\/19\/education-populaire-et-action-syndicale-se-reconnaitre-sapprendre-en-se-decalant\/\">\u00c9ducation populaire et action syndicale : S&rsquo;apprendre, se reconna\u00eetre, se d\u00e9caler<\/a> (Anne Meyer)<\/li>\n<li><a href=\"http:\/\/recherche-action.fr\/emancipation-transformation\/2017\/10\/02\/latelier-beaucoup-avec-pas-grand-chose\/\">Faire des trucs d\u2019Atelier : beaucoup avec pas grand-chose<\/a> (Anton)<\/li>\n<li><a href=\"http:\/\/recherche-action.fr\/emancipation-transformation\/2017\/10\/10\/denouer-le-travail-lexperience-du-cycle-travail-comme-recherche-et-autoformation-collective\/\">D\u00e9nouer le travail. L&rsquo;exp\u00e9rience du Cycle Travail comme autoformation collective <\/a>(Nicolas Guerrier)<\/li>\n<li><a href=\"http:\/\/recherche-action.fr\/emancipation-transformation\/2017\/10\/09\/les-economies-populaires-au-croisement-des-savoirs-les-ateliers-biffin\/\">Les \u00e9conomies populaires au croisement des savoirs Les ateliers biffins : le programme de recherche-action \u00ab\u00a0Rues Marchandes\u00a0\u00bb<\/a> (Jeanne Guien,\u00a0 Ma\u00eblle Cappello)<\/li>\n<li><a href=\"http:\/\/recherche-action.fr\/emancipation-transformation\/2017\/10\/07\/passer-de-la-notion-denvironnement-a-celle-de-milieu-grace-aux-pratiques-en-pedagogie-sociale\/\">Passer de l&rsquo;environnement au milieu, la question de la transformation du rapport \u00e0 l&rsquo;espace en P\u00e9dagogie sociale<\/a> (Laurent Ott).<\/li>\n<\/ul>\n<h3>Un autre rapport au territoire qui transforme<\/h3>\n<p>Comment le territoire peut-il se transformer en termes d\u2019am\u00e9nagement et d\u2019\u00e9cod\u00e9veloppement \u00e0 partir de ses propres ressources d\u2019une pratique au rez-de-chauss\u00e9e des villes et des campagnes\u00a0?<\/p>\n<ul>\n<li><a href=\"http:\/\/recherche-action.fr\/emancipation-transformation\/2017\/09\/26\/de-limaginaire-au-reel-lien-entre-tiers-espace-collectifs-et-territoire\/\">De l\u2019imaginaire au r\u00e9el, lien entre tiers-espace, collectifs et territoire<\/a> (Christine Bala\u00ef)<\/li>\n<li><a href=\"http:\/\/recherche-action.fr\/emancipation-transformation\/2017\/10\/07\/habiter-autrement-des-squats-comme-lecon-darchitecture\/\">Habiter autrement : des squats comme le\u00e7on d&rsquo;architecture<\/a> (Arthur Bel)<\/li>\n<li><a href=\"http:\/\/recherche-action.fr\/emancipation-transformation\/2017\/09\/19\/lieux-numeriques\/\">Lieux num\u00e9riques : entre pratiques populaires et r\u00e9appropriation locale des technologie<\/a>s, (julien Bellanger)<\/li>\n<li><a href=\"http:\/\/recherche-action.fr\/emancipation-transformation\/2017\/09\/25\/du-bidonville-au-lieu-de-vie-la-redefinition-de-lespace-du-bidonville-a-travers-les-arts-politiques-et-leducation-populaire\/\">Du bidonville au lieu de vie. La requalification de l&rsquo;espace \u00e0 travers les arts politiques et l&rsquo;\u00e9ducation populaire<\/a> (Victoria Zorraquin).<\/li>\n<li><a href=\"http:\/\/recherche-action.fr\/emancipation-transformation\/2017\/10\/05\/un-centre-socioculturel-embarque-sur-une-peniche-pour-la-paix-ou-les-singularites-de-lespace-fluvial\/\">Un centre socioculturel embarqu\u00e9 sur une p\u00e9niche, singularit\u00e9s de l&rsquo;espace fluvial <\/a>(\u00c9ric Sapin)<\/li>\n<\/ul>\n<h3>Un autre rapport \u00e0 l\u2019espace qui \u00e9mancipe<\/h3>\n<p>En quoi la pratique de ces espaces sans lieu et sans projet, bas\u00e9s sur l\u2019accueil inconditionnel et la prise en compte de l\u2019environnement, fabrique une culture commune et un cadre autonome de pens\u00e9e et d\u2019action ?<\/p>\n<ul>\n<li><a href=\"http:\/\/recherche-action.fr\/emancipation-transformation\/2017\/09\/19\/debout-education-populaire-la-fabrique-sur-la-place-publique-dun-tiers-espace\/\">Debout Education Populaire : la fabrique sur la place publique d\u2019un tiers espace d\u00e9di\u00e9 au partage des savoirs, au d\u00e9veloppement de l&rsquo;esprit critique et la culture du commun<\/a> \u2013 (Camille Arnodin)<\/li>\n<li><a href=\"http:\/\/recherche-action.fr\/emancipation-transformation\/2017\/09\/24\/la-chimere-citoyenne-espace-ouvert-a-tous-qui-ne-propose-rien-et-ou-tout-est-possible\/\">La chim\u00e8re citoyenne,\u00a0 Espace ouvert \u00e0 tous, qui ne propose rien et o\u00f9 tout est possible<\/a> (\u00c9lisabeth S\u00e9n\u00e9gas, Marie Fran\u00e7oise Gondol)<\/li>\n<li><a href=\"http:\/\/recherche-action.fr\/emancipation-transformation\/2017\/10\/03\/des-tiers-espaces-demancipation-par-laction\/\">Des Tiers-Espaces d&rsquo;\u00e9mancipation par l&rsquo;action <\/a>(Christophe Giroguy et le collectif des UtopienNEs )<\/li>\n<li><a href=\"http:\/\/recherche-action.fr\/emancipation-transformation\/2017\/10\/11\/la-nuit-nous-appartient-mediation-nomade-dans-les-quartiers-populaires\/\">\u00ab\u00a0La nuit nous appartient\u00a0\u00bb, M\u00e9diation Nomade dans les quartiers populaires<\/a> (Lakdar Kherfi)<\/li>\n<li><a href=\"http:\/\/recherche-action.fr\/emancipation-transformation\/2017\/10\/05\/systeme-bulle-pour-une-pratique-architecturale-citoyenne-et-engagee\/\">Syst\u00e8me Bulle. Architecture gonflable et pratiques urbaines exp\u00e9rimentales et engag\u00e9es<\/a>. (Simon Cobigo)<\/li>\n<\/ul>\n<p>&nbsp;<\/p>\n<h2>14h30-18h Atelier de recherche-action<\/h2>\n<p>Le forum sera suivi l\u2019apr\u00e8s-midi d\u2019un atelier interne au r\u00e9seau recherche-action qui portera sur les perspectives de cette mise en dialogue d&rsquo;exp\u00e9riences en termes m\u00e9thodologiques et strat\u00e9giques. Si vous \u00eates vous-m\u00eame inscrit dans une d\u00e9marche recherche-action, il est possible d\u2019y participer sur demande motiv\u00e9e dans la limite des places disponibles, <a href=\"http:\/\/recherche-action.fr\/emancipation-transformation\/inscription\/\">inscription sur le site<\/a><\/p>\n<div class=\"wpfilebase-file-default\" onclick=\"if('undefined' == typeof event.target.href) document.getElementById('wpfb-file-link-1').click();\">\r\n  <div class=\"icon\"><a href=\"http:\/\/recherche-action.fr\/emancipation-transformation\/download\/dossier-forum-16-10-17_impression.pdf\" target=\"_blank\" title=\"Download Dossier Forum 16-10-17\"><img decoding=\"async\" align=\"middle\" src=\"http:\/\/recherche-action.fr\/emancipation-transformation\/wp-includes\/images\/crystal\/document.png\" alt=\"Dossier Forum 16-10-17\" \/><\/a><\/div>\r\n  <div class=\"filetitle\">\r\n    <a href=\"http:\/\/recherche-action.fr\/emancipation-transformation\/download\/dossier-forum-16-10-17_impression.pdf\" title=\"Download Dossier Forum 16-10-17\" target=\"_blank\" id=\"wpfb-file-link-1\">Dossier Forum 16-10-17<\/a>\r\n    \r\n    <br \/>\r\n    dossier-forum-16-10-17_impression.pdf<br \/>\r\n    \r\n  <\/div>\r\n  <div class=\"info\">\r\n    1.4 MiB<br \/>\r\n    887 Downloads<br \/>\r\n    <a href=\"#\" onclick=\"return wpfilebase_filedetails(1);\">D\u00e9tails<\/a>\r\n  <\/div>\r\n  <div class=\"details\" id=\"wpfilebase-filedetails1\" style=\"display: none;\">\r\n  \r\n  <table border=\"0\">\r\n   \r\n   \r\n   <tr><td><strong>Plateformes:<\/strong><\/td><td>Windows 8<\/td><\/tr>\r\n   \r\n   \r\n   \r\n   <tr><td><strong>Date:<\/strong><\/td><td>12 octobre 2017<\/td><\/tr>\r\n  <\/table>\r\n  <\/div>\r\n <div style=\"clear: both;\"><\/div>\r\n<\/div>\n<div class=\"wpfilebase-file-default\" onclick=\"if('undefined' == typeof event.target.href) document.getElementById('wpfb-file-link-2').click();\">\r\n  <div class=\"icon\"><a href=\"http:\/\/recherche-action.fr\/emancipation-transformation\/download\/invitation-forum-16-ocot-LISRA-INJEP-MSH.pdf\" target=\"_blank\" title=\"Download Invitation Forum 16 Ocot LISRA INJEP MSH\"><img decoding=\"async\" align=\"middle\" src=\"http:\/\/recherche-action.fr\/emancipation-transformation\/wp-includes\/images\/crystal\/document.png\" alt=\"Invitation Forum 16 Ocot LISRA INJEP MSH\" \/><\/a><\/div>\r\n  <div class=\"filetitle\">\r\n    <a href=\"http:\/\/recherche-action.fr\/emancipation-transformation\/download\/invitation-forum-16-ocot-LISRA-INJEP-MSH.pdf\" title=\"Download Invitation Forum 16 Ocot LISRA INJEP MSH\" target=\"_blank\" id=\"wpfb-file-link-2\">Invitation Forum 16 Ocot LISRA INJEP MSH<\/a>\r\n    \r\n    <br \/>\r\n    invitation-forum-16-ocot-LISRA-INJEP-MSH.pdf<br \/>\r\n    \r\n  <\/div>\r\n  <div class=\"info\">\r\n    337.6 KiB<br \/>\r\n    1317 Downloads<br \/>\r\n    <a href=\"#\" onclick=\"return wpfilebase_filedetails(2);\">D\u00e9tails<\/a>\r\n  <\/div>\r\n  <div class=\"details\" id=\"wpfilebase-filedetails2\" style=\"display: none;\">\r\n  \r\n  <table border=\"0\">\r\n   \r\n   \r\n   \r\n   \r\n   \r\n   \r\n   <tr><td><strong>Date:<\/strong><\/td><td>19 septembre 2017<\/td><\/tr>\r\n  <\/table>\r\n  <\/div>\r\n <div style=\"clear: both;\"><\/div>\r\n<\/div>\n","protected":false},"excerpt":{"rendered":"<p>Avant-propos Il y a une quinzaine d\u2019ann\u00e9es se d\u00e9veloppait le r\u00e9seau de recherche-action qui allait former le Laboratoire d\u2019Innovation Sociale par la Recherche-Action (LISRA). Ces espaces de rencontres et de croisements d\u2019exp\u00e9riences donna lieu en 2005 \u00e0 un premier dossier dans la revue les Cahiers de l\u2019Action de l\u2019Injep : Espaces populaires de cr\u00e9ation culturelle [&hellip;]<\/p>\n","protected":false},"author":1,"featured_media":0,"parent":173,"menu_order":0,"comment_status":"closed","ping_status":"closed","template":"full-width.php","meta":{"jetpack_post_was_ever_published":false,"footnotes":""},"class_list":["post-28","page","type-page","status-publish","hentry"],"jetpack_sharing_enabled":true,"jetpack_shortlink":"https:\/\/wp.me\/P99TIZ-s","post_mailing_queue_ids":[],"_links":{"self":[{"href":"http:\/\/recherche-action.fr\/emancipation-transformation\/wp-json\/wp\/v2\/pages\/28","targetHints":{"allow":["GET"]}}],"collection":[{"href":"http:\/\/recherche-action.fr\/emancipation-transformation\/wp-json\/wp\/v2\/pages"}],"about":[{"href":"http:\/\/recherche-action.fr\/emancipation-transformation\/wp-json\/wp\/v2\/types\/page"}],"author":[{"embeddable":true,"href":"http:\/\/recherche-action.fr\/emancipation-transformation\/wp-json\/wp\/v2\/users\/1"}],"replies":[{"embeddable":true,"href":"http:\/\/recherche-action.fr\/emancipation-transformation\/wp-json\/wp\/v2\/comments?post=28"}],"version-history":[{"count":29,"href":"http:\/\/recherche-action.fr\/emancipation-transformation\/wp-json\/wp\/v2\/pages\/28\/revisions"}],"predecessor-version":[{"id":215,"href":"http:\/\/recherche-action.fr\/emancipation-transformation\/wp-json\/wp\/v2\/pages\/28\/revisions\/215"}],"up":[{"embeddable":true,"href":"http:\/\/recherche-action.fr\/emancipation-transformation\/wp-json\/wp\/v2\/pages\/173"}],"wp:attachment":[{"href":"http:\/\/recherche-action.fr\/emancipation-transformation\/wp-json\/wp\/v2\/media?parent=28"}],"curies":[{"name":"wp","href":"https:\/\/api.w.org\/{rel}","templated":true}]}}