{"id":580,"date":"2015-03-30T03:36:38","date_gmt":"2015-03-30T01:36:38","guid":{"rendered":"http:\/\/recherche-action.fr\/labo-social\/?page_id=580"},"modified":"2024-10-03T00:03:29","modified_gmt":"2024-10-02T22:03:29","slug":"faq","status":"publish","type":"page","link":"http:\/\/recherche-action.fr\/labo-social\/docs\/faq\/","title":{"rendered":"FAQ"},"content":{"rendered":"<p><span style=\"color: #339966;\"><strong>Questions fr\u00e9quentes sur la recherche-action<\/strong><\/span> : tout ce que vous avez voulu savoir sur recherche-action en 4 chapitres et 15 questions<\/p>\n\n\n<p><\/p>\n","protected":false},"excerpt":{"rendered":"<p>Questions fr\u00e9quentes sur la recherche-action : tout ce que vous avez voulu savoir sur recherche-action en 4 chapitres et 15 questions<\/p>\n","protected":false},"author":1,"featured_media":0,"parent":586,"menu_order":0,"comment_status":"open","ping_status":"closed","template":"","meta":{"footnotes":"","_links_to":"","_links_to_target":""},"class_list":["post-580","page","type-page","status-publish","hentry"],"jetpack_sharing_enabled":true,"jetpack_shortlink":"https:\/\/wp.me\/P3rD7a-9m","jetpack-related-posts":[{"id":182,"url":"http:\/\/recherche-action.fr\/labo-social\/docs\/methodo\/la-recherche-collaborative\/","url_meta":{"origin":580,"position":0},"title":"La recherche collaborative","author":"Hugues Bazin","date":"25 d\u00e9cembre 2013","format":false,"excerpt":"Le \u00ab\u00a0partenariat de recherche\u00a0\u00bb est une autre mani\u00e8re de traduire la recherche-action en termes de dispositif. Le partenariat inclut des personnes morales et physiques (organisations, association, communaut\u00e9). Il peut prendre diff\u00e9rents \u00e9nonc\u00e9s\u00a0: recherche partenariale[1], recherche-action participative, recherche collaborative, community-based research. Ces formes de recherche se rejoignent sur l\u2019int\u00e9r\u00eat d\u2019\u00e9tablir des\u2026","rel":"","context":"Article similaire","block_context":{"text":"Article similaire","link":""},"img":{"alt_text":"","src":"","width":0,"height":0},"classes":[]},{"id":4337,"url":"http:\/\/recherche-action.fr\/labo-social\/docs\/presentation-du-lisra\/travail-de-la-culture\/","url_meta":{"origin":580,"position":1},"title":"Travail de la culture","author":"Hugues Bazin","date":"30 juillet 2019","format":false,"excerpt":"A l'origine du LISRA existait le r\u00e9seau \"Espaces Populaires de Cr\u00e9ation Culturelle\" compos\u00e9 essentiellement d'acteurs culturels et d'artistes. La d\u00e9marche artistique et la d\u00e9marche de recherche-action ont en commun l\u2019exp\u00e9rimentation, l\u2019atelier, la r\u00e9flexivit\u00e9, des formes collaboratives, des jeux d\u2019interactions, la cr\u00e9ation de situations. Nous proposons d\u2019aborder ces \u00e9l\u00e9ments et ce\u2026","rel":"","context":"Article similaire","block_context":{"text":"Article similaire","link":""},"img":{"alt_text":"","src":"","width":0,"height":0},"classes":[]},{"id":4350,"url":"http:\/\/recherche-action.fr\/labo-social\/docs\/presentation-du-lisra\/experimentations-sociales\/","url_meta":{"origin":580,"position":2},"title":"Exp\u00e9rimentations sociales","author":"Hugues Bazin","date":"30 juillet 2019","format":false,"excerpt":"Nous essayons de faire en sorte que les acteurs trouvent les moyens et la libert\u00e9 d\u2019ouvrir l\u00e0 o\u00f9 ils sont dans leur cadre professionnel ou militant l\u2019espace d\u2019une r\u00e9flexivit\u00e9. La singularit\u00e9 de notre approche derri\u00e8re la notion de \u00ab labo social \u00bb est de mettre ces acteurs en position de\u2026","rel":"","context":"Article similaire","block_context":{"text":"Article similaire","link":""},"img":{"alt_text":"","src":"","width":0,"height":0},"classes":[]},{"id":771,"url":"http:\/\/recherche-action.fr\/labo-social\/docs\/presentation-du-lisra\/","url_meta":{"origin":580,"position":3},"title":"Pr\u00e9sentation","author":"Hugues Bazin","date":"4 janvier 2016","format":false,"excerpt":"Laboratoire d'Innovation Sociale par la Recherche-Action (LISRA) est une association 1901 issue d\u2019un r\u00e9seau \u00ab acteurs-chercheurs \u00bb qui s\u2019est d\u00e9velopp\u00e9 depuis une dizaine d\u2019ann\u00e9es. Ce sont des personnes ayant diff\u00e9rents parcours socioprofessionnels et qui adoptent dans leur cadre d\u2019activit\u00e9s une d\u00e9marche recherche-action tout en se reconnaissant dans manifeste. Pr\u00e9sentation du\u2026","rel":"","context":"Article similaire","block_context":{"text":"Article similaire","link":""},"img":{"alt_text":"","src":"","width":0,"height":0},"classes":[]},{"id":178,"url":"http:\/\/recherche-action.fr\/labo-social\/docs\/methodo\/recherche-formation\/","url_meta":{"origin":580,"position":4},"title":"Recherche-formation","author":"Hugues Bazin","date":"25 d\u00e9cembre 2013","format":false,"excerpt":"le LISRA peut aider \u00e0 un accompagnement \u00e0 l'auto-formation par la recherche-action, voici quelques dispositifs possibles : Les ateliers coop\u00e9ratifs Les ateliers coop\u00e9ratifs sont une d\u00e9clinaison du caract\u00e8re instituant de la formation en recherche-action. Ils s\u2019inscrivent directement dans la filiation des Coll\u00e8ges Coop\u00e9ratifs et prennent diff\u00e9rents \u00e9nonc\u00e9s \u00e0 l\u2019instar des\u2026","rel":"","context":"Article similaire","block_context":{"text":"Article similaire","link":""},"img":{"alt_text":"","src":"","width":0,"height":0},"classes":[]},{"id":4341,"url":"http:\/\/recherche-action.fr\/labo-social\/docs\/presentation-du-lisra\/recherches-collaboratives\/","url_meta":{"origin":580,"position":5},"title":"Recherches collaboratives","author":"Hugues Bazin","date":"30 juillet 2019","format":false,"excerpt":"Les savoirs techniciens sectoriels propres aux champs professionnels, acad\u00e9miques ou universitaires ont, par leur approche disciplinaire, du mal \u00e0 aborder la complexit\u00e9 des situations que nous \u00e9voquons, par le fait m\u00eame de leur division verticale et des enjeux cat\u00e9goriels internes aux institutions qui les portent. Nous n\u2019opposons pas ces savoirs,\u2026","rel":"","context":"Article similaire","block_context":{"text":"Article similaire","link":""},"img":{"alt_text":"","src":"","width":0,"height":0},"classes":[]}],"post_mailing_queue_ids":[],"_links":{"self":[{"href":"http:\/\/recherche-action.fr\/labo-social\/wp-json\/wp\/v2\/pages\/580","targetHints":{"allow":["GET"]}}],"collection":[{"href":"http:\/\/recherche-action.fr\/labo-social\/wp-json\/wp\/v2\/pages"}],"about":[{"href":"http:\/\/recherche-action.fr\/labo-social\/wp-json\/wp\/v2\/types\/page"}],"author":[{"embeddable":true,"href":"http:\/\/recherche-action.fr\/labo-social\/wp-json\/wp\/v2\/users\/1"}],"replies":[{"embeddable":true,"href":"http:\/\/recherche-action.fr\/labo-social\/wp-json\/wp\/v2\/comments?post=580"}],"version-history":[{"count":5,"href":"http:\/\/recherche-action.fr\/labo-social\/wp-json\/wp\/v2\/pages\/580\/revisions"}],"predecessor-version":[{"id":5337,"href":"http:\/\/recherche-action.fr\/labo-social\/wp-json\/wp\/v2\/pages\/580\/revisions\/5337"}],"up":[{"embeddable":true,"href":"http:\/\/recherche-action.fr\/labo-social\/wp-json\/wp\/v2\/pages\/586"}],"wp:attachment":[{"href":"http:\/\/recherche-action.fr\/labo-social\/wp-json\/wp\/v2\/media?parent=580"}],"curies":[{"name":"wp","href":"https:\/\/api.w.org\/{rel}","templated":true}]}}