{"id":17,"date":"2017-12-29T19:50:33","date_gmt":"2017-12-29T18:50:33","guid":{"rendered":"http:\/\/recherche-action.fr\/peps\/?page_id=17"},"modified":"2020-05-04T16:56:46","modified_gmt":"2020-05-04T14:56:46","slug":"telechargement","status":"publish","type":"page","link":"http:\/\/recherche-action.fr\/revue-peps\/telechargement\/","title":{"rendered":"T\u00e9l\u00e9chargement"},"content":{"rendered":"<!-- WPFB searchform --><form method=\"get\" class=\"search-form\" action=\"\"> \t<label> \t\t<span class=\"screen-reader-text\">Rechercher\u00a0:<\/span> \t\t<input type=\"search\" class=\"search-field\" placeholder=\"Rechercher\u2026\" value=\"\" name=\"wpfb_s\" title=\"Rechercher\u00a0:\"> \t<\/label> \t<input type=\"submit\" class=\"search-submit\" value=\"Rechercher\"><\/form> <!-- \/WPFB searchform -->\r\n<table>\r\n<thead>\r\n\t<tr><th scope=\"col\"><a href=\"\/revue-peps\/wp-json\/wp\/v2\/pages\/17?wpfb_file_sort=&lt;file_version\">No\/Date<\/a><\/th><th scope=\"col\"><a href=\"\/revue-peps\/wp-json\/wp\/v2\/pages\/17?wpfb_file_sort=&lt;file_name\">Titre<\/a><\/th><th scope=\"col\"><a href=\"\/revue-peps\/wp-json\/wp\/v2\/pages\/17?wpfb_file_sort=&lt;file_size\">Taille<\/a><\/th><th scope=\"col\"><a href=\"\/revue-peps\/wp-json\/wp\/v2\/pages\/17?wpfb_file_sort=&lt;file_hits\">Hits<\/a><\/th><\/tr>\r\n<\/thead>\r\n<tfoot>\r\n\t<tr><th scope=\"col\"><a href=\"\/revue-peps\/wp-json\/wp\/v2\/pages\/17?wpfb_file_sort=&lt;file_version\">No\/Date<\/a><\/th><th scope=\"col\"><a href=\"\/revue-peps\/wp-json\/wp\/v2\/pages\/17?wpfb_file_sort=&lt;file_name\">Titre<\/a><\/th><th scope=\"col\"><a href=\"\/revue-peps\/wp-json\/wp\/v2\/pages\/17?wpfb_file_sort=&lt;file_size\">Taille<\/a><\/th><th scope=\"col\"><a href=\"\/revue-peps\/wp-json\/wp\/v2\/pages\/17?wpfb_file_sort=&lt;file_hits\">Hits<\/a><\/th><\/tr>\r\n<\/tfoot>\r\n<tbody><tr><td colspan=\"3\" style=\"text-align:center;font-size:120%;\">Bulletin<\/td><\/tr><tr><td>No Peps Info - juin 1990<\/td><td><a href=\"http:\/\/recherche-action.fr\/revue-peps\/download\/bulletin\/9006_pepsinfo.pdf\">Bulletin - Juin 1990<\/a><\/td><td>1.1 MiB<\/td><td>359<\/td><\/tr><tr><td>No Peps Info - juillet 1990<\/td><td><a href=\"http:\/\/recherche-action.fr\/revue-peps\/download\/bulletin\/9007_pepsinfo.pdf\">Bulletin - Et\u00e9 1990<\/a><\/td><td>2.2 MiB<\/td><td>364<\/td><\/tr><tr><td>No Peps Info - Sept 1990<\/td><td><a href=\"http:\/\/recherche-action.fr\/revue-peps\/download\/bulletin\/9009_pepsinfo.pdf\">Bulletin - Septembre 1990<\/a><\/td><td>1.9 MiB<\/td><td>420<\/td><\/tr><tr><td>No Peps Info - octobre 1990<\/td><td><a href=\"http:\/\/recherche-action.fr\/revue-peps\/download\/bulletin\/9010_pepsinfo.pdf\">Bulletin - octobre 1990<\/a><\/td><td>2.1 MiB<\/td><td>297<\/td><\/tr><tr><td>No peps info - Janvier 1991<\/td><td><a href=\"http:\/\/recherche-action.fr\/revue-peps\/download\/bulletin\/9101_G.pdf\">Bulletin - janvier 1991<\/a><\/td><td>12.7 MiB<\/td><td>367<\/td><\/tr><tr><td>No peps Info - Juillet 1991<\/td><td><a href=\"http:\/\/recherche-action.fr\/revue-peps\/download\/bulletin\/9107_G.pdf\">Bulletin - Et\u00e9 1991<\/a><\/td><td>11.5 MiB<\/td><td>368<\/td><\/tr><tr><td colspan=\"3\" style=\"text-align:center;font-size:120%;\">Dossier<\/td><\/tr><tr><td>Dossier 1991<\/td><td><a href=\"http:\/\/recherche-action.fr\/revue-peps\/download\/dossier\/1991_culture-de-la-rue.pdf\">Dossier Cultures De La Rue - 1991<\/a><\/td><td>6.4 MiB<\/td><td>531<\/td><\/tr><tr><td colspan=\"3\" style=\"text-align:center;font-size:120%;\">Revue<\/td><\/tr><tr><td>No 10 - Nov - Dec 1984<\/td><td><a href=\"http:\/\/recherche-action.fr\/revue-peps\/download\/revue\/10C.pdf\">L&#039;avenir du social<\/a><\/td><td>3.9 MiB<\/td><td>355<\/td><\/tr><tr><td>No 12 - Mars\/Avril 1985<\/td><td><a href=\"http:\/\/recherche-action.fr\/revue-peps\/download\/revue\/12C.pdf\">Syndicats, associations : quelles r\u00e9ponses face aux mutations du social ?<\/a><\/td><td>3.9 MiB<\/td><td>480<\/td><\/tr><tr><td>No 13 - Et\u00e9 1985<\/td><td><a href=\"http:\/\/recherche-action.fr\/revue-peps\/download\/revue\/13C.pdf\">Relation \u00e9ducative et familiale<\/a><\/td><td>2.6 MiB<\/td><td>458<\/td><\/tr><tr><td>No 14 - Sept\/Oct 1985<\/td><td><a href=\"http:\/\/recherche-action.fr\/revue-peps\/download\/revue\/14C.pdf\">Travail social en milieu psychiatrique<\/a><\/td><td>3.7 MiB<\/td><td>605<\/td><\/tr><tr><td>No 15\/16 - Hivers 1985-86<\/td><td><a href=\"http:\/\/recherche-action.fr\/revue-peps\/download\/revue\/15C.pdf\">Nouvelles pratiques sociales et \u00e9conomiques <\/a><\/td><td>9.1 MiB<\/td><td>376<\/td><\/tr><tr><td>No 17 - Mars \/ Avril 1986<\/td><td><a href=\"http:\/\/recherche-action.fr\/revue-peps\/download\/revue\/17C.pdf\">Partis politiques et travail social<\/a><\/td><td>3.4 MiB<\/td><td>361<\/td><\/tr><tr><td>No 18 - Janv\/Fev 1987<\/td><td><a href=\"http:\/\/recherche-action.fr\/revue-peps\/download\/revue\/18C.pdf\">Ca bouge chez les travailleurs sociaux<\/a><\/td><td>2.0 MiB<\/td><td>350<\/td><\/tr><tr><td>No 19 - mars\/avril 19887<\/td><td><a href=\"http:\/\/recherche-action.fr\/revue-peps\/download\/revue\/19C.pdf\">Soyons Cr\u00e9atif<\/a><\/td><td>2.8 MiB<\/td><td>363<\/td><\/tr><tr><td>No 21 - Sept \/ octo 1987<\/td><td><a href=\"http:\/\/recherche-action.fr\/revue-peps\/download\/revue\/21C.pdf\">Formation initiale des travailleurs sociaux<\/a><\/td><td>3.4 MiB<\/td><td>397<\/td><\/tr><tr><td>No 22 - Nov \/ Dec 1987<\/td><td><a href=\"http:\/\/recherche-action.fr\/revue-peps\/download\/revue\/22C.pdf\">Le d\u00e9veloppement local en milieu rural<\/a><\/td><td>3.9 MiB<\/td><td>432<\/td><\/tr><tr><td>No 23 - Janv \/ Fev 1988<\/td><td><a href=\"http:\/\/recherche-action.fr\/revue-peps\/download\/revue\/23C.pdf\">Le code de la nationalit\u00e9<\/a><\/td><td>3.8 MiB<\/td><td>349<\/td><\/tr><tr><td>No 25 - Mai \/ Juin 1988<\/td><td><a href=\"http:\/\/recherche-action.fr\/revue-peps\/download\/revue\/25C.pdf\">Travail social et r\u00e9seaux<\/a><\/td><td>3.9 MiB<\/td><td>352<\/td><\/tr><tr><td>No 26 - Sept\/Oct 1988<\/td><td><a href=\"http:\/\/recherche-action.fr\/revue-peps\/download\/revue\/26C.pdf\">Lib\u00e9rer les id\u00e9es pour sortir des prisons<\/a><\/td><td>5.9 MiB<\/td><td>368<\/td><\/tr><tr><td>No 29 - Ete 1989<\/td><td><a href=\"http:\/\/recherche-action.fr\/revue-peps\/download\/revue\/29c.pdf\">R\u00e9ussite scolaire<\/a><\/td><td>3.7 MiB<\/td><td>633<\/td><\/tr><tr><td>No 30 - Sept \/ Oct 1989<\/td><td><a href=\"http:\/\/recherche-action.fr\/revue-peps\/download\/revue\/30_C.pdf\">Travail Social et Bicentenaire de la R\u00e9volution<\/a><\/td><td>4.9 MiB<\/td><td>753<\/td><\/tr><tr><td>No 31 - Nov \/Dec 1989<\/td><td><a href=\"http:\/\/recherche-action.fr\/revue-peps\/download\/revue\/31C.pdf\">Malaise dans le travail social<\/a><\/td><td>4.1 MiB<\/td><td>400<\/td><\/tr><tr><td>No 39 - Avr\/Juin 1992<\/td><td><a href=\"http:\/\/recherche-action.fr\/revue-peps\/download\/revue\/39C.pdf\">Immigration, figure \u00e9clair\u00e9e, regard \u00e9trange<\/a><\/td><td>8.5 MiB<\/td><td>426<\/td><\/tr><tr><td>No 40 - Juil\/Sept 1992<\/td><td><a href=\"http:\/\/recherche-action.fr\/revue-peps\/download\/revue\/40c.pdf\">Femme immigr\u00e9e d&#039;une rive \u00e0 l&#039;autre<\/a><\/td><td>6.6 MiB<\/td><td>364<\/td><\/tr><tr><td>No 41 - Janv\/Mars 1993<\/td><td><a href=\"http:\/\/recherche-action.fr\/revue-peps\/download\/revue\/41C.pdf\">Les figures de l&#039;insertion<\/a><\/td><td>7.3 MiB<\/td><td>438<\/td><\/tr><tr><td>No 43 - Juil\/Sept 93<\/td><td><a href=\"http:\/\/recherche-action.fr\/revue-peps\/download\/revue\/43C.pdf\">Assistantes sociales : le mouvement CONCASS<\/a><\/td><td>8.3 MiB<\/td><td>784<\/td><\/tr><tr><td>No 44 - Oct\/D\u00e9c 1993<\/td><td><a href=\"http:\/\/recherche-action.fr\/revue-peps\/download\/revue\/44C.pdf\">La place de l&#039;\u00e9criture dans le travail social<\/a><\/td><td>5.5 MiB<\/td><td>379<\/td><\/tr><tr><td>No 48 - Oct\/Dec 1994<\/td><td><a href=\"http:\/\/recherche-action.fr\/revue-peps\/download\/revue\/48C.pdf\">Y a-t-il encore un travailleur social dans le secteur ?<\/a><\/td><td>6.2 MiB<\/td><td>725<\/td><\/tr><tr><td>No 04 - Juin\/Aout 1983<\/td><td><a href=\"http:\/\/recherche-action.fr\/revue-peps\/download\/revue\/4C.pdf\">Travail social, des professions qui se cherchent<\/a><\/td><td>3.3 MiB<\/td><td>336<\/td><\/tr><tr><td>No 50 - Avril\/Juin 1995<\/td><td><a href=\"http:\/\/recherche-action.fr\/revue-peps\/download\/revue\/50.pdf\">L&#039;acc\u00e8s au logement<\/a><\/td><td>12.1 MiB<\/td><td>421<\/td><\/tr><tr><td>No 51- Juil \/ Sept 95<\/td><td><a href=\"http:\/\/recherche-action.fr\/revue-peps\/download\/revue\/51C.pdf\">Les parcours professionnels<\/a><\/td><td>6.0 MiB<\/td><td>376<\/td><\/tr><tr><td>No 52\/53 - 2nd semestre 1996<\/td><td><a href=\"http:\/\/recherche-action.fr\/revue-peps\/download\/revue\/52.pdf\">Nouvelles approches<\/a><\/td><td>5.7 MiB<\/td><td>343<\/td><\/tr><tr><td>No 54\/55 - 1er semstre 1997<\/td><td><a href=\"http:\/\/recherche-action.fr\/revue-peps\/download\/revue\/54.pdf\">Reconnaissance et validation des acquis<\/a><\/td><td>6.9 MiB<\/td><td>327<\/td><\/tr><tr><td>No 58\/59 - 1998<\/td><td><a href=\"http:\/\/recherche-action.fr\/revue-peps\/download\/revue\/58.pdf\">Sujets et Institutions<\/a><\/td><td>3.9 MiB<\/td><td>366<\/td><\/tr><tr><td>No 05 - Sept \/ Ocot 1983<\/td><td><a href=\"http:\/\/recherche-action.fr\/revue-peps\/download\/revue\/5N.pdf\">Le PEPS nouveau est arriv\u00e9<\/a><\/td><td>2.8 MiB<\/td><td>414<\/td><\/tr><tr><td>No 06 - Dec 83 \/ Janv 1984<\/td><td><a href=\"http:\/\/recherche-action.fr\/revue-peps\/download\/revue\/6C.pdf\">Enfance inadapt\u00e9e<\/a><\/td><td>3.7 MiB<\/td><td>687<\/td><\/tr><tr><td>No 07 -  Fev \/ Mars 1984<\/td><td><a href=\"http:\/\/recherche-action.fr\/revue-peps\/download\/revue\/7C.pdf\">Vieillesse<\/a><\/td><td>3.6 MiB<\/td><td>435<\/td><\/tr><tr><td>No 08 - Avril\/Mai 1984<\/td><td><a href=\"http:\/\/recherche-action.fr\/revue-peps\/download\/revue\/8C.pdf\">Economie sociale<\/a><\/td><td>3.6 MiB<\/td><td>410<\/td><\/tr><tr><td>No 09 - Juil 1984<\/td><td><a href=\"http:\/\/recherche-action.fr\/revue-peps\/download\/revue\/9C.pdf\">Circonscription - Coordination, quel avenir ?<\/a><\/td><td>3.6 MiB<\/td><td>453<\/td><\/tr><tr><td>No 03 \u2013 Mars-Avril 1983<\/td><td><a href=\"http:\/\/recherche-action.fr\/revue-peps\/download\/revue\/peps03.pdf\">Quelles formations pour quels travailleurs sociaux <\/a><\/td><td>3.6 MiB<\/td><td>365<\/td><\/tr><tr><td>No 01 - Nov\/D\u00e9c 1982<\/td><td><a href=\"http:\/\/recherche-action.fr\/revue-peps\/download\/revue\/PEPS1.pdf\">D\u00e9centralisation : la paille et le grain<\/a><\/td><td>17.6 MiB<\/td><td>408<\/td><\/tr><tr><td>No 11 - Janv \/ Fev 1985<\/td><td><a href=\"http:\/\/recherche-action.fr\/revue-peps\/download\/revue\/PEPS11_web.pdf\">Les \u00e9lus face au social<\/a><\/td><td>4.1 MiB<\/td><td>435<\/td><\/tr><tr><td>No 02 - Janv\/Fev 1983<\/td><td><a href=\"http:\/\/recherche-action.fr\/revue-peps\/download\/revue\/peps2.pdf\">Ilots sensibles : de l&#039;Etat providence au quartier de solidarit\u00e9<\/a><\/td><td>26.7 MiB<\/td><td>536<\/td><\/tr><tr><td>No 20 - Mai\/Juin 1987<\/td><td><a href=\"http:\/\/recherche-action.fr\/revue-peps\/download\/revue\/peps20.pdf\">Travail social, travail pour la paix<\/a><\/td><td>3.8 MiB<\/td><td>434<\/td><\/tr><tr><td>No 24 - mars-avril 1988<\/td><td><a href=\"http:\/\/recherche-action.fr\/revue-peps\/download\/revue\/peps24_coul.pdf\">Que dites vous apr\u00e8s avoir dit &quot;toxicomanie&quot; ?<\/a><\/td><td>4.5 MiB<\/td><td>354<\/td><\/tr><tr><td>No 27 Nov\/Dec 1988<\/td><td><a href=\"http:\/\/recherche-action.fr\/revue-peps\/download\/revue\/PEPS27_web.pdf\">Enfance en danger ou enfance sans danger<\/a><\/td><td>4.0 MiB<\/td><td>382<\/td><\/tr><tr><td>No 28 - Mars\/avril 1989<\/td><td><a href=\"http:\/\/recherche-action.fr\/revue-peps\/download\/revue\/PEPS28_Slim.pdf\">Banlieue cent visages<\/a><\/td><td>4.9 MiB<\/td><td>526<\/td><\/tr><tr><td>No 35 Oct\/Dec 1990<\/td><td><a href=\"http:\/\/recherche-action.fr\/revue-peps\/download\/revue\/PEPS35-web.pdf\">Insertion Professionnelle des handicap\u00e9s et travail social<\/a><\/td><td>4.4 MiB<\/td><td>673<\/td><\/tr><tr><td>No 36 - Janv\/Mars 1991<\/td><td><a href=\"http:\/\/recherche-action.fr\/revue-peps\/download\/revue\/PEPS36_slim.pdf\">Les cultures de la rue<\/a><\/td><td>8.2 MiB<\/td><td>683<\/td><\/tr><tr><td>No 37 - Juil\/Sept 1991<\/td><td><a href=\"http:\/\/recherche-action.fr\/revue-peps\/download\/revue\/peps37_1991.pdf\">Les travailleurs sociaux sont-ils \u00e9puis\u00e9s ?<\/a><\/td><td>4.6 MiB<\/td><td>441<\/td><\/tr><tr><td>No 38 janv\/Mars 1992<\/td><td><a href=\"http:\/\/recherche-action.fr\/revue-peps\/download\/revue\/PEPS38_web.pdf\">Les travailleurs sociaux doivent-il dispara\u00eetre ?<\/a><\/td><td>4.2 MiB<\/td><td>395<\/td><\/tr><tr><td>No 42 - Avtil\/Juin 1993<\/td><td><a href=\"http:\/\/recherche-action.fr\/revue-peps\/download\/revue\/PEPS42_web.pdf\">Sens du travail social et projet pour l&#039;avenir<\/a><\/td><td>6.6 MiB<\/td><td>546<\/td><\/tr><tr><td>No 45 - Janv\/Mars 1994<\/td><td><a href=\"http:\/\/recherche-action.fr\/revue-peps\/download\/revue\/PEPS45_Coul_Slim.pdf\">Les enjeux de la formation<\/a><\/td><td>5.9 MiB<\/td><td>397<\/td><\/tr><tr><td>No 46 - Avr\/Juin 1994<\/td><td><a href=\"http:\/\/recherche-action.fr\/revue-peps\/download\/revue\/PEPS46_web.pdf\">Les nouvelles solidarit\u00e9s<\/a><\/td><td>6.7 MiB<\/td><td>318<\/td><\/tr><tr><td>No 47 - Juil\/Sept 94<\/td><td><a href=\"http:\/\/recherche-action.fr\/revue-peps\/download\/revue\/PEPS47-web.pdf\">Le comit\u00e9 : des outils et des hommes<\/a><\/td><td>7.2 MiB<\/td><td>434<\/td><\/tr><tr><td>No 49 - Janv\/Mars 1995<\/td><td><a href=\"http:\/\/recherche-action.fr\/revue-peps\/download\/revue\/PEPS49_slim.pdf\">Les nouvelles technologies de la communication<\/a><\/td><td>6.3 MiB<\/td><td>418<\/td><\/tr><tr><td>No 56\/57 - 1998<\/td><td><a href=\"http:\/\/recherche-action.fr\/revue-peps\/download\/revue\/PEPS56-57_Emergence.pdf\">Emergences (hip-hop, techno et autres formes culturelles)<\/a><\/td><td>1.3 MiB<\/td><td>1443<\/td><\/tr><\/tbody>\r\n<\/table>\r\n<div class=\"tablenav-pages\"><\/div>\n","protected":false},"excerpt":{"rendered":"","protected":false},"author":1,"featured_media":0,"parent":0,"menu_order":0,"comment_status":"closed","ping_status":"closed","template":"","meta":{"footnotes":""},"ppma_author":[2],"class_list":["post-17","page","type-page","status-publish"],"jetpack_sharing_enabled":true,"post_mailing_queue_ids":[],"_links":{"self":[{"href":"http:\/\/recherche-action.fr\/revue-peps\/wp-json\/wp\/v2\/pages\/17","targetHints":{"allow":["GET"]}}],"collection":[{"href":"http:\/\/recherche-action.fr\/revue-peps\/wp-json\/wp\/v2\/pages"}],"about":[{"href":"http:\/\/recherche-action.fr\/revue-peps\/wp-json\/wp\/v2\/types\/page"}],"author":[{"embeddable":true,"href":"http:\/\/recherche-action.fr\/revue-peps\/wp-json\/wp\/v2\/users\/1"}],"replies":[{"embeddable":true,"href":"http:\/\/recherche-action.fr\/revue-peps\/wp-json\/wp\/v2\/comments?post=17"}],"version-history":[{"count":2,"href":"http:\/\/recherche-action.fr\/revue-peps\/wp-json\/wp\/v2\/pages\/17\/revisions"}],"predecessor-version":[{"id":602,"href":"http:\/\/recherche-action.fr\/revue-peps\/wp-json\/wp\/v2\/pages\/17\/revisions\/602"}],"wp:attachment":[{"href":"http:\/\/recherche-action.fr\/revue-peps\/wp-json\/wp\/v2\/media?parent=17"}],"wp:term":[{"taxonomy":"author","embeddable":true,"href":"http:\/\/recherche-action.fr\/revue-peps\/wp-json\/wp\/v2\/ppma_author?post=17"}],"curies":[{"name":"wp","href":"https:\/\/api.w.org\/{rel}","templated":true}]}}