{"id":545,"date":"2020-05-03T20:19:44","date_gmt":"2020-05-03T18:19:44","guid":{"rendered":"http:\/\/recherche-action.fr\/revue-peps\/?page_id=545"},"modified":"2020-07-08T15:46:09","modified_gmt":"2020-07-08T13:46:09","slug":"articles-par-numero","status":"publish","type":"page","link":"http:\/\/recherche-action.fr\/revue-peps\/articles\/articles-par-numero\/","title":{"rendered":"Articles par num\u00e9ro"},"content":{"rendered":"\n<h2 class=\"wp-block-heading\">No 01 \u2013 D\u00e9centralisation : la paille et le grain<\/h2>\n\n\n\n<ul class=\"lcp_catlist\" id=\"lcp_instance_0\"><li><a href=\"http:\/\/recherche-action.fr\/revue-peps\/1982\/11\/12\/no-1-sommaire-edito\/\">No 01 &#8211; Sommaire \/ Edito<\/a><\/li><\/ul>\n\n\n\n<h2 class=\"wp-block-heading\">No 02 \u2013 Ilots sensibles : de l\u2019\u00c9tat providence au quartier de solidarit\u00e9<\/h2>\n\n\n\n<ul class=\"lcp_catlist\" id=\"lcp_instance_0\"><li><a href=\"http:\/\/recherche-action.fr\/revue-peps\/1982\/01\/01\/no-2-sommaire-edito\/\">No 02 &#8211; Sommaire . Edito<\/a><\/li><\/ul>\n\n\n\n<h2 class=\"wp-block-heading\">No 03 \u2013 Quelles formations pour quels travailleurs sociaux<\/h2>\n\n\n\n<ul class=\"lcp_catlist\" id=\"lcp_instance_0\"><li><a href=\"http:\/\/recherche-action.fr\/revue-peps\/1983\/03\/01\/no-3-sommaire-edito\/\">No 03 &#8211; Sommaire \/ Edito<\/a><\/li><\/ul>\n\n\n\n<h2 class=\"wp-block-heading\">No 04 \u2013 Travail social, des professions qui se cherchent<\/h2>\n\n\n\n<ul class=\"lcp_catlist\" id=\"lcp_instance_0\"><li><a href=\"http:\/\/recherche-action.fr\/revue-peps\/1983\/05\/01\/no-4-sommaire-edito\/\">No 04 &#8211; Sommaire \/ Edito<\/a><\/li><\/ul>\n\n\n\n<h2 class=\"wp-block-heading\">No 05 \u2013 Le PEPS nouveau est arriv\u00e9<\/h2>\n\n\n\n<ul class=\"lcp_catlist\" id=\"lcp_instance_0\"><li><a href=\"http:\/\/recherche-action.fr\/revue-peps\/1983\/09\/01\/no-5-sommaire-edito\/\">No 5 &#8211; Sommaire \/ Edito<\/a><\/li><\/ul>\n\n\n\n<h2 class=\"wp-block-heading\">No 06 \u2013 Enfance inadapt\u00e9e<\/h2>\n\n\n\n<ul class=\"lcp_catlist\" id=\"lcp_instance_0\"><li><a href=\"http:\/\/recherche-action.fr\/revue-peps\/1983\/12\/01\/no-06-sommaire-edito\/\">No 06 &#8211; Sommaire \/ Edito<\/a><\/li><\/ul>\n\n\n\n<h2 class=\"wp-block-heading\">No 07 \u2013 Vieillesse<\/h2>\n\n\n\n<ul class=\"lcp_catlist\" id=\"lcp_instance_0\"><li><a href=\"http:\/\/recherche-action.fr\/revue-peps\/1984\/02\/01\/no-07-sommaire-edito\/\">No 07 &#8211; Sommaire \/ Edito<\/a><\/li><\/ul>\n\n\n\n<h2 class=\"wp-block-heading\">No 08 \u2013 Economie sociale<\/h2>\n\n\n\n<ul class=\"lcp_catlist\" id=\"lcp_instance_0\"><li><a href=\"http:\/\/recherche-action.fr\/revue-peps\/1984\/04\/01\/no-08-sommaire-edito\/\">No 08 &#8211; Sommaire \/ Edito<\/a><\/li><\/ul>\n\n\n\n<h2 class=\"wp-block-heading\">No 09 \u2013 Circonscription \u2013 Coordination<\/h2>\n\n\n\n<ul class=\"lcp_catlist\" id=\"lcp_instance_0\"><li><a href=\"http:\/\/recherche-action.fr\/revue-peps\/1984\/07\/01\/no-09-sommaire-edito\/\">No 09 &#8211; Sommaire \/ Edito<\/a><\/li><\/ul>\n\n\n\n<h2 class=\"wp-block-heading\">No 10 \u2013 L\u2019avenir du social<\/h2>\n\n\n\n<ul class=\"lcp_catlist\" id=\"lcp_instance_0\"><li><a href=\"http:\/\/recherche-action.fr\/revue-peps\/1984\/11\/01\/no-10-sommaire-edito\/\">No 10 &#8211; Sommaire \/ Edito<\/a><\/li><\/ul>\n\n\n\n<h2 class=\"wp-block-heading\">No 11 \u2013 les \u00e9lus face au social<\/h2>\n\n\n\n<ul class=\"lcp_catlist\" id=\"lcp_instance_0\"><li><a href=\"http:\/\/recherche-action.fr\/revue-peps\/1985\/01\/13\/no-11-sommaire-edito\/\">No 11- Sommaire \/ Edito<\/a><\/li><\/ul>\n\n\n\n<h2 class=\"wp-block-heading\">No 12 \u2013 Syndicats, associations : quelles r\u00e9ponses<\/h2>\n\n\n\n<ul class=\"lcp_catlist\" id=\"lcp_instance_0\"><li><a href=\"http:\/\/recherche-action.fr\/revue-peps\/1985\/03\/01\/no-12-sommaire-edito\/\">No 12 &#8211; Sommaire\/Edito<\/a><\/li><\/ul>\n\n\n\n<h2 class=\"wp-block-heading\">No 13 \u2013 Relation \u00e9ducative et familiale<\/h2>\n\n\n\n<ul class=\"lcp_catlist\" id=\"lcp_instance_0\"><li><a href=\"http:\/\/recherche-action.fr\/revue-peps\/1985\/07\/01\/no-13-sommaire-edito\/\">No 13 &#8211; Sommaire \/ Edito<\/a><\/li><\/ul>\n\n\n\n<h2 class=\"wp-block-heading\">No 14 \u2013 Travail social en milieu psychiatrique<\/h2>\n\n\n\n<ul class=\"lcp_catlist\" id=\"lcp_instance_0\"><li><a href=\"http:\/\/recherche-action.fr\/revue-peps\/1985\/09\/01\/no-14-sommaire-edito\/\">No 14 &#8211; Sommaire . Edito<\/a><\/li><\/ul>\n\n\n\n<h2 class=\"wp-block-heading\">No 15\/16 \u2013 Nouvelles pratiques sociales et<\/h2>\n\n\n\n<ul class=\"lcp_catlist\" id=\"lcp_instance_0\"><li><a href=\"http:\/\/recherche-action.fr\/revue-peps\/1985\/11\/01\/no-15-16-sommaire-edito\/\">No 15\/16 &#8211; Sommaire\/Edito<\/a><\/li><\/ul>\n\n\n\n<h2 class=\"wp-block-heading\">No 17 \u2013 Partis politiques et travail social<\/h2>\n\n\n\n<ul class=\"lcp_catlist\" id=\"lcp_instance_0\"><li><a href=\"http:\/\/recherche-action.fr\/revue-peps\/1986\/03\/01\/no-17-sommaire-edito\/\">No 17 &#8211; Sommaire \/ Edito<\/a><\/li><\/ul>\n\n\n\n<h2 class=\"wp-block-heading\">No 18 \u2013 Ca bouge chez les travailleurs sociaux<\/h2>\n\n\n\n<ul class=\"lcp_catlist\" id=\"lcp_instance_0\"><li><a href=\"http:\/\/recherche-action.fr\/revue-peps\/1987\/01\/01\/no-18-sommaire-edito\/\">No 18 &#8211; Sommaire \/ Edito<\/a><\/li><\/ul>\n\n\n\n<h2 class=\"wp-block-heading\">No 19 \u2013 Soyons cr\u00e9atifs<\/h2>\n\n\n\n<ul class=\"lcp_catlist\" id=\"lcp_instance_0\"><li><a href=\"http:\/\/recherche-action.fr\/revue-peps\/1987\/03\/01\/no-19-sommaire-edito\/\">No 19 &#8211; Sommaire \/ Edito<\/a><\/li><\/ul>\n\n\n\n<h2 class=\"wp-block-heading\">No 20 \u2013 Travail social, travail pour la paix<\/h2>\n\n\n\n<ul class=\"lcp_catlist\" id=\"lcp_instance_0\"><li><a href=\"http:\/\/recherche-action.fr\/revue-peps\/1987\/05\/12\/no-20-sommaire-edito\/\">No 20 &#8211; Sommaire \/ Edito<\/a><\/li><\/ul>\n\n\n\n<h2 class=\"wp-block-heading\">No 21 \u2013 Formation initiale des travailleurs sociaux<\/h2>\n\n\n\n<ul class=\"lcp_catlist\" id=\"lcp_instance_0\"><li><a href=\"http:\/\/recherche-action.fr\/revue-peps\/1987\/09\/01\/no-21-sommaire-edito\/\">No 21 &#8211; Sommaire \/ Edito<\/a><\/li><\/ul>\n\n\n\n<h2 class=\"wp-block-heading\">No 22 \u2013 Le d\u00e9veloppement local en milieu rural<\/h2>\n\n\n\n<ul class=\"lcp_catlist\" id=\"lcp_instance_0\"><li><a href=\"http:\/\/recherche-action.fr\/revue-peps\/1987\/11\/01\/no-22-sommaire-edito\/\">No 22 &#8211; Sommaire \/ Edito<\/a><\/li><\/ul>\n\n\n\n<h2 class=\"wp-block-heading\">No 23 \u2013 Le code de la nationalit\u00e9<\/h2>\n\n\n\n<ul class=\"lcp_catlist\" id=\"lcp_instance_0\"><li><a href=\"http:\/\/recherche-action.fr\/revue-peps\/1988\/01\/01\/no-23-sommaire-edito\/\">No 23 &#8211; Sommaire \/ edito<\/a><\/li><\/ul>\n\n\n\n<h2 class=\"wp-block-heading\">No 24 \u2013 Que dites vous apr\u00e8s avoir dit toxicomanie ?<\/h2>\n\n\n\n<ul class=\"lcp_catlist\" id=\"lcp_instance_0\"><li><a href=\"http:\/\/recherche-action.fr\/revue-peps\/1988\/03\/01\/no-24-sommaire-edito\/\">No 24 &#8211; Sommaire \/ Edito<\/a><\/li><\/ul>\n\n\n\n<h2 class=\"wp-block-heading\">No 25 \u2013 Travail social et r\u00e9seaux<\/h2>\n\n\n\n<ul class=\"lcp_catlist\" id=\"lcp_instance_0\"><li><a href=\"http:\/\/recherche-action.fr\/revue-peps\/1988\/05\/01\/25-sommaire-edito\/\">No 25 &#8211; Sommaire \/ Edito<\/a><\/li><\/ul>\n\n\n\n<h2 class=\"wp-block-heading\">No 26 \u2013 Lib\u00e9rer les id\u00e9es pour sortir des prisons<\/h2>\n\n\n\n<ul class=\"lcp_catlist\" id=\"lcp_instance_0\"><li><a href=\"http:\/\/recherche-action.fr\/revue-peps\/1988\/09\/01\/liberer-les-idees-pour-sortir-des-prisons\/\">No 26 &#8211; Sommaire\/Edito<\/a><\/li><\/ul>\n\n\n\n<h2 class=\"wp-block-heading\">No 27 \u2013 Enfance en danger ou enfance sans danger<\/h2>\n\n\n\n<ul class=\"lcp_catlist\" id=\"lcp_instance_0\"><li><a href=\"http:\/\/recherche-action.fr\/revue-peps\/1988\/11\/01\/no-27-sommaire-edito\/\">No 27 &#8211; Sommaire \/ Edito<\/a><\/li><\/ul>\n\n\n\n<h2 class=\"wp-block-heading\">No 28 \u2013 Banlieue Cent Visages<\/h2>\n\n\n\n<ul class=\"lcp_catlist\" id=\"lcp_instance_0\"><li><a href=\"http:\/\/recherche-action.fr\/revue-peps\/1989\/03\/01\/no-28-sommaire-edito\/\">No 28 &#8211; Sommaire \/ Edito<\/a><\/li><\/ul>\n\n\n\n<h2 class=\"wp-block-heading\">No 29 \u2013 R\u00e9ussite scolaire<\/h2>\n\n\n\n<ul class=\"lcp_catlist\" id=\"lcp_instance_0\"><li><a href=\"http:\/\/recherche-action.fr\/revue-peps\/1984\/07\/01\/no-09-sommaire-edito\/\">No 09 &#8211; Sommaire \/ Edito<\/a><\/li><\/ul>\n\n\n\n<h2 class=\"wp-block-heading\">No 30 \u2013 Travail social et bicentenaire de la R\u00e9volution<\/h2>\n\n\n\n<ul class=\"lcp_catlist\" id=\"lcp_instance_0\"><li><a href=\"http:\/\/recherche-action.fr\/revue-peps\/1989\/09\/01\/no-30-sommaire-edito\/\">NO 30 &#8211; Sommaire \/Edito<\/a><\/li><\/ul>\n\n\n\n<h2 class=\"wp-block-heading\">No 31 \u2013 Malaise dans le travail social<\/h2>\n\n\n\n<ul class=\"lcp_catlist\" id=\"lcp_instance_0\"><li><a href=\"http:\/\/recherche-action.fr\/revue-peps\/1989\/11\/01\/no-31-sommaire-edito\/\">No 31 &#8211; Sommaire \/ Edito<\/a><\/li><\/ul>\n\n\n\n<h2 class=\"wp-block-heading\">No 35 \u2013 Insertion professionnelle des handicap\u00e9s et travail social<\/h2>\n\n\n\n<ul class=\"lcp_catlist\" id=\"lcp_instance_0\"><li><a href=\"http:\/\/recherche-action.fr\/revue-peps\/1990\/10\/01\/no-35-sommaire-edito\/\">No 35 &#8211; Sommaire \/ Edito<\/a><\/li><\/ul>\n\n\n\n<h2 class=\"wp-block-heading\">No 36 \u2013 Les cultures de la rue<\/h2>\n\n\n\n<ul class=\"lcp_catlist\" id=\"lcp_instance_0\"><li><a href=\"http:\/\/recherche-action.fr\/revue-peps\/1991\/01\/12\/no-36-sommaire-edito\/\">No 36 &#8211; Sommaire \/ Edito<\/a><\/li><\/ul>\n\n\n\n<h2 class=\"wp-block-heading\">No 37 \u2013 Les travailleurs sociaux sont-ils \u00e9puis\u00e9s ?<\/h2>\n\n\n\n<ul class=\"lcp_catlist\" id=\"lcp_instance_0\"><li><a href=\"http:\/\/recherche-action.fr\/revue-peps\/1991\/07\/01\/no-37-sommaire-edito\/\">No 37 &#8211; Sommaire \/ Edito<\/a><\/li><\/ul>\n\n\n\n<h2 class=\"wp-block-heading\">No 38 \u2013 Les travailleurs sociaux doivent-ils dispraitre<\/h2>\n\n\n\n<ul class=\"lcp_catlist\" id=\"lcp_instance_0\"><li><a href=\"http:\/\/recherche-action.fr\/revue-peps\/1992\/01\/01\/no-38-sommaire-edito\/\">No 38 &#8211; Sommaire \/ Edito<\/a><\/li><\/ul>\n\n\n\n<h2 class=\"wp-block-heading\">No 39 \u2013 Immigration, figure \u00e9clair\u00e9e, regard \u00e9trange<\/h2>\n\n\n\n<ul class=\"lcp_catlist\" id=\"lcp_instance_0\"><li><a href=\"http:\/\/recherche-action.fr\/revue-peps\/1992\/04\/01\/no-39-sommaire-edito\/\">No 39 &#8211; Sommaire \/ Edito<\/a><\/li><\/ul>\n\n\n\n<h2 class=\"wp-block-heading\">No 40 \u2013 Femme immigr\u00e9e d\u2019une rive \u00e0 l\u2019autre<\/h2>\n\n\n\n<ul class=\"lcp_catlist\" id=\"lcp_instance_0\"><li><a href=\"http:\/\/recherche-action.fr\/revue-peps\/1992\/07\/01\/no-40-sommaire-edito\/\">No 40 &#8211; Sommaire \/ Edito<\/a><\/li><\/ul>\n\n\n\n<h2 class=\"wp-block-heading\">No 41 \u2013 Les figures de l\u2019insertion<\/h2>\n\n\n\n<ul class=\"lcp_catlist\" id=\"lcp_instance_0\"><li><a href=\"http:\/\/recherche-action.fr\/revue-peps\/2020\/01\/01\/no-41-sommaire-edito-les-figures-de-linsertion\/\">No 41 &#8211; Sommaire \/ Edito &#8211; Les figures de l&rsquo;insertion<\/a><\/li><li><a href=\"http:\/\/recherche-action.fr\/revue-peps\/1993\/01\/06\/41-lextremisme-culturel\/\">No 41 &#8211; L\u2019extr\u00e9misme culturel<\/a><\/li><li><a href=\"http:\/\/recherche-action.fr\/revue-peps\/1993\/01\/06\/no-41-spike-met-le-x\/\">No 41 &#8211; Spike met le x<\/a><\/li><li><a href=\"http:\/\/recherche-action.fr\/revue-peps\/1993\/01\/06\/no-41-un-educateur-pour-la-fact\/\">No 41 &#8211; Un \u00e9ducateur pour la fact<\/a><\/li><li><a href=\"http:\/\/recherche-action.fr\/revue-peps\/1993\/01\/06\/no-41-rencontre-du-hip-hop-et-du-travail-social\/\">No 41 &#8211; Rencontre du hip hop et du travail social<\/a><\/li><li><a href=\"http:\/\/recherche-action.fr\/revue-peps\/1993\/01\/06\/no-41-lallemagne-politique-et-travailleur-social\/\">No 41 &#8211; L\u2019Allemagne, politique et travailleur social<\/a><\/li><li><a href=\"http:\/\/recherche-action.fr\/revue-peps\/1993\/01\/06\/linscription-des-pratiques-sociales\/\">No 41 &#8211; L\u2019inscription des pratiques sociales<\/a><\/li><li><a href=\"http:\/\/recherche-action.fr\/revue-peps\/1993\/01\/06\/la-formation-des-travailleurs-sociaux-ecrire-pour-memoire\/\">No 41 &#8211; La formation des travailleurs sociaux \u00e9crire pour m\u00e9moire ?<\/a><\/li><li><a href=\"http:\/\/recherche-action.fr\/revue-peps\/1993\/01\/06\/no-41-ce-quecrire-peut-vouloir-dire\/\">No 41 &#8211; Ce qu&rsquo;\u00e9crire peut vouloir dire<\/a><\/li><li><a href=\"http:\/\/recherche-action.fr\/revue-peps\/1993\/01\/01\/no-41-developpement-de-foyers-foyers-de-developpement\/\">No 41 &#8211; D\u00e9veloppement de foyers, foyers de d\u00e9veloppement<\/a><\/li><li><a href=\"http:\/\/recherche-action.fr\/revue-peps\/1993\/01\/01\/no-41-les-figures-de-letranger\/\">No 41 &#8211; Les figures de l\u2019\u00e9tranger<\/a><\/li><li><a href=\"http:\/\/recherche-action.fr\/revue-peps\/1993\/01\/01\/no-41-les-immigres-le-travail-social-et-les-legislatives-de-93\/\">No 41 &#8211; Les immigr\u00e9s, le travail social et les l\u00e9gislatives de 93<\/a><\/li><li><a href=\"http:\/\/recherche-action.fr\/revue-peps\/1993\/01\/01\/les-apports-successifs-de-limmigration\/\">No 41 &#8211; Les apports successifs de l\u2019immigration<\/a><\/li><li><a href=\"http:\/\/recherche-action.fr\/revue-peps\/1993\/01\/01\/no-41-travail-social-et-prevention-a-rimini-italie\/\">No 41 &#8211; Travail social et pr\u00e9vention \u00e0 Rimini (Italie)<\/a><\/li><li><a href=\"http:\/\/recherche-action.fr\/revue-peps\/1993\/01\/01\/no-41-de-letranger-a-limmigre\/\">No 41 &#8211; De l&rsquo;\u00e9tranger \u00e0 l&rsquo;immigr\u00e9<\/a><\/li><li><a href=\"http:\/\/recherche-action.fr\/revue-peps\/1993\/01\/01\/no-41-travail-social-travail-scolaire-quels-rapports\/\">No 41 &#8211; Travail social, travail scolaire, quels rapports ?<\/a><\/li><li><a href=\"http:\/\/recherche-action.fr\/revue-peps\/1993\/01\/01\/no-41-linsertion-peripherique-leffet-al-capone\/\">No 41 &#8211; L\u2019insertion p\u00e9riph\u00e9rique, l\u2019effet Al Capone<\/a><\/li><li><a href=\"http:\/\/recherche-action.fr\/revue-peps\/1993\/01\/01\/41-le-foyer-dalfortville-communique\/\">No 41 &#8211; Le foyer d\u2019Alfortville communique<\/a><\/li><li><a href=\"http:\/\/recherche-action.fr\/revue-peps\/1993\/01\/01\/no-41-entre-integration-et-retour\/\">No 41 &#8211; Entre int\u00e9gration et retour<\/a><\/li><li><a href=\"http:\/\/recherche-action.fr\/revue-peps\/1993\/01\/01\/no-41-les-immigres-vieillissent-en-foyer\/\">No 41 &#8211; Les immigr\u00e9s vieillissent en foyer<\/a><\/li><\/ul>\n\n\n\n<h2 class=\"wp-block-heading\">No 42 \u2013 Sens du travail social et projets pour l\u2019avenir<\/h2>\n\n\n\n<ul class=\"lcp_catlist\" id=\"lcp_instance_0\"><li><a href=\"http:\/\/recherche-action.fr\/revue-peps\/1993\/04\/01\/no-47-sommaire-edito\/\">No 42 &#8211; Sommaire \/ Edito<\/a><\/li><\/ul>\n\n\n\n<h2 class=\"wp-block-heading\">No 43 \u2013 Assistantes sociales : le mouvement<\/h2>\n\n\n\n<ul class=\"lcp_catlist\" id=\"lcp_instance_0\"><li><a href=\"http:\/\/recherche-action.fr\/revue-peps\/1993\/07\/01\/no-43-sommaire-edito-assistantes-sociales-le-mouvement-concass\/\">No 43 &#8211; Sommaire \/ Edito &#8211; Assistantes sociales : le mouvement CONCASS<\/a><\/li><\/ul>\n\n\n\n<h2 class=\"wp-block-heading\">No 44 \u2013 La place de l\u2019\u00e9criture dans le travail social<\/h2>\n\n\n\n<ul class=\"lcp_catlist\" id=\"lcp_instance_0\"><li><a href=\"http:\/\/recherche-action.fr\/revue-peps\/1993\/10\/12\/no-44-sommaire-edito\/\">No 44 &#8211; Sommaire \/ Edito<\/a><\/li><\/ul>\n\n\n\n<h2 class=\"wp-block-heading\">No 45 \u2013 Les enjeux de la formation<\/h2>\n\n\n\n<ul class=\"lcp_catlist\" id=\"lcp_instance_0\"><li><a href=\"http:\/\/recherche-action.fr\/revue-peps\/1994\/01\/12\/no-45-sommaire-edito\/\">No 45 &#8211; Sommaire \/ Edito<\/a><\/li><\/ul>\n\n\n\n<h2 class=\"wp-block-heading\">No 46 &#8211; Les nouvelles solidarit\u00e9s<\/h2>\n\n\n\n<ul class=\"lcp_catlist\" id=\"lcp_instance_0\"><li><a href=\"http:\/\/recherche-action.fr\/revue-peps\/1994\/04\/01\/no-46-sommaire-edito\/\">No 46 &#8211; Sommaire \/ Edito<\/a><\/li><\/ul>\n\n\n\n<h2 class=\"wp-block-heading\">No 47 \u2013 Le comit\u00e9 : des outils et des hommes<\/h2>\n\n\n\n<ul class=\"lcp_catlist\" id=\"lcp_instance_0\"><li><a href=\"http:\/\/recherche-action.fr\/revue-peps\/1994\/07\/01\/no-47-sommaire-edit\/\">No 47 &#8211; Sommaire \/ Edit<\/a><\/li><\/ul>\n\n\n\n<h2 class=\"wp-block-heading\">No 48 \u2013 Y a-t-il encore un travailleur social dans le secteur ?<\/h2>\n\n\n\n<ul class=\"lcp_catlist\" id=\"lcp_instance_0\"><li><a href=\"http:\/\/recherche-action.fr\/revue-peps\/1994\/10\/01\/no-48-sommaire-edito-y-a-t-il-encore-un-travailleur-social-dans-le-secteur\/\">No 48 &#8211; Sommaire \/ Edito &#8211; Y a-t-il encore un travailleur social dans le secteur ?<\/a><\/li><\/ul>\n\n\n\n<h2 class=\"wp-block-heading\">No 49 \u2013 Les nouvelles technologies de la communication<\/h2>\n\n\n\n<ul class=\"lcp_catlist\" id=\"lcp_instance_0\"><li><a href=\"http:\/\/recherche-action.fr\/revue-peps\/1995\/01\/01\/no-49-sommaire-edito\/\">No 49 &#8211; Sommaire \/ Edito<\/a><\/li><\/ul>\n\n\n\n<h2 class=\"wp-block-heading\">No 50 &#8211; Acc\u00e8s au logement<\/h2>\n\n\n\n<ul class=\"lcp_catlist\" id=\"lcp_instance_0\"><li><a href=\"http:\/\/recherche-action.fr\/revue-peps\/1995\/04\/01\/no-50-sommaire-edito\/\">No 50 &#8211; Sommaire \/ Edito<\/a><\/li><\/ul>\n\n\n\n<h2 class=\"wp-block-heading\">No 51 \u2013 Les parcours professionnels<\/h2>\n\n\n\n<ul class=\"lcp_catlist\" id=\"lcp_instance_0\"><li><a href=\"http:\/\/recherche-action.fr\/revue-peps\/1995\/07\/01\/no-51-sommaire-edito-les-parcours-professionnels\/\">No 51 &#8211; Sommaire \/ Edito &#8211; Les parcours professionnels<\/a><\/li><\/ul>\n\n\n\n<h2 class=\"wp-block-heading\">No 52-53 \u2013 Nouvelles approches<\/h2>\n\n\n\n<ul class=\"lcp_catlist\" id=\"lcp_instance_0\"><li><a href=\"http:\/\/recherche-action.fr\/revue-peps\/2020\/05\/03\/vers-un-nouveau-projet-de-peps\/\">VERS UN NOUVEAU PROJET DE PEPS&#8230;<\/a><\/li><li><a href=\"http:\/\/recherche-action.fr\/revue-peps\/1996\/07\/01\/no-52-53-sommaire-edito-nouvelles-approches\/\">No 52-53 &#8211; Sommaire \/ Edito &#8211; Nouvelles approches<\/a><\/li><\/ul>\n\n\n\n<h2 class=\"wp-block-heading\">No 54-55 \u2013 Reconnaissance et validation des acquis<\/h2>\n\n\n\n<ul class=\"lcp_catlist\" id=\"lcp_instance_0\"><li><a href=\"http:\/\/recherche-action.fr\/revue-peps\/1997\/01\/01\/no-54-55-sommaire-edito-reconnaissance-et-validation-des-acquis\/\">No 54-55 &#8211; Sommaire \/ Edito &#8211; Reconnaissance et validation des acquis<\/a><\/li><\/ul>\n\n\n\n<h2 class=\"wp-block-heading\">No 56\/57 \u2013 \u00c9mergences (hip-hop, techno et autres formes culturelles)<\/h2>\n\n\n\n<ul class=\"lcp_catlist\" id=\"lcp_instance_0\"><li><a href=\"http:\/\/recherche-action.fr\/revue-peps\/1998\/01\/01\/no-56-57-sommaire-edito\/\">No 56\/57 &#8211; Sommaire \/ Edito<\/a><\/li><\/ul>\n\n\n\n<h2 class=\"wp-block-heading\">No 58-59 \u2013 Sujets et institutions<\/h2>\n\n\n\n<ul class=\"lcp_catlist\" id=\"lcp_instance_0\"><li><a href=\"http:\/\/recherche-action.fr\/revue-peps\/1998\/01\/01\/no-58-59-sommaire-edito-sujets-et-institutions\/\">No 58-59 &#8211; Sommaire \/ Edito &#8211; Sujets et institutions<\/a><\/li><\/ul>\n","protected":false},"excerpt":{"rendered":"<p>No 01 \u2013 D\u00e9centralisation : la paille et le grain No 02 \u2013 Ilots sensibles : de l\u2019\u00c9tat providence au quartier de solidarit\u00e9 No 03 \u2013 Quelles formations pour quels travailleurs sociaux No 04 \u2013 Travail social, des professions qui se cherchent No 05 \u2013 Le PEPS nouveau est arriv\u00e9 No 06 \u2013 Enfance inadapt\u00e9e &#8230; <a title=\"Articles par num\u00e9ro\" class=\"read-more\" href=\"http:\/\/recherche-action.fr\/revue-peps\/articles\/articles-par-numero\/\" aria-label=\"En savoir plus sur Articles par num\u00e9ro\">Lire la suite<\/a><\/p>\n","protected":false},"author":1,"featured_media":0,"parent":351,"menu_order":0,"comment_status":"closed","ping_status":"closed","template":"template-page-builder-no-sidebar.php","meta":{"footnotes":""},"ppma_author":[2],"class_list":["post-545","page","type-page","status-publish"],"jetpack_sharing_enabled":true,"post_mailing_queue_ids":[],"_links":{"self":[{"href":"http:\/\/recherche-action.fr\/revue-peps\/wp-json\/wp\/v2\/pages\/545","targetHints":{"allow":["GET"]}}],"collection":[{"href":"http:\/\/recherche-action.fr\/revue-peps\/wp-json\/wp\/v2\/pages"}],"about":[{"href":"http:\/\/recherche-action.fr\/revue-peps\/wp-json\/wp\/v2\/types\/page"}],"author":[{"embeddable":true,"href":"http:\/\/recherche-action.fr\/revue-peps\/wp-json\/wp\/v2\/users\/1"}],"replies":[{"embeddable":true,"href":"http:\/\/recherche-action.fr\/revue-peps\/wp-json\/wp\/v2\/comments?post=545"}],"version-history":[{"count":37,"href":"http:\/\/recherche-action.fr\/revue-peps\/wp-json\/wp\/v2\/pages\/545\/revisions"}],"predecessor-version":[{"id":689,"href":"http:\/\/recherche-action.fr\/revue-peps\/wp-json\/wp\/v2\/pages\/545\/revisions\/689"}],"up":[{"embeddable":true,"href":"http:\/\/recherche-action.fr\/revue-peps\/wp-json\/wp\/v2\/pages\/351"}],"wp:attachment":[{"href":"http:\/\/recherche-action.fr\/revue-peps\/wp-json\/wp\/v2\/media?parent=545"}],"wp:term":[{"taxonomy":"author","embeddable":true,"href":"http:\/\/recherche-action.fr\/revue-peps\/wp-json\/wp\/v2\/ppma_author?post=545"}],"curies":[{"name":"wp","href":"https:\/\/api.w.org\/{rel}","templated":true}]}}