{"id":586,"date":"2020-05-04T14:44:21","date_gmt":"2020-05-04T12:44:21","guid":{"rendered":"http:\/\/recherche-action.fr\/revue-peps\/?page_id=586"},"modified":"2020-07-06T20:31:15","modified_gmt":"2020-07-06T18:31:15","slug":"articles-par-theme","status":"publish","type":"page","link":"http:\/\/recherche-action.fr\/revue-peps\/articles\/articles-par-theme\/","title":{"rendered":"Articles par th\u00e8me"},"content":{"rendered":"\n<h2 class=\"wp-block-heading\">Cin\u00e9ma<\/h2>\n\n\n\n<ul class=\"lcp_catlist\" id=\"lcp_instance_0\"><li><a href=\"http:\/\/recherche-action.fr\/revue-peps\/1993\/01\/06\/41-lextremisme-culturel\/\">No 41 &#8211; L\u2019extr\u00e9misme culturel<\/a><\/li><li><a href=\"http:\/\/recherche-action.fr\/revue-peps\/1993\/01\/06\/no-41-spike-met-le-x\/\">No 41 &#8211; Spike met le x<\/a><\/li><\/ul>\n\n\n\n<h2 class=\"wp-block-heading\">Citoyennet\u00e9<\/h2>\n\n\n\n<ul class=\"lcp_catlist\" id=\"lcp_instance_0\"><li><a href=\"http:\/\/recherche-action.fr\/revue-peps\/1989\/09\/01\/no-30-sommaire-edito\/\">NO 30 &#8211; Sommaire \/Edito<\/a><\/li><li><a href=\"http:\/\/recherche-action.fr\/revue-peps\/1988\/01\/01\/no-23-sommaire-edito\/\">No 23 &#8211; Sommaire \/ edito<\/a><\/li><li><a href=\"http:\/\/recherche-action.fr\/revue-peps\/1987\/05\/12\/no-20-sommaire-edito\/\">No 20 &#8211; Sommaire \/ Edito<\/a><\/li><li><a href=\"http:\/\/recherche-action.fr\/revue-peps\/1986\/03\/01\/no-17-sommaire-edito\/\">No 17 &#8211; Sommaire \/ Edito<\/a><\/li><li><a href=\"http:\/\/recherche-action.fr\/revue-peps\/1985\/03\/01\/no-12-sommaire-edito\/\">No 12 &#8211; Sommaire\/Edito<\/a><\/li><li><a href=\"http:\/\/recherche-action.fr\/revue-peps\/1982\/11\/12\/no-1-sommaire-edito\/\">No 01 &#8211; Sommaire \/ Edito<\/a><\/li><\/ul>\n\n\n\n<h2 class=\"wp-block-heading\">Culture<\/h2>\n\n\n\n<ul class=\"lcp_catlist\" id=\"lcp_instance_0\"><li><a href=\"http:\/\/recherche-action.fr\/revue-peps\/1998\/01\/01\/no-56-57-sommaire-edito\/\">No 56\/57 &#8211; Sommaire \/ Edito<\/a><\/li><li><a href=\"http:\/\/recherche-action.fr\/revue-peps\/1993\/01\/06\/41-lextremisme-culturel\/\">No 41 &#8211; L\u2019extr\u00e9misme culturel<\/a><\/li><li><a href=\"http:\/\/recherche-action.fr\/revue-peps\/1993\/01\/06\/no-41-spike-met-le-x\/\">No 41 &#8211; Spike met le x<\/a><\/li><li><a href=\"http:\/\/recherche-action.fr\/revue-peps\/1993\/01\/06\/no-41-rencontre-du-hip-hop-et-du-travail-social\/\">No 41 &#8211; Rencontre du hip hop et du travail social<\/a><\/li><li><a href=\"http:\/\/recherche-action.fr\/revue-peps\/1991\/01\/12\/no-36-sommaire-edito\/\">No 36 &#8211; Sommaire \/ Edito<\/a><\/li><li><a href=\"http:\/\/recherche-action.fr\/revue-peps\/1989\/03\/01\/no-28-sommaire-edito\/\">No 28 &#8211; Sommaire \/ Edito<\/a><\/li><\/ul>\n\n\n\n<h2 class=\"wp-block-heading\">Cultures urbaines<\/h2>\n\n\n\n<ul class=\"lcp_catlist\" id=\"lcp_instance_0\"><li><a href=\"http:\/\/recherche-action.fr\/revue-peps\/1993\/01\/06\/41-lextremisme-culturel\/\">No 41 &#8211; L\u2019extr\u00e9misme culturel<\/a><\/li><\/ul>\n\n\n\n<h2 class=\"wp-block-heading\">D\u00e9veloppement local<\/h2>\n\n\n\n<ul class=\"lcp_catlist\" id=\"lcp_instance_0\"><li><a href=\"http:\/\/recherche-action.fr\/revue-peps\/1987\/11\/01\/no-22-sommaire-edito\/\">No 22 &#8211; Sommaire \/ Edito<\/a><\/li><\/ul>\n\n\n\n<h2 class=\"wp-block-heading\">Diversit\u00e9<\/h2>\n\n\n\n<ul class=\"lcp_catlist\" id=\"lcp_instance_0\"><li><a href=\"http:\/\/recherche-action.fr\/revue-peps\/1993\/01\/01\/no-41-les-figures-de-letranger\/\">No 41 &#8211; Les figures de l\u2019\u00e9tranger<\/a><\/li><\/ul>\n\n\n\n<h2 class=\"wp-block-heading\">\u00c9conomie<\/h2>\n\n\n\n<ul class=\"lcp_catlist\" id=\"lcp_instance_0\"><li><a href=\"http:\/\/recherche-action.fr\/revue-peps\/1987\/03\/01\/no-19-sommaire-edito\/\">No 19 &#8211; Sommaire \/ Edito<\/a><\/li><li><a href=\"http:\/\/recherche-action.fr\/revue-peps\/1985\/11\/01\/no-15-16-sommaire-edito\/\">No 15\/16 &#8211; Sommaire\/Edito<\/a><\/li><li><a href=\"http:\/\/recherche-action.fr\/revue-peps\/1984\/04\/01\/no-08-sommaire-edito\/\">No 08 &#8211; Sommaire \/ Edito<\/a><\/li><\/ul>\n\n\n\n<h2 class=\"wp-block-heading\">\u00c9criture<\/h2>\n\n\n\n<ul class=\"lcp_catlist\" id=\"lcp_instance_0\"><li><a href=\"http:\/\/recherche-action.fr\/revue-peps\/1993\/01\/06\/linscription-des-pratiques-sociales\/\">No 41 &#8211; L\u2019inscription des pratiques sociales<\/a><\/li><li><a href=\"http:\/\/recherche-action.fr\/revue-peps\/1993\/01\/06\/la-formation-des-travailleurs-sociaux-ecrire-pour-memoire\/\">No 41 &#8211; La formation des travailleurs sociaux \u00e9crire pour m\u00e9moire ?<\/a><\/li><li><a href=\"http:\/\/recherche-action.fr\/revue-peps\/1993\/01\/06\/no-41-ce-quecrire-peut-vouloir-dire\/\">No 41 &#8211; Ce qu&rsquo;\u00e9crire peut vouloir dire<\/a><\/li><\/ul>\n\n\n\n<h2 class=\"wp-block-heading\">\u00c9ducation<\/h2>\n\n\n\n<ul class=\"lcp_catlist\" id=\"lcp_instance_0\"><li><a href=\"http:\/\/recherche-action.fr\/revue-peps\/1988\/11\/01\/no-27-sommaire-edito\/\">No 27 &#8211; Sommaire \/ Edito<\/a><\/li><\/ul>\n\n\n\n<h2 class=\"wp-block-heading\">Enfance<\/h2>\n\n\n\n<ul class=\"lcp_catlist\" id=\"lcp_instance_0\"><li><a href=\"http:\/\/recherche-action.fr\/revue-peps\/1983\/12\/01\/no-06-sommaire-edito\/\">No 06 &#8211; Sommaire \/ Edito<\/a><\/li><\/ul>\n\n\n\n<h2 class=\"wp-block-heading\">Enseignement<\/h2>\n\n\n\n<ul class=\"lcp_catlist\" id=\"lcp_instance_0\"><li><a href=\"http:\/\/recherche-action.fr\/revue-peps\/1993\/01\/01\/no-41-travail-social-travail-scolaire-quels-rapports\/\">No 41 &#8211; Travail social, travail scolaire, quels rapports ?<\/a><\/li><\/ul>\n\n\n\n<h2 class=\"wp-block-heading\">Formation<\/h2>\n\n\n\n<ul class=\"lcp_catlist\" id=\"lcp_instance_0\"><li><a href=\"http:\/\/recherche-action.fr\/revue-peps\/2020\/05\/03\/vers-un-nouveau-projet-de-peps\/\">VERS UN NOUVEAU PROJET DE PEPS&#8230;<\/a><\/li><li><a href=\"http:\/\/recherche-action.fr\/revue-peps\/1997\/01\/01\/no-54-55-sommaire-edito-reconnaissance-et-validation-des-acquis\/\">No 54-55 &#8211; Sommaire \/ Edito &#8211; Reconnaissance et validation des acquis<\/a><\/li><li><a href=\"http:\/\/recherche-action.fr\/revue-peps\/1994\/01\/12\/no-45-sommaire-edito\/\">No 45 &#8211; Sommaire \/ Edito<\/a><\/li><li><a href=\"http:\/\/recherche-action.fr\/revue-peps\/1993\/10\/12\/no-44-sommaire-edito\/\">No 44 &#8211; Sommaire \/ Edito<\/a><\/li><li><a href=\"http:\/\/recherche-action.fr\/revue-peps\/1993\/01\/06\/linscription-des-pratiques-sociales\/\">No 41 &#8211; L\u2019inscription des pratiques sociales<\/a><\/li><li><a href=\"http:\/\/recherche-action.fr\/revue-peps\/1993\/01\/06\/la-formation-des-travailleurs-sociaux-ecrire-pour-memoire\/\">No 41 &#8211; La formation des travailleurs sociaux \u00e9crire pour m\u00e9moire ?<\/a><\/li><li><a href=\"http:\/\/recherche-action.fr\/revue-peps\/1993\/01\/06\/no-41-ce-quecrire-peut-vouloir-dire\/\">No 41 &#8211; Ce qu&rsquo;\u00e9crire peut vouloir dire<\/a><\/li><li><a href=\"http:\/\/recherche-action.fr\/revue-peps\/1987\/09\/01\/no-21-sommaire-edito\/\">No 21 &#8211; Sommaire \/ Edito<\/a><\/li><li><a href=\"http:\/\/recherche-action.fr\/revue-peps\/1983\/03\/01\/no-3-sommaire-edito\/\">No 03 &#8211; Sommaire \/ Edito<\/a><\/li><\/ul>\n\n\n\n<h2 class=\"wp-block-heading\">Handicap<\/h2>\n\n\n\n<ul class=\"lcp_catlist\" id=\"lcp_instance_0\"><li><a href=\"http:\/\/recherche-action.fr\/revue-peps\/1990\/10\/01\/no-35-sommaire-edito\/\">No 35 &#8211; Sommaire \/ Edito<\/a><\/li><\/ul>\n\n\n\n<h2 class=\"wp-block-heading\">Immigration<\/h2>\n\n\n\n<ul class=\"lcp_catlist\" id=\"lcp_instance_0\"><li><a href=\"http:\/\/recherche-action.fr\/revue-peps\/1993\/01\/01\/no-41-les-figures-de-letranger\/\">No 41 &#8211; Les figures de l\u2019\u00e9tranger<\/a><\/li><li><a href=\"http:\/\/recherche-action.fr\/revue-peps\/1993\/01\/01\/no-41-les-immigres-le-travail-social-et-les-legislatives-de-93\/\">No 41 &#8211; Les immigr\u00e9s, le travail social et les l\u00e9gislatives de 93<\/a><\/li><li><a href=\"http:\/\/recherche-action.fr\/revue-peps\/1993\/01\/01\/les-apports-successifs-de-limmigration\/\">No 41 &#8211; Les apports successifs de l\u2019immigration<\/a><\/li><li><a href=\"http:\/\/recherche-action.fr\/revue-peps\/1993\/01\/01\/no-41-de-letranger-a-limmigre\/\">No 41 &#8211; De l&rsquo;\u00e9tranger \u00e0 l&rsquo;immigr\u00e9<\/a><\/li><li><a href=\"http:\/\/recherche-action.fr\/revue-peps\/1993\/01\/01\/41-le-foyer-dalfortville-communique\/\">No 41 &#8211; Le foyer d\u2019Alfortville communique<\/a><\/li><li><a href=\"http:\/\/recherche-action.fr\/revue-peps\/1993\/01\/01\/no-41-entre-integration-et-retour\/\">No 41 &#8211; Entre int\u00e9gration et retour<\/a><\/li><li><a href=\"http:\/\/recherche-action.fr\/revue-peps\/1993\/01\/01\/no-41-les-immigres-vieillissent-en-foyer\/\">No 41 &#8211; Les immigr\u00e9s vieillissent en foyer<\/a><\/li><li><a href=\"http:\/\/recherche-action.fr\/revue-peps\/1992\/07\/01\/no-40-sommaire-edito\/\">No 40 &#8211; Sommaire \/ Edito<\/a><\/li><li><a href=\"http:\/\/recherche-action.fr\/revue-peps\/1992\/04\/01\/no-39-sommaire-edito\/\">No 39 &#8211; Sommaire \/ Edito<\/a><\/li><\/ul>\n\n\n\n<h2 class=\"wp-block-heading\">Innovation<\/h2>\n\n\n\n<ul class=\"lcp_catlist\" id=\"lcp_instance_0\"><li><a href=\"http:\/\/recherche-action.fr\/revue-peps\/1996\/07\/01\/no-52-53-sommaire-edito-nouvelles-approches\/\">No 52-53 &#8211; Sommaire \/ Edito &#8211; Nouvelles approches<\/a><\/li><li><a href=\"http:\/\/recherche-action.fr\/revue-peps\/1987\/03\/01\/no-19-sommaire-edito\/\">No 19 &#8211; Sommaire \/ Edito<\/a><\/li><\/ul>\n\n\n\n<h2 class=\"wp-block-heading\">Insertion<\/h2>\n\n\n\n<ul class=\"lcp_catlist\" id=\"lcp_instance_0\"><li><a href=\"http:\/\/recherche-action.fr\/revue-peps\/2020\/01\/01\/no-41-sommaire-edito-les-figures-de-linsertion\/\">No 41 &#8211; Sommaire \/ Edito &#8211; Les figures de l&rsquo;insertion<\/a><\/li><li><a href=\"http:\/\/recherche-action.fr\/revue-peps\/1993\/01\/01\/no-41-developpement-de-foyers-foyers-de-developpement\/\">No 41 &#8211; D\u00e9veloppement de foyers, foyers de d\u00e9veloppement<\/a><\/li><li><a href=\"http:\/\/recherche-action.fr\/revue-peps\/1993\/01\/01\/no-41-linsertion-peripherique-leffet-al-capone\/\">No 41 &#8211; L\u2019insertion p\u00e9riph\u00e9rique, l\u2019effet Al Capone<\/a><\/li><\/ul>\n\n\n\n<h2 class=\"wp-block-heading\">International<\/h2>\n\n\n\n<ul class=\"lcp_catlist\" id=\"lcp_instance_0\"><li><a href=\"http:\/\/recherche-action.fr\/revue-peps\/1993\/01\/06\/no-41-lallemagne-politique-et-travailleur-social\/\">No 41 &#8211; L\u2019Allemagne, politique et travailleur social<\/a><\/li><li><a href=\"http:\/\/recherche-action.fr\/revue-peps\/1993\/01\/01\/no-41-travail-social-et-prevention-a-rimini-italie\/\">No 41 &#8211; Travail social et pr\u00e9vention \u00e0 Rimini (Italie)<\/a><\/li><\/ul>\n\n\n\n<h2 class=\"wp-block-heading\">Institution<\/h2>\n\n\n\n<ul class=\"lcp_catlist\" id=\"lcp_instance_0\"><li><a href=\"http:\/\/recherche-action.fr\/revue-peps\/1985\/09\/01\/no-14-sommaire-edito\/\">No 14 &#8211; Sommaire . Edito<\/a><\/li><\/ul>\n\n\n\n<h2 class=\"wp-block-heading\">Logement<\/h2>\n\n\n\n<ul class=\"lcp_catlist\" id=\"lcp_instance_0\"><li><a href=\"http:\/\/recherche-action.fr\/revue-peps\/1995\/04\/01\/no-50-sommaire-edito\/\">No 50 &#8211; Sommaire \/ Edito<\/a><\/li><li><a href=\"http:\/\/recherche-action.fr\/revue-peps\/1993\/01\/01\/no-41-developpement-de-foyers-foyers-de-developpement\/\">No 41 &#8211; D\u00e9veloppement de foyers, foyers de d\u00e9veloppement<\/a><\/li><\/ul>\n\n\n\n<h2 class=\"wp-block-heading\">Num\u00e9rique<\/h2>\n\n\n\n<ul class=\"lcp_catlist\" id=\"lcp_instance_0\"><li><a href=\"http:\/\/recherche-action.fr\/revue-peps\/1995\/01\/01\/no-49-sommaire-edito\/\">No 49 &#8211; Sommaire \/ Edito<\/a><\/li><\/ul>\n\n\n\n<h2 class=\"wp-block-heading\">P\u00e9dagogie<\/h2>\n\n\n\n<ul class=\"lcp_catlist\" id=\"lcp_instance_0\"><li><a href=\"http:\/\/recherche-action.fr\/revue-peps\/1989\/07\/01\/no-29-sommaire-edito\/\">No 29 &#8211; Sommaire \/ Edito<\/a><\/li><li><a href=\"http:\/\/recherche-action.fr\/revue-peps\/1985\/11\/01\/no-15-16-sommaire-edito\/\">No 15\/16 &#8211; Sommaire\/Edito<\/a><\/li><\/ul>\n\n\n\n<h2 class=\"wp-block-heading\">Politiques<\/h2>\n\n\n\n<ul class=\"lcp_catlist\" id=\"lcp_instance_0\"><li><a href=\"http:\/\/recherche-action.fr\/revue-peps\/1994\/07\/01\/no-47-sommaire-edit\/\">No 47 &#8211; Sommaire \/ Edit<\/a><\/li><li><a href=\"http:\/\/recherche-action.fr\/revue-peps\/1985\/03\/01\/no-12-sommaire-edito\/\">No 12 &#8211; Sommaire\/Edito<\/a><\/li><li><a href=\"http:\/\/recherche-action.fr\/revue-peps\/1985\/01\/13\/no-11-sommaire-edito\/\">No 11- Sommaire \/ Edito<\/a><\/li><li><a href=\"http:\/\/recherche-action.fr\/revue-peps\/1982\/11\/12\/no-1-sommaire-edito\/\">No 01 &#8211; Sommaire \/ Edito<\/a><\/li><li><a href=\"http:\/\/recherche-action.fr\/revue-peps\/1982\/01\/01\/no-2-sommaire-edito\/\">No 02 &#8211; Sommaire . Edito<\/a><\/li><\/ul>\n\n\n\n<h2 class=\"wp-block-heading\">Politiques publiques<\/h2>\n\n\n\n<ul class=\"lcp_catlist\" id=\"lcp_instance_0\"><li><a href=\"http:\/\/recherche-action.fr\/revue-peps\/1984\/07\/01\/no-09-sommaire-edito\/\">No 09 &#8211; Sommaire \/ Edito<\/a><\/li><\/ul>\n\n\n\n<h2 class=\"wp-block-heading\">Prison<\/h2>\n\n\n\n<ul class=\"lcp_catlist\" id=\"lcp_instance_0\"><li><a href=\"http:\/\/recherche-action.fr\/revue-peps\/1988\/09\/01\/liberer-les-idees-pour-sortir-des-prisons\/\">No 26 &#8211; Sommaire\/Edito<\/a><\/li><\/ul>\n\n\n\n<h2 class=\"wp-block-heading\">Professionnalisation<\/h2>\n\n\n\n<ul class=\"lcp_catlist\" id=\"lcp_instance_0\"><li><a href=\"http:\/\/recherche-action.fr\/revue-peps\/1998\/01\/01\/no-58-59-sommaire-edito-sujets-et-institutions\/\">No 58-59 &#8211; Sommaire \/ Edito &#8211; Sujets et institutions<\/a><\/li><li><a href=\"http:\/\/recherche-action.fr\/revue-peps\/1995\/07\/01\/no-51-sommaire-edito-les-parcours-professionnels\/\">No 51 &#8211; Sommaire \/ Edito &#8211; Les parcours professionnels<\/a><\/li><li><a href=\"http:\/\/recherche-action.fr\/revue-peps\/1994\/10\/01\/no-48-sommaire-edito-y-a-t-il-encore-un-travailleur-social-dans-le-secteur\/\">No 48 &#8211; Sommaire \/ Edito &#8211; Y a-t-il encore un travailleur social dans le secteur ?<\/a><\/li><\/ul>\n\n\n\n<h2 class=\"wp-block-heading\">Psychologie<\/h2>\n\n\n\n<ul class=\"lcp_catlist\" id=\"lcp_instance_0\"><li><a href=\"http:\/\/recherche-action.fr\/revue-peps\/1985\/09\/01\/no-14-sommaire-edito\/\">No 14 &#8211; Sommaire . Edito<\/a><\/li><\/ul>\n\n\n\n<h2 class=\"wp-block-heading\">Question sociale<\/h2>\n\n\n\n<ul class=\"lcp_catlist\" id=\"lcp_instance_0\"><li><a href=\"http:\/\/recherche-action.fr\/revue-peps\/1989\/07\/01\/no-29-sommaire-edito\/\">No 29 &#8211; Sommaire \/ Edito<\/a><\/li><li><a href=\"http:\/\/recherche-action.fr\/revue-peps\/1988\/09\/01\/liberer-les-idees-pour-sortir-des-prisons\/\">No 26 &#8211; Sommaire\/Edito<\/a><\/li><\/ul>\n\n\n\n<h2 class=\"wp-block-heading\">Recherche en sciences sociales<\/h2>\n\n\n\n<ul class=\"lcp_catlist\" id=\"lcp_instance_0\"><li><a href=\"http:\/\/recherche-action.fr\/revue-peps\/1993\/01\/06\/no-41-un-educateur-pour-la-fact\/\">No 41 &#8211; Un \u00e9ducateur pour la fact<\/a><\/li><\/ul>\n\n\n\n<h2 class=\"wp-block-heading\">Sant\u00e9<\/h2>\n\n\n\n<ul class=\"lcp_catlist\" id=\"lcp_instance_0\"><li><a href=\"http:\/\/recherche-action.fr\/revue-peps\/1990\/10\/01\/no-35-sommaire-edito\/\">No 35 &#8211; Sommaire \/ Edito<\/a><\/li><li><a href=\"http:\/\/recherche-action.fr\/revue-peps\/1988\/03\/01\/no-24-sommaire-edito\/\">No 24 &#8211; Sommaire \/ Edito<\/a><\/li><\/ul>\n\n\n\n<h2 class=\"wp-block-heading\">Scolarit\u00e9<\/h2>\n\n\n\n<ul class=\"lcp_catlist\" id=\"lcp_instance_0\"><li><a href=\"http:\/\/recherche-action.fr\/revue-peps\/1993\/01\/01\/no-41-travail-social-travail-scolaire-quels-rapports\/\">No 41 &#8211; Travail social, travail scolaire, quels rapports ?<\/a><\/li><\/ul>\n\n\n\n<h2 class=\"wp-block-heading\">Service-social<\/h2>\n\n\n\n<ul class=\"lcp_catlist\" id=\"lcp_instance_0\"><li><a href=\"http:\/\/recherche-action.fr\/revue-peps\/1993\/07\/01\/no-43-sommaire-edito-assistantes-sociales-le-mouvement-concass\/\">No 43 &#8211; Sommaire \/ Edito &#8211; Assistantes sociales : le mouvement CONCASS<\/a><\/li><\/ul>\n\n\n\n<h2 class=\"wp-block-heading\">Travail-social<\/h2>\n\n\n\n<ul class=\"lcp_catlist\" id=\"lcp_instance_0\"><li><a href=\"http:\/\/recherche-action.fr\/revue-peps\/1996\/07\/01\/no-52-53-sommaire-edito-nouvelles-approches\/\">No 52-53 &#8211; Sommaire \/ Edito &#8211; Nouvelles approches<\/a><\/li><li><a href=\"http:\/\/recherche-action.fr\/revue-peps\/1994\/10\/01\/no-48-sommaire-edito-y-a-t-il-encore-un-travailleur-social-dans-le-secteur\/\">No 48 &#8211; Sommaire \/ Edito &#8211; Y a-t-il encore un travailleur social dans le secteur ?<\/a><\/li><li><a href=\"http:\/\/recherche-action.fr\/revue-peps\/1994\/07\/01\/no-47-sommaire-edit\/\">No 47 &#8211; Sommaire \/ Edit<\/a><\/li><li><a href=\"http:\/\/recherche-action.fr\/revue-peps\/1993\/07\/01\/no-43-sommaire-edito-assistantes-sociales-le-mouvement-concass\/\">No 43 &#8211; Sommaire \/ Edito &#8211; Assistantes sociales : le mouvement CONCASS<\/a><\/li><li><a href=\"http:\/\/recherche-action.fr\/revue-peps\/1993\/04\/01\/no-47-sommaire-edito\/\">No 42 &#8211; Sommaire \/ Edito<\/a><\/li><li><a href=\"http:\/\/recherche-action.fr\/revue-peps\/1992\/01\/01\/no-38-sommaire-edito\/\">No 38 &#8211; Sommaire \/ Edito<\/a><\/li><li><a href=\"http:\/\/recherche-action.fr\/revue-peps\/1991\/07\/01\/no-37-sommaire-edito\/\">No 37 &#8211; Sommaire \/ Edito<\/a><\/li><li><a href=\"http:\/\/recherche-action.fr\/revue-peps\/1989\/11\/01\/no-31-sommaire-edito\/\">No 31 &#8211; Sommaire \/ Edito<\/a><\/li><li><a href=\"http:\/\/recherche-action.fr\/revue-peps\/1988\/05\/01\/25-sommaire-edito\/\">No 25 &#8211; Sommaire \/ Edito<\/a><\/li><li><a href=\"http:\/\/recherche-action.fr\/revue-peps\/1987\/01\/01\/no-18-sommaire-edito\/\">No 18 &#8211; Sommaire \/ Edito<\/a><\/li><li><a href=\"http:\/\/recherche-action.fr\/revue-peps\/1985\/11\/01\/no-15-16-sommaire-edito\/\">No 15\/16 &#8211; Sommaire\/Edito<\/a><\/li><li><a href=\"http:\/\/recherche-action.fr\/revue-peps\/1985\/07\/01\/no-13-sommaire-edito\/\">No 13 &#8211; Sommaire \/ Edito<\/a><\/li><li><a href=\"http:\/\/recherche-action.fr\/revue-peps\/1984\/11\/01\/no-10-sommaire-edito\/\">No 10 &#8211; Sommaire \/ Edito<\/a><\/li><li><a href=\"http:\/\/recherche-action.fr\/revue-peps\/1984\/07\/01\/no-09-sommaire-edito\/\">No 09 &#8211; Sommaire \/ Edito<\/a><\/li><li><a href=\"http:\/\/recherche-action.fr\/revue-peps\/1983\/09\/01\/no-5-sommaire-edito\/\">No 5 &#8211; Sommaire \/ Edito<\/a><\/li><li><a href=\"http:\/\/recherche-action.fr\/revue-peps\/1983\/05\/01\/no-4-sommaire-edito\/\">No 04 &#8211; Sommaire \/ Edito<\/a><\/li><\/ul>\n\n\n\n<h2 class=\"wp-block-heading\">Vieillesse<\/h2>\n\n\n\n<ul class=\"lcp_catlist\" id=\"lcp_instance_0\"><li><a href=\"http:\/\/recherche-action.fr\/revue-peps\/1984\/02\/01\/no-07-sommaire-edito\/\">No 07 &#8211; Sommaire \/ Edito<\/a><\/li><\/ul>\n\n\n\n<h2 class=\"wp-block-heading\">Ville<\/h2>\n\n\n\n<ul class=\"lcp_catlist\" id=\"lcp_instance_0\"><li><a href=\"http:\/\/recherche-action.fr\/revue-peps\/1989\/03\/01\/no-28-sommaire-edito\/\">No 28 &#8211; Sommaire \/ Edito<\/a><\/li><li><a href=\"http:\/\/recherche-action.fr\/revue-peps\/1982\/01\/01\/no-2-sommaire-edito\/\">No 02 &#8211; Sommaire . Edito<\/a><\/li><\/ul>\n","protected":false},"excerpt":{"rendered":"<p>Cin\u00e9ma Citoyennet\u00e9 Culture Cultures urbaines D\u00e9veloppement local Diversit\u00e9 \u00c9conomie \u00c9criture \u00c9ducation Enfance Enseignement Formation Handicap Immigration Innovation Insertion International Institution Logement Num\u00e9rique P\u00e9dagogie Politiques Politiques publiques Prison Professionnalisation Psychologie Question sociale Recherche en sciences sociales Sant\u00e9 Scolarit\u00e9 Service-social Travail-social Vieillesse Ville<\/p>\n","protected":false},"author":1,"featured_media":0,"parent":351,"menu_order":0,"comment_status":"closed","ping_status":"closed","template":"template-page-builder-no-sidebar.php","meta":{"footnotes":""},"ppma_author":[2],"class_list":["post-586","page","type-page","status-publish"],"jetpack_sharing_enabled":true,"post_mailing_queue_ids":[],"_links":{"self":[{"href":"http:\/\/recherche-action.fr\/revue-peps\/wp-json\/wp\/v2\/pages\/586","targetHints":{"allow":["GET"]}}],"collection":[{"href":"http:\/\/recherche-action.fr\/revue-peps\/wp-json\/wp\/v2\/pages"}],"about":[{"href":"http:\/\/recherche-action.fr\/revue-peps\/wp-json\/wp\/v2\/types\/page"}],"author":[{"embeddable":true,"href":"http:\/\/recherche-action.fr\/revue-peps\/wp-json\/wp\/v2\/users\/1"}],"replies":[{"embeddable":true,"href":"http:\/\/recherche-action.fr\/revue-peps\/wp-json\/wp\/v2\/comments?post=586"}],"version-history":[{"count":9,"href":"http:\/\/recherche-action.fr\/revue-peps\/wp-json\/wp\/v2\/pages\/586\/revisions"}],"predecessor-version":[{"id":684,"href":"http:\/\/recherche-action.fr\/revue-peps\/wp-json\/wp\/v2\/pages\/586\/revisions\/684"}],"up":[{"embeddable":true,"href":"http:\/\/recherche-action.fr\/revue-peps\/wp-json\/wp\/v2\/pages\/351"}],"wp:attachment":[{"href":"http:\/\/recherche-action.fr\/revue-peps\/wp-json\/wp\/v2\/media?parent=586"}],"wp:term":[{"taxonomy":"author","embeddable":true,"href":"http:\/\/recherche-action.fr\/revue-peps\/wp-json\/wp\/v2\/ppma_author?post=586"}],"curies":[{"name":"wp","href":"https:\/\/api.w.org\/{rel}","templated":true}]}}