{"id":19,"date":"2014-11-10T23:03:53","date_gmt":"2014-11-10T22:03:53","guid":{"rendered":"http:\/\/recherche-action.fr\/ruemarchande\/?page_id=14"},"modified":"2016-05-11T20:20:16","modified_gmt":"2016-05-11T18:20:16","slug":"bibliographie","status":"publish","type":"page","link":"http:\/\/recherche-action.fr\/ruesmarchandes\/ressources\/bibliographie\/","title":{"rendered":"Bibliographie"},"content":{"rendered":"<h1>Etudes et recherches<\/h1>\n<p>\u25cf\u00a0\u00a0 \u00a0ADIE, chiffonniers, r\u00e9cup\u00e9rateurs, vendeurs de la Porte de Montmartre, \u00ab \u00c9tude-action sur les Biffins \u00bb, l\u2019ADIE, Ao\u00fbt 2008<br \/>\n\u25cf\u00a0\u00a0 \u00a0Association AURORE, \u00e9tude qualitative sur \u00ab Les conditions de vie des r\u00e9cup\u00e9rateurs-vendeurs biffins en Ile-de-France \u00bb, porteur de projet association Aurore, Conseil R\u00e9gional d\u2019\u00cele-de-France, 2012<br \/>\n\u25cf\u00a0\u00a0 \u00a0CERPHI, Les glaneurs alimentaires, Rapport d&rsquo;\u00e9tude qualitative Remis \u00e0 la DIIESES pour le Haut Commissariat aux Solidarit\u00e9s Actives contre la Pauvret\u00e9, 2009<br \/>\n\u25cf\u00a0\u00a0 \u00a0CHATTON Tiphaine, Le march\u00e9 aux puces de Saint-Ouen : une esquisse de projet urbain, DESS d&rsquo;am\u00e9nagement et d&rsquo;urbanisme, Universit\u00e9s de Paris I et Paris VIII, 2000<br \/>\n\u25cf\u00a0\u00a0 \u00a0DUCLOS M\u00e9lanie, Pour ne pas \u00eatre \u00ab\u00a0de l\u2019autre c\u00f4t\u00e9 de la barri\u00e8re\u00a0\u00bb, Le march\u00e9 de la Porte Montmartre, Universit\u00e9 Paris Diderot Paris 7, UFR Sciences Sociales \u2013 Laboratoire URMIS, 2011<br \/>\n\u25cf\u00a0\u00a0 \u00a0MILLIOT Virginie, Les archipels de la goutte d\u2019or. Analyse anthropologique d\u2019une \u00ab m\u00e9tropolisation par le bas \u00bb, Programme de recherche \u00ab Culture et Territoires en Ile-de-France \u00bb, 2010<br \/>\n\u25cf\u00a0\u00a0 \u00a0PASDELOUP Lauriane, L\u2019occupation de l\u2019espace public par les biffins \u00e0 Paris, M\u00e9moire de Master 2 de Ma\u00eetrise d\u2019ouvrage des projets urbains UPEC Universit\u00e9 Paris-Cr\u00e9teil \u2013 Institut d\u2019urbanisme de Paris, 2011<br \/>\n\u25cf\u00a0\u00a0 \u00a0ROUSTAN M\u00e9lanie, Acheter d\u2019occasion sur Internet. Parcours de consommateurs, vies d\u2019objets, Centre de Recherche pour l\u2019\u00c9tude et l\u2019Observation des Conditions de Vie, Cahier de recherche N\u00b0 239, D\u00e9cembre 2007, D\u00e9partement \u00ab Consommation\u00bb<\/p>\n<h1>Ouvrages<\/h1>\n<p>\u25cf\u00a0\u00a0 \u00a0ARESSY Lucien, PARM\u00c9NIE Antoine, La cit\u00e9 des \u00e9paves. Le march\u00e9 aux Puces, \u00c9ditions litt\u00e9raires et artistiques, 1943<br \/>\n\u25cf\u00a0\u00a0 \u00a0BARLES Sabine, L&rsquo;invention des d\u00e9chets urbains : France 1790-1970, Champ Vallon, 2005, (Milieux)<br \/>\n\u25cf\u00a0\u00a0 \u00a0BAZABAS Dingan, Du march\u00e9 de rue en Ha\u00efti : le syst\u00e8me urbain de Port-au-Prince face \u00e0 ses entreprises \u00ab\u00a0d&rsquo;espace-rue\u00a0\u00bb, L&rsquo;Harmattan, 1997, (Villes et entreprises)<br \/>\n\u25cf\u00a0\u00a0 \u00a0BEAUNE Jean-Claude (Sous la Dir.), Le d\u00e9chet, le rebut, le rien, Champ Vallon, 1999, (Milieux)<br \/>\n\u25cf\u00a0\u00a0 \u00a0BEDEL Jean, Les Puces ont cent ans. Histoire des chiffonniers brocanteurs et autres chineurs du Moyen-\u00c2ge \u00e0 nos jours, Cany : Presses de l&rsquo;imprimerie Gabel, 1985<br \/>\n\u25cf\u00a0\u00a0 \u00a0BERTOLINI G\u00e9rard, DELALANDE Claire, La poubelle et le recyclage : A petits pas, Actes Sud Junior, 2007 (actes sud junior)<br \/>\n\u25cf\u00a0\u00a0 \u00a0BERTOLINI G\u00e9rard, \u00c9conomie et gestion des d\u00e9chets m\u00e9nagers, L&rsquo;Harmattan 2000, (Environnement)<br \/>\n\u25cf\u00a0\u00a0 \u00a0BERTOLINI G\u00e9rard, Le d\u00e9chet, c&rsquo;est les autres, Er\u00e8s, 2006, (M\u00eame pas vrai)<br \/>\n\u25cf\u00a0\u00a0 \u00a0BERTOLINI G\u00e9rard, Le march\u00e9 des ordures : \u00e9conomie et gestion des d\u00e9chets m\u00e9nagers, L&rsquo;Harmattan, 2000, (Environnement)<br \/>\n\u25cf\u00a0\u00a0 \u00a0BERTOLINI G\u00e9rard, Les d\u00e9chets m\u00e9nagers, entre priv\u00e9 et public. Approches sociologiques, L&rsquo;Harmattan, 2002 (Sciences Humaines et Sociales)<br \/>\n\u25cf\u00a0\u00a0 \u00a0BERTOLINI G\u00e9rard, \u00ab Les v\u00eatements d&rsquo;occasion et leurs p\u00e9r\u00e9grinations &#8211; Pass\u00e9, pr\u00e9sent et avenir de la friperie \u00bb in G\u00e9ographie et Cultures n\u00b056, L\u2019Harmattan, 2006, pages 71-89<br \/>\n\u25cf\u00a0\u00a0 \u00a0BONJEAN Olivier, De l&rsquo;or dans nos poubelles, Carbonnier-Quillateau, 2011<br \/>\n\u25cf\u00a0\u00a0 \u00a0BRODY Jeanne (Ss la Dir.), La rue, Presses universitaires du Mirail, 2005, (Socio-logiques)<br \/>\n\u25cf\u00a0\u00a0 \u00a0CANS Roger, Le monde Poubelle, F1rst documents, 1990<br \/>\n\u25cf\u00a0\u00a0 \u00a0CHARMES Jacques, Secteur informel, emploi informel, \u00e9conomie non observ\u00e9e : m\u00e9thodes de mesure et d&rsquo;estimation appliqu\u00e9es aux \u00e9conomies en transition, C3ED &#8211; Universit\u00e9 de Versailles Saint Quentin en Yvelines, 2002<br \/>\n\u25cf\u00a0\u00a0 \u00a0CL\u00c9BERT Jean-Paul, MOLINARD Patrice, Paris insolite, Attira, 2009<br \/>\n\u25cf\u00a0\u00a0 \u00a0CORTEEL Delphine, LE LAY St\u00e9phane, Les travailleurs des d\u00e9chets, Er\u00e8s, 2011 (Clinique du travail)<br \/>\n\u25cf\u00a0\u00a0 \u00a0COSTES Laurence, L&rsquo;\u00e9tranger sous terre : commer\u00e7ants et vendeurs \u00e0 la sauvette du m\u00e9tro parisien, L&rsquo;Harmattan, 2000, (Logiques sociales)<br \/>\n\u25cf\u00a0\u00a0 \u00a0DESJEUX Dominique, GARABUAU-MOUSSAOUI Isabelle (Sous la direction de), Objet banal, objet social : les objets quotidiens comme r\u00e9v\u00e9lateurs des relations sociales, L&rsquo;Harmattan, 2000 (Dossiers)<br \/>\n\u25cf\u00a0\u00a0 \u00a0ESPACES ET SOCI\u00c9T\u00c9S (n\u00b0 144-145), Usages populaires de l\u2019espace, \u00c9r\u00e8s, 2011<br \/>\n\u25cf\u00a0\u00a0 \u00a0FAURE Alain, \u00ab Classe malpropre, classe dangereuse ? Quelques remarques \u00e0 propos des chiffonniers parisiens au XIX\u00e8me si\u00e8cle et de leurs cit\u00e9s \u00bb, Recherches, n\u00b0 29, 1977, pp. 79-102<br \/>\n\u25cf\u00a0\u00a0 \u00a0FAURE Alain, \u00ab Un peuple dans sa ville ou le cours d&rsquo;une longue recherche \u00bb, Gen\u00e8ses 1\/2001 (n\u00b042), p. 92-105<br \/>\n\u25cf\u00a0\u00a0 \u00a0FONTAINE Laurence, Pauvret\u00e9 et strat\u00e9gies de survie : une conf\u00e9rence-d\u00e9bat de l&rsquo;Association Emma\u00fcs, Rue d&rsquo;Ulm, 2008, (La rue ? Parlons-en !)<br \/>\n\u25cf\u00a0\u00a0 \u00a0FRAN\u00c7OIS S\u00e9bastien, \u00ab Les vendeurs \u00e0 la sauvette sur le parvis de la Tour Eiffel (observation) \u00bb, 2\/2004 (n\u00b0 7), p. 25-43<br \/>\n\u25cf\u00a0\u00a0 \u00a0GABEL Philippe, DEBARY Octave, Vide-greniers, Cr\u00e9aphis \u00e9ditions 2011 (Foto)<br \/>\n\u25cf\u00a0\u00a0 \u00a0GARABUAU-MOUSSAOUI Isabelle, DESJEUX Dominique (Sous la dir.), Objet banal, objet social. Les objets quotidiens comme r\u00e9v\u00e9lateurs des relations sociales, L&rsquo;Harmattan, 2000 (Collection : Dossiers)<br \/>\n\u25cf\u00a0\u00a0 \u00a0GARGOV Philippe, Poubelle la ville, Chroniques des villes agiles#3, BlogChronos, 2011<\/p>\n<p>\u25cf\u00a0\u00a0 \u00a0GRIMALDI Yvan, CHOUATRA Pascale, De seconde main. Vendeurs de rue et travailleurs sociaux face \u00e0 face dans la crise, L\u2019Harmattan, 2014, (Coll Les \u00e9crits de BUC Ressources)<br \/>\n\u25cf\u00a0\u00a0 \u00a0GONZALEZ-LAFAYSSE Linda \u00ab Les chiffonniers bordelais \u00e0 la fin du XIX\u00e8me si\u00e8cle \u00bb, Ethnologie fran\u00e7aise 3\/2010 (Vol. 40), p. 521-530<br \/>\n\u25cf\u00a0\u00a0 \u00a0GRANOVETTER Mark, Le march\u00e9 autrement : recueil d&rsquo;essais, Descl\u00e9e de Brouwe, 2000, (Sociologie \u00e9conomique)<br \/>\n\u25cf\u00a0\u00a0 \u00a0HASSOUN Jean-Pierre \u00ab La place marchande en ville : quelques significations sociales \u00bb, Ethnologie fran\u00e7aise 1\/2005 (Vol. 35), p. 5-16<br \/>\n\u25cf\u00a0\u00a0 \u00a0HILY Marie-Antoinette et RINAUDO Christian \u00ab L&rsquo;exp\u00e9rience des vendeurs migrants sur le march\u00e9 de Vintimille \u00bb, Revue Fran\u00e7aise des Affaires sociales 2\/2004 (n\u00b0 2), p. 165-180<br \/>\n\u25cf\u00a0\u00a0 \u00a0JOSEPH Isaac (Textes r\u00e9unis par), Prendre place : espace public et culture dramatique, (Colloque de Cerisy), Recherches Plan Urbain, 1995<br \/>\n\u25cf\u00a0\u00a0 \u00a0LALLEMENT Emanuelle (2010), La ville marchande. Enqu\u00eate \u00e0 Barb\u00e8s, Paris : T\u00e9rad\u00e8re<br \/>\n\u25cf\u00a0\u00a0 \u00a0LHUILIER Dominique, COCHIN Yann, Des d\u00e9chets et des hommes, Descl\u00e9e de Brouwer, 1999, (Sociologie clinique)<br \/>\n\u25cf\u00a0\u00a0 \u00a0PAULIAN Louis, La hotte du chiffonnier, Hachette, 1896<br \/>\n\u25cf\u00a0\u00a0 \u00a0P\u00c9RALDI Michel , FOUGHALI Nouara, SPINOUSA Nancy, \u00ab Le march\u00e9 des pauvres, espace commercial et espace public \u00bb in Revue europ\u00e9enne de migrations internationales. Vol. 11 N\u00b01. Marseille et ses \u00e9trangers. pp. 77-97<br \/>\n\u25cf\u00a0\u00a0 \u00a0PIERRE Magali, Les d\u00e9chets m\u00e9nagers, entre priv\u00e9 et public. Approches sociologique, L&rsquo;Harmattan, 2002, (Dossiers sciences humaines et sociales)<br \/>\n\u25cf\u00a0\u00a0 \u00a0PROST Barbara \u00ab Dissimuler, montrer, oublier nettoyage et nettoyeurs \u00bb, Hypoth\u00e8ses 1\/2006, p. 67-75<br \/>\n\u25cf\u00a0\u00a0 \u00a0PYAT F\u00e9lix, Le chiffonnier de Paris, Calmann-L\u00e9vy, 1884<br \/>\n\u25cf\u00a0\u00a0 \u00a0SAUVADET Thomas et al, Usages populaires de l&rsquo;espace, Espaces et soci\u00e9t\u00e9s N\u00b0 144-145, Er\u00e8s, 2011<br \/>\n\u25cf\u00a0\u00a0 \u00a0SCIARDET Herv\u00e9, \u00ab De l&rsquo;autre c\u00f4t\u00e9 du trottoir, le commerce de brocante aux puces de Saint-Ouen \u00bb in La rue, Presses universitaires du Mirail, 2005, (Socio-logiques)<br \/>\n\u25cf\u00a0\u00a0 \u00a0SCIARDET Herv\u00e9, Les marchands de l&rsquo;aube : ethnographie et th\u00e9orie du commerce aux Puces de Saint-Ouen, Economica, 2003 (Etudes sociologiques)<br \/>\n\u25cf\u00a0\u00a0 \u00a0SILGUY de) Catherine, Histoire des hommes et de leurs ordures : du Moyen \u00e2ge \u00e0 nos jours, Le Cherche Midi, 2009, (Documents)<br \/>\n\u25cf\u00a0\u00a0 \u00a0SIMON Boris, Les Chiffonniers d&rsquo;Emm\u00e4us, Michalon, 2004 (Action Sociale)<br \/>\n\u25cf\u00a0\u00a0 \u00a0TAUVERON Albert, Les ann\u00e9es poubelle, Presses Universitaires de Grenoble, 1984, (Influences)<br \/>\n\u25cf\u00a0\u00a0 \u00a0VIALLE Catherine, GOUTEL B\u00e9atrice (de), Guide du chineur parisien, Parigramme , 1994<br \/>\n\u25cf\u00a0\u00a0 \u00a0WACQUANT Lo\u00efc, Punir les pauvres : le nouveau gouvernement de l&rsquo;ins\u00e9curit\u00e9 sociale, Agone, 2004, (Contre-feux)<\/p>\n","protected":false},"excerpt":{"rendered":"<p>Etudes et recherches \u25cf\u00a0\u00a0 \u00a0ADIE, chiffonniers, r\u00e9cup\u00e9rateurs, vendeurs de la Porte de Montmartre, \u00ab \u00c9tude-action sur les Biffins \u00bb, l\u2019ADIE, Ao\u00fbt 2008 \u25cf\u00a0\u00a0 \u00a0Association AURORE, \u00e9tude qualitative sur \u00ab Les [&hellip;]<\/p>\n","protected":false},"author":1,"featured_media":0,"parent":18,"menu_order":0,"comment_status":"open","ping_status":"open","template":"page-templates\/full-width.php","meta":{"footnotes":""},"class_list":["post-19","page","type-page","status-publish","hentry"],"jetpack_sharing_enabled":true,"jetpack_shortlink":"https:\/\/wp.me\/P7xknf-j","post_mailing_queue_ids":[],"_links":{"self":[{"href":"http:\/\/recherche-action.fr\/ruesmarchandes\/wp-json\/wp\/v2\/pages\/19","targetHints":{"allow":["GET"]}}],"collection":[{"href":"http:\/\/recherche-action.fr\/ruesmarchandes\/wp-json\/wp\/v2\/pages"}],"about":[{"href":"http:\/\/recherche-action.fr\/ruesmarchandes\/wp-json\/wp\/v2\/types\/page"}],"author":[{"embeddable":true,"href":"http:\/\/recherche-action.fr\/ruesmarchandes\/wp-json\/wp\/v2\/users\/1"}],"replies":[{"embeddable":true,"href":"http:\/\/recherche-action.fr\/ruesmarchandes\/wp-json\/wp\/v2\/comments?post=19"}],"version-history":[{"count":1,"href":"http:\/\/recherche-action.fr\/ruesmarchandes\/wp-json\/wp\/v2\/pages\/19\/revisions"}],"predecessor-version":[{"id":518,"href":"http:\/\/recherche-action.fr\/ruesmarchandes\/wp-json\/wp\/v2\/pages\/19\/revisions\/518"}],"up":[{"embeddable":true,"href":"http:\/\/recherche-action.fr\/ruesmarchandes\/wp-json\/wp\/v2\/pages\/18"}],"wp:attachment":[{"href":"http:\/\/recherche-action.fr\/ruesmarchandes\/wp-json\/wp\/v2\/media?parent=19"}],"curies":[{"name":"wp","href":"https:\/\/api.w.org\/{rel}","templated":true}]}}