{"id":42,"date":"2014-11-11T23:18:54","date_gmt":"2014-11-11T22:18:54","guid":{"rendered":"http:\/\/recherche-action.fr\/ruemarchande\/?page_id=42"},"modified":"2016-05-11T20:19:16","modified_gmt":"2016-05-11T18:19:16","slug":"liens","status":"publish","type":"page","link":"http:\/\/recherche-action.fr\/ruesmarchandes\/ressources\/liens\/","title":{"rendered":"Liens"},"content":{"rendered":"<!-- Beginning of Link Library Output --><div id='linklist1' class='linklist'><!-- Div Linklist -->\n<span class=\"nolinkstodisplay\">Tous vos liens doivent avoir au moins une cat\u00e9gorie assign\u00e9e pour \u00eatre affich\u00e9s<\/span><script type='text\/javascript'>\njQuery(document).ready(function()\n{\njQuery('.arrow-up').hide();\njQuery('#linklist1 a.track_this_link').click(function() {\nlinkid = this.id;\nlinkid = linkid.substring(5);\npath = '';\njQuery.ajax( {    type: 'POST',    url: 'http:\/\/recherche-action.fr\/ruesmarchandes\/wp-admin\/admin-ajax.php',     data: { action: 'link_library_tracker',             _ajax_nonce: '07b7c4e4fa',             id:linkid, xpath:path }     });\nreturn true;\n});\njQuery('#linklist1 .expandlinks').click(function() {\ntarget = '.' + jQuery(this).attr('id');\nsubcattarget = '.' + jQuery(this).attr('data-subcat');\nif ( jQuery( target ).is(':visible') ) {\njQuery(target).slideUp();\njQuery(subcattarget).slideToggle();\njQuery(this).children('img').attr('src', 'http:\/\/recherche-action.fr\/ruesmarchandes\/wp-content\/plugins\/link-library\/icons\/expand-32.png');\n} else {\njQuery(target).slideDown();\njQuery(subcattarget).slideToggle();\njQuery(this).children('img').attr('src', 'http:\/\/recherche-action.fr\/ruesmarchandes\/wp-content\/plugins\/link-library\/icons\/collapse-32.png');\n}\n});\njQuery('#linklist1 .linklistcatclass').click(function() {\njQuery(this).siblings('.expandlinks').click();\n});\njQuery('#linklist1 .linklistcatnamedesc').click(function() {\njQuery(this).siblings('.expandlinks').click();\n});\n});\n<\/script>\n<\/div><!-- Div Linklist -->\n<!-- End of Link Library Output -->\n\n\n","protected":false},"excerpt":{"rendered":"","protected":false},"author":1,"featured_media":0,"parent":18,"menu_order":0,"comment_status":"open","ping_status":"open","template":"page-templates\/full-width.php","meta":{"footnotes":""},"class_list":["post-42","page","type-page","status-publish","hentry"],"jetpack_sharing_enabled":true,"jetpack_shortlink":"https:\/\/wp.me\/P7xknf-G","post_mailing_queue_ids":[],"_links":{"self":[{"href":"http:\/\/recherche-action.fr\/ruesmarchandes\/wp-json\/wp\/v2\/pages\/42","targetHints":{"allow":["GET"]}}],"collection":[{"href":"http:\/\/recherche-action.fr\/ruesmarchandes\/wp-json\/wp\/v2\/pages"}],"about":[{"href":"http:\/\/recherche-action.fr\/ruesmarchandes\/wp-json\/wp\/v2\/types\/page"}],"author":[{"embeddable":true,"href":"http:\/\/recherche-action.fr\/ruesmarchandes\/wp-json\/wp\/v2\/users\/1"}],"replies":[{"embeddable":true,"href":"http:\/\/recherche-action.fr\/ruesmarchandes\/wp-json\/wp\/v2\/comments?post=42"}],"version-history":[{"count":1,"href":"http:\/\/recherche-action.fr\/ruesmarchandes\/wp-json\/wp\/v2\/pages\/42\/revisions"}],"predecessor-version":[{"id":516,"href":"http:\/\/recherche-action.fr\/ruesmarchandes\/wp-json\/wp\/v2\/pages\/42\/revisions\/516"}],"up":[{"embeddable":true,"href":"http:\/\/recherche-action.fr\/ruesmarchandes\/wp-json\/wp\/v2\/pages\/18"}],"wp:attachment":[{"href":"http:\/\/recherche-action.fr\/ruesmarchandes\/wp-json\/wp\/v2\/media?parent=42"}],"curies":[{"name":"wp","href":"https:\/\/api.w.org\/{rel}","templated":true}]}}