{"id":15,"date":"2025-07-23T08:10:25","date_gmt":"2025-07-23T06:10:25","guid":{"rendered":"https:\/\/recherche-action.fr\/banquetspoetiquesurbains\/?page_id=15"},"modified":"2025-08-19T13:23:30","modified_gmt":"2025-08-19T11:23:30","slug":"presentation","status":"publish","type":"page","link":"https:\/\/recherche-action.fr\/banquetspoetiquesurbains\/presentation\/","title":{"rendered":"Pr\u00e9sentation"},"content":{"rendered":"\n<p>Depuis le 5 avril 2025, Zizanie Milcas propose dans la cit\u00e9 Jules Vall\u00e8s la saison des Banquets po\u00e9tiques Urbains. Les 1er samedis de chaque mois Zizanie Milcas avec les acteurs du quartier (<strong><a href=\"https:\/\/www.facebook.com\/p\/Maida-Pour-Tous-100005936206340\/\" data-type=\"link\" data-id=\"https:\/\/www.facebook.com\/p\/Maida-Pour-Tous-100005936206340\/\">Ma\u00efda Pour Tous<\/a><\/strong> et Maison des jeunes de la Cit\u00e9 Jules Vall\u00e8s de <strong>l<a href=\"https:\/\/www.omja.fr\/\" data-type=\"link\" data-id=\"https:\/\/www.omja.fr\/\">&lsquo;OMJA<\/a><\/strong>)&nbsp;et de la ville (<a href=\"https:\/\/lapepiniere-aubervilliers.fr\/\" data-type=\"link\" data-id=\"https:\/\/lapepiniere-aubervilliers.fr\/\">la P\u00e9pini\u00e8re<\/a>) proposent des petites formes d&rsquo;art de rue des compagnies de la&nbsp; <a href=\"https:\/\/villamaisdici.org\/\" data-type=\"link\" data-id=\"https:\/\/villamaisdici.org\/\">V<strong>illa Mais D&rsquo;ici<\/strong><\/a> pour toutes les familles de la Cit\u00e9 Jules Vall\u00e8s qui se cl\u00f4turent autour d&rsquo;un go\u00fbter.<\/p>\n\n\n\n<p>La <strong>saison des Banquets po\u00e9tiques Urbains<\/strong> est la premi\u00e8re \u00e9tape de la Fabrique des Utopies Ordinaires.<\/p>\n\n\n\n<p>La Fabrique des Utopies ordinaires est une m\u00e9thodologie fortement influenc\u00e9e par les p\u00e9dagogies d&rsquo;\u00e9ducation populaire. Elle se d\u00e9roule en trois \u00e9tapes. La premi\u00e8re \u00e9tape,<em> la <strong>saison de Banquets Po\u00e9tiques Urbains<\/strong><\/em>, elle cr\u00e9e le pr\u00e9texte pour r\u00e9unir&nbsp; les habitants autour de hors temps po\u00e9tiques (les petites formes d&rsquo;art de rue), moments suspendus pour se permettre de regarder son quartier autrement et en percevoir d&rsquo;autres possibles.<\/p>\n\n\n\n<p>La deuxi\u00e8me \u00e9tape est le moment de<strong> r\u00e9coltes des possibles<\/strong>. Pendant la saison de Banquets Po\u00e9tiques Urbains, Zizanie Milcas va \u00e0 la rencontre des habitants pour r\u00e9colter leurs savoirs chauds (ce qu&rsquo;ils aiment dans leur cit\u00e9, ce qu&rsquo;ils aimaient bien et qui n&rsquo;existent plus, ce qu&rsquo;ils aimeraient am\u00e9liorer dans le cadre de vie de la cit\u00e9 Jules Vall\u00e8s et ce qu&rsquo;ils proposent pour le faire), leurs usages (ce qu&rsquo;ils aiment faire dans la cit\u00e9 Jules Vall\u00e8s, ce qu&rsquo;ils per\u00e7oivent de possible \u00e0 faire dans la cit\u00e9 Jules Vall\u00e8s).<\/p>\n\n\n\n<p>La troisi\u00e8me \u00e9tape est la recherche action. De cette r\u00e9colte des possibles Zizanie Milcas effectuera une carte des possibles pour mettre en lumi\u00e8re les envies d&rsquo;am\u00e9liorations et les possibles disponibles pour les travailler\u00a0; pour permettre aux habitants de se r\u00e9unir autour d&rsquo;envies d&rsquo;am\u00e9liorations communes, pour les mettre en lien avec les acteurs de la ville et les associations de proximit\u00e9 qui travaillent ces axes d&rsquo;am\u00e9liorations. Cette recherche action sera supervis\u00e9e par <a href=\"https:\/\/recherche-action.fr\/labo-social\/\" data-type=\"link\" data-id=\"https:\/\/recherche-action.fr\/labo-social\/\" target=\"_blank\" rel=\"noreferrer noopener\">LISRA<\/a> pour permettre des temps \u00a0de distanciation et de r\u00e9flexivit\u00e9, pour apporter de la ressource et pour maintenir la dynamique de la recherche.<\/p>\n\n\n\n<p>L&rsquo;objectif de cette d\u00e9marche est de permettre au habitants et aux acteurs de la ville (associations, professionnels , \u00e9lus,&#8230;) de coop\u00e9rer autour de l&rsquo;am\u00e9lioration du cadre de vie de la cit\u00e9 Jules Vall\u00e8s. De mettre en place des espaces et des habitudes de dialogue sociale entre les professionnels et les habitants pour r\u00e9fl\u00e9chir et construire les axes de d&rsquo;am\u00e9lioration du cadre de vie avec et pour les habitants et \u00e0 partir de leurs savoirs, de leurs usages et de leurs disponibilit\u00e9s.<\/p>\n","protected":false},"excerpt":{"rendered":"<p>Depuis le 5 avril 2025, Zizanie Milcas propose dans la cit\u00e9 Jules Vall\u00e8s la saison des Banquets po\u00e9tiques Urbains. Les 1er samedis de chaque mois Zizanie Milcas avec les acteurs du quartier (Ma\u00efda Pour Tous et Maison des jeunes de la Cit\u00e9 Jules Vall\u00e8s de l&lsquo;OMJA)&nbsp;et de la ville (la P\u00e9pini\u00e8re) proposent des petites formes [&hellip;]<\/p>\n","protected":false},"author":1,"featured_media":0,"parent":0,"menu_order":0,"comment_status":"closed","ping_status":"closed","template":"","meta":{"footnotes":""},"class_list":["post-15","page","type-page","status-publish","hentry"],"_links":{"self":[{"href":"https:\/\/recherche-action.fr\/banquetspoetiquesurbains\/wp-json\/wp\/v2\/pages\/15","targetHints":{"allow":["GET"]}}],"collection":[{"href":"https:\/\/recherche-action.fr\/banquetspoetiquesurbains\/wp-json\/wp\/v2\/pages"}],"about":[{"href":"https:\/\/recherche-action.fr\/banquetspoetiquesurbains\/wp-json\/wp\/v2\/types\/page"}],"author":[{"embeddable":true,"href":"https:\/\/recherche-action.fr\/banquetspoetiquesurbains\/wp-json\/wp\/v2\/users\/1"}],"replies":[{"embeddable":true,"href":"https:\/\/recherche-action.fr\/banquetspoetiquesurbains\/wp-json\/wp\/v2\/comments?post=15"}],"version-history":[{"count":3,"href":"https:\/\/recherche-action.fr\/banquetspoetiquesurbains\/wp-json\/wp\/v2\/pages\/15\/revisions"}],"predecessor-version":[{"id":95,"href":"https:\/\/recherche-action.fr\/banquetspoetiquesurbains\/wp-json\/wp\/v2\/pages\/15\/revisions\/95"}],"wp:attachment":[{"href":"https:\/\/recherche-action.fr\/banquetspoetiquesurbains\/wp-json\/wp\/v2\/media?parent=15"}],"curies":[{"name":"wp","href":"https:\/\/api.w.org\/{rel}","templated":true}]}}