{"id":88,"date":"2025-08-01T13:37:47","date_gmt":"2025-08-01T11:37:47","guid":{"rendered":"https:\/\/recherche-action.fr\/banquetspoetiquesurbains\/?page_id=88"},"modified":"2025-08-01T14:36:54","modified_gmt":"2025-08-01T12:36:54","slug":"88-2","status":"publish","type":"page","link":"https:\/\/recherche-action.fr\/banquetspoetiquesurbains\/88-2\/","title":{"rendered":"La R\u00e9colte des Possibles"},"content":{"rendered":"\n<figure class=\"wp-block-image\"><img decoding=\"async\" src=\"https:\/\/lh3.googleusercontent.com\/a\/ACg8ocIJkqfuKW6vc1coI4fjIde5S2CWTgDBVXrAzU_4S0WbULNrGoce=s40-p\" alt=\"\" \/><\/figure>\n\n\n\n<p>Bonjour,<\/p>\n\n\n\n<p>Vous \u00eates au courant que Zizanie Milcas, Maida Pour Tous aid\u00e9e de l&rsquo;OMJA et Popote Papote de la P\u00e9pini\u00e8re organisent les Banquets Po\u00e9tiques Urbains les 1er Samedis de chaque mois, petites formes d&rsquo;art de rue propos\u00e9es par la Villa Mais D&rsquo;ici qui se cl\u00f4turent autour d&rsquo;un go\u00fbter (concoct\u00e9 par Maida Pour Tous et Popote Papote de la P\u00e9pini\u00e8re&nbsp;; sal\u00e9s ou sucr\u00e9e selon l&rsquo;horaire).<\/p>\n\n\n\n<p>En parall\u00e8le de cette saison de Banquets, Zizanie Milcas effectue une r\u00e9colte des possibles du quartier. C&rsquo;est \u00e0 dire Zizanie Milcas va \u00e0 la rencontre des habitants pour r\u00e9colter&nbsp;:<\/p>\n\n\n\n<ul class=\"wp-block-list\">\n<li>Ce qu&rsquo;ils aiment dans leur cit\u00e9.<\/li>\n\n\n\n<li>Ce qu&rsquo;ils aimaient bien et qui n&rsquo;existent plus.<\/li>\n\n\n\n<li>Ce qu&rsquo;ils aimeraient am\u00e9liorer pour le cadre de vie de la cit\u00e9 Jules Vall\u00e8s et ce qu&rsquo;ils proposent pour le faire.<\/li>\n\n\n\n<li>Ce qu&rsquo;ils aiment faire dans la cit\u00e9 Jules Vall\u00e8s.<\/li>\n\n\n\n<li>Ce qu&rsquo;ils per\u00e7oivent de possible d&rsquo;y faire.<\/li>\n<\/ul>\n\n\n\n<p>A la fin de la Saison des Banquets po\u00e9tiques Urbains, Zizanie Milcas transformera cette r\u00e9colte des possibles en carte des possibles pour mettre en lumi\u00e8re les envies d&rsquo;am\u00e9liorations et les possibles disponibles pour les travailler&nbsp;; pour permettre aux habitants de se r\u00e9unir autour d&rsquo;envies d&rsquo;am\u00e9liorations communes et pour les mettre en lien avec les acteurs de la ville et les associations de proximit\u00e9 qui travaillent ces axes d&rsquo;am\u00e9liorations.<\/p>\n\n\n\n<p>Comme vous \u00eates un habitant de la cit\u00e9 Jules Vall\u00e8s, je me permets de vous transmettre ces 4 questions libres.<\/p>\n\n\n\n<p>N&rsquo;h\u00e9sitez \u00e0<a href=\"https:\/\/docs.google.com\/document\/d\/1qhjJgd3R_N3DZdQo8pviviD8VrSe9-Ej326PXKF1Ac8\/edit?usp=sharing\" target=\"_blank\" rel=\"noreferrer noopener\"> <strong>t\u00e9l\u00e9charger ce questionnaire<\/strong><\/a> , y r\u00e9pondre et me le renvoyer.<\/p>\n\n\n\n<p>Et si vous vous voulez nous aider, n&rsquo;h\u00e9sitez pas \u00e0 le diffuser \u00e0 vos voisins.<\/p>\n\n\n\n<p><\/p>\n","protected":false},"excerpt":{"rendered":"<p>Bonjour, Vous \u00eates au courant que Zizanie Milcas, Maida Pour Tous aid\u00e9e de l&rsquo;OMJA et Popote Papote de la P\u00e9pini\u00e8re organisent les Banquets Po\u00e9tiques Urbains les 1er Samedis de chaque mois, petites formes d&rsquo;art de rue propos\u00e9es par la Villa Mais D&rsquo;ici qui se cl\u00f4turent autour d&rsquo;un go\u00fbter (concoct\u00e9 par Maida Pour Tous et Popote [&hellip;]<\/p>\n","protected":false},"author":105,"featured_media":0,"parent":0,"menu_order":0,"comment_status":"closed","ping_status":"closed","template":"","meta":{"footnotes":""},"class_list":["post-88","page","type-page","status-publish","hentry"],"_links":{"self":[{"href":"https:\/\/recherche-action.fr\/banquetspoetiquesurbains\/wp-json\/wp\/v2\/pages\/88","targetHints":{"allow":["GET"]}}],"collection":[{"href":"https:\/\/recherche-action.fr\/banquetspoetiquesurbains\/wp-json\/wp\/v2\/pages"}],"about":[{"href":"https:\/\/recherche-action.fr\/banquetspoetiquesurbains\/wp-json\/wp\/v2\/types\/page"}],"author":[{"embeddable":true,"href":"https:\/\/recherche-action.fr\/banquetspoetiquesurbains\/wp-json\/wp\/v2\/users\/105"}],"replies":[{"embeddable":true,"href":"https:\/\/recherche-action.fr\/banquetspoetiquesurbains\/wp-json\/wp\/v2\/comments?post=88"}],"version-history":[{"count":2,"href":"https:\/\/recherche-action.fr\/banquetspoetiquesurbains\/wp-json\/wp\/v2\/pages\/88\/revisions"}],"predecessor-version":[{"id":90,"href":"https:\/\/recherche-action.fr\/banquetspoetiquesurbains\/wp-json\/wp\/v2\/pages\/88\/revisions\/90"}],"wp:attachment":[{"href":"https:\/\/recherche-action.fr\/banquetspoetiquesurbains\/wp-json\/wp\/v2\/media?parent=88"}],"curies":[{"name":"wp","href":"https:\/\/api.w.org\/{rel}","templated":true}]}}