{"id":14,"date":"2021-10-31T19:57:44","date_gmt":"2021-10-31T18:57:44","guid":{"rendered":"https:\/\/recherche-action.fr\/democralim\/?page_id=14"},"modified":"2023-03-15T12:48:14","modified_gmt":"2023-03-15T11:48:14","slug":"a-propos-du-collectif","status":"publish","type":"page","link":"https:\/\/recherche-action.fr\/democralim\/","title":{"rendered":"A propos du Collectif"},"content":{"rendered":"\n<p>Le Collectif D\u00e9mocratie Alimentaire est un collectif de recherche dont l\u2019objectif est de produire connaissances et savoirs concernant les syst\u00e8mes alimentaires via les enjeux d\u00e9mocratiques.<\/p>\n\n\n\n<p>La d\u00e9mocratie alimentaire nous donne le cadre \u00e0 la fois de pens\u00e9e et d\u2019actions collectives pour lutter contre les in\u00e9galit\u00e9s li\u00e9es \u00e0 l\u2019alimentation.Il s\u2019agit de <\/p>\n\n\n\n<p><em>\u00ab\u00a0<\/em><strong>Reprendre la main sur les conditions d\u2019acc\u00e8s \u00e0 l\u2019alimentation, en particulier par la connaissance des conditions de production, de transformation et de distribution. Pour cela, le droit \u00e0 l\u2019alimentation durable doit \u00eatre effectif. (Paturel, D Ndiaye, P 2019). On tient \u00e0 la fois les questions de justice sociale \u00e0 travers l\u2019acc\u00e8s, la participation et le pouvoir d\u2019agir et celles de citoyennet\u00e9, et ce pour l\u2019ensemble des acteurs du syst\u00e8me alimentaire.\u00a0<\/strong><em>\u00bb<\/em><\/p>\n\n\n\n<p>Ancr\u00e9e \u00e0 la fois dans l\u2019exp\u00e9rimentation sociale et la recherche participative, nous avons d\u00e9velopp\u00e9 des travaux concernant l\u2019acc\u00e8s \u00e0 l\u2019alimentation des populations \u00e0 petits budgets. L\u2019alimentation est alors un marqueur des rapports de classe et met au jour le travail invisible des femmes \u00e0 travers la multitude de t\u00e2ches quotidiennes n\u00e9cessaire pour se nourrir.<\/p>\n\n\n\n<p>Ces travaux montrent \u00e9galement la tension entre le droit de l\u2019alimentation correspondant aux accords internationaux du commerce et ceux de l\u2019Union europ\u00e9enne et le droit \u00e0 l\u2019alimentation, droit \u00e9conomiques, sociaux et culturels, autrement dit les droits humains. Le statut des produits alimentaires, d\u00e9coupl\u00e9 des conditions de leur production, transformation et distribution est celui de marchandises comme les autres ; en outre ce statut des produits alimentaires s\u2019encastre dans l\u2019illusion du consommateur souverain dans ses actes d\u2019achats&nbsp;: nous soutenons l\u2019\u00e9laboration du droit \u00e0 l\u2019alimentation dit durable, inscrit dans la Constitution comme garantie \u00e0 un acc\u00e8s universel, \u00e9galitaire et libre reconnectant l\u2019alimentation \u00e0 ses conditions de production, de transformation et de distribution. Ce droit \u00e0 l\u2019alimentation dit durable est une des composantes de la d\u00e9mocratie alimentaire.<\/p>\n\n\n\n<p>Le collectif D\u00e9mocratie Alimentaire soutient la s\u00e9curit\u00e9 sociale de l\u2019alimentation appuy\u00e9e sur les trois piliers rassemblant le r\u00e9seau SSA : d\u00e9mocratie alimentaire, financement par la cotisation, acc\u00e8s universel et octroi d\u2019une allocation mensuelle pour chaque habitant et habitante en France.<\/p>\n\n\n\n<p>Les membres du Collectif D\u00e9mocratie Alimentaire partageront l\u2019ensemble de leurs connaissances via leurs articles, textes, chroniques avec tous et toutes, ceux-ci \u00e9tant sous licence CC*.<\/p>\n\n\n\n<p>*<em>Si l\u2019acc\u00e8s aux ressources est libre, il est n\u00e9cessaire de citer les auteurs et autrices qui contribuent \u00e0 ce site. Partage ne veut pas dire \u00ab\u00a0droit de propri\u00e9t\u00e9\u00a0\u00bb pour celui ou celle qui s\u2019en sert. La r\u00e9sistance \u00e0 l\u2019accaparement commence dans la mise en communaut\u00e9 de nos savoirs, en rendant visible les productions des uns, des unes et des autres.<\/em><\/p>\n\n\n\n<p><\/p>\n","protected":false},"excerpt":{"rendered":"<p>Le Collectif D\u00e9mocratie Alimentaire est un collectif de recherche dont l\u2019objectif est de produire connaissances et savoirs concernant les syst\u00e8mes alimentaires via les enjeux d\u00e9mocratiques. La d\u00e9mocratie alimentaire nous donne le cadre \u00e0 la fois de pens\u00e9e et d\u2019actions collectives pour lutter contre les in\u00e9galit\u00e9s li\u00e9es \u00e0 l\u2019alimentation.Il s\u2019agit de \u00ab\u00a0Reprendre la main sur les &#8230; <a title=\"A propos du Collectif\" class=\"read-more\" href=\"https:\/\/recherche-action.fr\/democralim\/\" aria-label=\"En savoir plus sur A propos du Collectif\">Lire la suite<\/a><\/p>\n","protected":false},"author":95,"featured_media":0,"parent":0,"menu_order":0,"comment_status":"closed","ping_status":"closed","template":"","meta":{"footnotes":""},"class_list":["post-14","page","type-page","status-publish"],"jetpack_sharing_enabled":true,"_links":{"self":[{"href":"https:\/\/recherche-action.fr\/democralim\/wp-json\/wp\/v2\/pages\/14","targetHints":{"allow":["GET"]}}],"collection":[{"href":"https:\/\/recherche-action.fr\/democralim\/wp-json\/wp\/v2\/pages"}],"about":[{"href":"https:\/\/recherche-action.fr\/democralim\/wp-json\/wp\/v2\/types\/page"}],"author":[{"embeddable":true,"href":"https:\/\/recherche-action.fr\/democralim\/wp-json\/wp\/v2\/users\/95"}],"replies":[{"embeddable":true,"href":"https:\/\/recherche-action.fr\/democralim\/wp-json\/wp\/v2\/comments?post=14"}],"version-history":[{"count":11,"href":"https:\/\/recherche-action.fr\/democralim\/wp-json\/wp\/v2\/pages\/14\/revisions"}],"predecessor-version":[{"id":96,"href":"https:\/\/recherche-action.fr\/democralim\/wp-json\/wp\/v2\/pages\/14\/revisions\/96"}],"wp:attachment":[{"href":"https:\/\/recherche-action.fr\/democralim\/wp-json\/wp\/v2\/media?parent=14"}],"curies":[{"name":"wp","href":"https:\/\/api.w.org\/{rel}","templated":true}]}}