{"id":49,"date":"2022-06-12T20:23:05","date_gmt":"2022-06-12T18:23:05","guid":{"rendered":"https:\/\/recherche-action.fr\/democralim\/?page_id=49"},"modified":"2022-07-04T16:33:42","modified_gmt":"2022-07-04T14:33:42","slug":"clip","status":"publish","type":"page","link":"https:\/\/recherche-action.fr\/democralim\/clip\/","title":{"rendered":"Clip"},"content":{"rendered":"\n<figure class=\"wp-block-video\"><video height=\"1080\" style=\"aspect-ratio: 1920 \/ 1080;\" width=\"1920\" controls src=\"https:\/\/recherche-action.fr\/democralim\/wp-content\/uploads\/sites\/23\/2022\/06\/DEMOCRALIM-la-democratie-alimentaire-1.mov\"><\/video><\/figure>\n\n\n\n<h2 class=\"has-text-align-center has-contrast-3-background-color has-background has-medium-font-size wp-block-heading\">Un ptit Clip pour comprendre la D\u00e9mocratie Alimentaire et la n\u00e9cessit\u00e9 du droit \u00e0 l&rsquo;alimentation durable.<\/h2>\n","protected":false},"excerpt":{"rendered":"<p>Un ptit Clip pour comprendre la D\u00e9mocratie Alimentaire et la n\u00e9cessit\u00e9 du droit \u00e0 l&rsquo;alimentation durable.<\/p>\n","protected":false},"author":95,"featured_media":0,"parent":0,"menu_order":0,"comment_status":"closed","ping_status":"closed","template":"","meta":{"footnotes":""},"class_list":["post-49","page","type-page","status-publish"],"jetpack_sharing_enabled":true,"_links":{"self":[{"href":"https:\/\/recherche-action.fr\/democralim\/wp-json\/wp\/v2\/pages\/49","targetHints":{"allow":["GET"]}}],"collection":[{"href":"https:\/\/recherche-action.fr\/democralim\/wp-json\/wp\/v2\/pages"}],"about":[{"href":"https:\/\/recherche-action.fr\/democralim\/wp-json\/wp\/v2\/types\/page"}],"author":[{"embeddable":true,"href":"https:\/\/recherche-action.fr\/democralim\/wp-json\/wp\/v2\/users\/95"}],"replies":[{"embeddable":true,"href":"https:\/\/recherche-action.fr\/democralim\/wp-json\/wp\/v2\/comments?post=49"}],"version-history":[{"count":3,"href":"https:\/\/recherche-action.fr\/democralim\/wp-json\/wp\/v2\/pages\/49\/revisions"}],"predecessor-version":[{"id":60,"href":"https:\/\/recherche-action.fr\/democralim\/wp-json\/wp\/v2\/pages\/49\/revisions\/60"}],"wp:attachment":[{"href":"https:\/\/recherche-action.fr\/democralim\/wp-json\/wp\/v2\/media?parent=49"}],"curies":[{"name":"wp","href":"https:\/\/api.w.org\/{rel}","templated":true}]}}