{"id":63,"date":"2022-07-04T16:35:55","date_gmt":"2022-07-04T14:35:55","guid":{"rendered":"https:\/\/recherche-action.fr\/democralim\/?page_id=63"},"modified":"2022-10-05T17:29:34","modified_gmt":"2022-10-05T15:29:34","slug":"articles","status":"publish","type":"page","link":"https:\/\/recherche-action.fr\/democralim\/articles\/","title":{"rendered":"Articles"},"content":{"rendered":"\n<ul class=\"wp-block-list\"><li><a rel=\"noreferrer noopener\" href=\"https:\/\/recherche-action.fr\/democralim\/2022\/10\/05\/un-regime-politique-de-la-reflexion-collective\/\" target=\"_blank\">Un r\u00e9gime politique de la r\u00e9flexion collective<\/a><\/li><li><a href=\"https:\/\/recherche-action.fr\/democralim\/2022\/10\/05\/pour-une-politique-de-la-dignite\/\" target=\"_blank\" rel=\"noreferrer noopener\">Pour une politique de la dignit\u00e9<\/a><\/li><\/ul>\n\n\n\n<p><\/p>\n","protected":false},"excerpt":{"rendered":"<p>Un r\u00e9gime politique de la r\u00e9flexion collective Pour une politique de la dignit\u00e9<\/p>\n","protected":false},"author":95,"featured_media":0,"parent":0,"menu_order":0,"comment_status":"closed","ping_status":"closed","template":"","meta":{"footnotes":""},"class_list":["post-63","page","type-page","status-publish"],"jetpack_sharing_enabled":true,"_links":{"self":[{"href":"https:\/\/recherche-action.fr\/democralim\/wp-json\/wp\/v2\/pages\/63","targetHints":{"allow":["GET"]}}],"collection":[{"href":"https:\/\/recherche-action.fr\/democralim\/wp-json\/wp\/v2\/pages"}],"about":[{"href":"https:\/\/recherche-action.fr\/democralim\/wp-json\/wp\/v2\/types\/page"}],"author":[{"embeddable":true,"href":"https:\/\/recherche-action.fr\/democralim\/wp-json\/wp\/v2\/users\/95"}],"replies":[{"embeddable":true,"href":"https:\/\/recherche-action.fr\/democralim\/wp-json\/wp\/v2\/comments?post=63"}],"version-history":[{"count":4,"href":"https:\/\/recherche-action.fr\/democralim\/wp-json\/wp\/v2\/pages\/63\/revisions"}],"predecessor-version":[{"id":89,"href":"https:\/\/recherche-action.fr\/democralim\/wp-json\/wp\/v2\/pages\/63\/revisions\/89"}],"wp:attachment":[{"href":"https:\/\/recherche-action.fr\/democralim\/wp-json\/wp\/v2\/media?parent=63"}],"curies":[{"name":"wp","href":"https:\/\/api.w.org\/{rel}","templated":true}]}}