{"id":148,"date":"2018-08-08T00:17:39","date_gmt":"2018-08-07T22:17:39","guid":{"rendered":"http:\/\/recherche-action.fr\/jep\/?page_id=148"},"modified":"2019-01-23T16:34:33","modified_gmt":"2019-01-23T15:34:33","slug":"presentation","status":"publish","type":"page","link":"https:\/\/recherche-action.fr\/jep\/","title":{"rendered":"Pr\u00e9sentation"},"content":{"rendered":"<p>Ce site est d\u00e9di\u00e9 aux associations de jeunesse et \u00e9ducation populaire qui, sur les trois d\u00e9partements du Limousin, s&rsquo;interrogent sur la place de leur projet associatif dans les mutations socio-\u00e9conomiques actuelles, notamment dans le rapport \u00e0 ce territoire.<br \/>\nCe programme d\u2019\u00e9tude offre la possibilit\u00e9 de d\u00e9velopper une d\u00e9marche de recherche-action en r\u00e9seau avec d\u2019autres acteurs associatifs, d\u2019ouvrir des espaces de r\u00e9flexion et d\u2019exp\u00e9rimenter collectivement des configurations de travail.<br \/>\nL\u2019\u00e9tude est pilot\u00e9e par le <a href=\"http:\/\/recherche-action.fr\/labo-social\/\">Laboratoire d&rsquo;Innovation Sociale par la Recherche-Action<\/a> en r\u00e9ponse \u00e0 un appel du <a href=\"http:\/\/www.fonjep.org\/\">FONJEP <\/a>pour l\u2019exp\u00e9rimentation \u00ab \u00c9tude sur les mod\u00e8les socio-\u00e9conomiques dans associations de jeunesse et d\u2019\u00e9ducation populaires \u00bb.<br \/>\nSi vous \u00eates int\u00e9ress\u00e9 par notre d\u00e9marche,\u00a0nous vous invitons \u00e0 prendre connaissance de la <a href=\"http:\/\/recherche-action.fr\/jep\/la-problematique\/\" target=\"_blank\" rel=\"noopener\">probl\u00e9matique<\/a> et de la <a href=\"http:\/\/recherche-action.fr\/jep\/la-methodologie\/\" target=\"_blank\" rel=\"noopener\">m\u00e9thodologie<\/a>. Le processus qui s\u2019engage est amen\u00e9 \u00e0 une production de savoirs (voir les <a href=\"http:\/\/recherche-action.fr\/jep\/category\/associations\/\">fiches<\/a> analytiques associatives, la <a href=\"http:\/\/recherche-action.fr\/jep\/carte\/\">cartographie <\/a>r\u00e9gionale et les <a href=\"http:\/\/recherche-action.fr\/jep\/documentation\/\">rapports<\/a> de recherche). Ils pourraient se poursuivre par un accompagnement d\u2019exp\u00e9rimentations. Le pr\u00e9sent site Internet permet de rester inform\u00e9 d\u2019int\u00e9grer le processus m\u00eame s\u2019il est d\u00e9j\u00e0 en cours de d\u00e9veloppement. N\u2019h\u00e9sitez pas \u00e0 prendre <a href=\"http:\/\/recherche-action.fr\/jep\/contact\/\" target=\"_blank\" rel=\"noopener\">contact<\/a> avec nous pour tout compl\u00e9ment d\u2019information.<\/p>\n","protected":false},"excerpt":{"rendered":"<p>Ce site est d\u00e9di\u00e9 aux associations de jeunesse et \u00e9ducation populaire qui, sur les trois d\u00e9partements du Limousin, s&rsquo;interrogent sur la place de leur projet associatif dans les mutations socio-\u00e9conomiques actuelles, notamment dans le rapport \u00e0 ce territoire. Ce programme d\u2019\u00e9tude offre la possibilit\u00e9 de d\u00e9velopper une d\u00e9marche de recherche-action en r\u00e9seau avec d\u2019autres acteurs &hellip; <a href=\"https:\/\/recherche-action.fr\/jep\/\" class=\"more-link\">Continuer la lecture de <span class=\"screen-reader-text\">Pr\u00e9sentation<\/span><\/a><\/p>\n","protected":false},"author":1,"featured_media":0,"parent":0,"menu_order":0,"comment_status":"closed","ping_status":"closed","template":"","meta":{"jetpack_post_was_ever_published":false,"footnotes":""},"class_list":["post-148","page","type-page","status-publish","hentry"],"jetpack_sharing_enabled":true,"jetpack_shortlink":"https:\/\/wp.me\/Pa9lRm-2o","_links":{"self":[{"href":"https:\/\/recherche-action.fr\/jep\/wp-json\/wp\/v2\/pages\/148","targetHints":{"allow":["GET"]}}],"collection":[{"href":"https:\/\/recherche-action.fr\/jep\/wp-json\/wp\/v2\/pages"}],"about":[{"href":"https:\/\/recherche-action.fr\/jep\/wp-json\/wp\/v2\/types\/page"}],"author":[{"embeddable":true,"href":"https:\/\/recherche-action.fr\/jep\/wp-json\/wp\/v2\/users\/1"}],"replies":[{"embeddable":true,"href":"https:\/\/recherche-action.fr\/jep\/wp-json\/wp\/v2\/comments?post=148"}],"version-history":[{"count":9,"href":"https:\/\/recherche-action.fr\/jep\/wp-json\/wp\/v2\/pages\/148\/revisions"}],"predecessor-version":[{"id":625,"href":"https:\/\/recherche-action.fr\/jep\/wp-json\/wp\/v2\/pages\/148\/revisions\/625"}],"wp:attachment":[{"href":"https:\/\/recherche-action.fr\/jep\/wp-json\/wp\/v2\/media?parent=148"}],"curies":[{"name":"wp","href":"https:\/\/api.w.org\/{rel}","templated":true}]}}