{"id":4429,"date":"2019-07-30T23:21:45","date_gmt":"2019-07-30T21:21:45","guid":{"rendered":"http:\/\/recherche-action.fr\/labo-social\/?page_id=4429"},"modified":"2019-08-01T13:05:17","modified_gmt":"2019-08-01T11:05:17","slug":"minorite-active","status":"publish","type":"page","link":"https:\/\/recherche-action.fr\/labo-social\/docs\/mots-clefs\/minorite-active\/","title":{"rendered":"Minorit\u00e9 active"},"content":{"rendered":"\n<div class=\"wp-block-themeisle-blocks-advanced-columns has-1-columns has-desktop-equal-layout has-tablet-equal-layout has-mobile-equal-layout has-default-gap has-vertical-unset\" id=\"wp-block-themeisle-blocks-advanced-columns-03c15282\" style=\"border-width:0px;border-style:solid;border-color:#000000;border-radius:0px;justify-content:unset\"><div class=\"wp-themeisle-block-overlay\" style=\"opacity:0.5;mix-blend-mode:normal\"><\/div><div class=\"innerblocks-wrap\">\n<div class=\"wp-block-themeisle-blocks-advanced-column\" id=\"wp-block-themeisle-blocks-advanced-column-0657bb72\" style=\"border-width:0px;border-style:solid;border-color:#000000;border-radius:0px\">\n<p>Alors que la notion de \u00ab groupe d\u00e9viant \u00bb renvoie \u00e0 une connotation n\u00e9gative d\u2019un jugement par rapport \u00e0 une norme, celle de \u00ab minorit\u00e9 active \u00bb consid\u00e8re la possibilit\u00e9 de se d\u00e9finir selon ses propres normes et d\u2019influencer l\u2019ensemble du corps social. Alors que la premi\u00e8re notion est une cat\u00e9gorisation de la recherche consid\u00e9rant une population comme \u00ab objet \u00bb, la seconde la consid\u00e8re comme \u00ab sujet \u00bb.<br> Le principe minoritaire permet de provoquer des zones de conflit o\u00f9 sont ren\u00e9goci\u00e9es les mani\u00e8res de se nommer et de d\u00e9velopper des strat\u00e9gies. Nous passons d\u2019une identit\u00e9 assign\u00e9e par un rapport de domination \u00e0 une identit\u00e9 dynamique construite dans un rapport social.<\/p>\n\n\n\n<p>R\u00e9f biblio :<\/p>\n\n\n\n<p>Serge Moscovici, <a href=\"http:\/\/classiques.uqac.ca\/contemporains\/moscovici_serge\/psycho_minorites_actives\/psycho_minorites_actives.pdf\" target=\"_blank\" rel=\"noreferrer noopener\">Psychologie des minorit\u00e9s actives<\/a>, PUF, 1979<\/p>\n\n\n\n<p><\/p>\n<\/div>\n<\/div><\/div>\n","protected":false},"excerpt":{"rendered":"","protected":false},"author":1,"featured_media":0,"parent":582,"menu_order":0,"comment_status":"closed","ping_status":"closed","template":"","meta":{"footnotes":"","_links_to":"","_links_to_target":""},"class_list":["post-4429","page","type-page","status-publish","hentry"],"jetpack_sharing_enabled":true,"jetpack_shortlink":"https:\/\/wp.me\/P3rD7a-19r","jetpack-related-posts":[{"id":4341,"url":"https:\/\/recherche-action.fr\/labo-social\/docs\/presentation-du-lisra\/recherches-collaboratives\/","url_meta":{"origin":4429,"position":0},"title":"Recherches collaboratives","author":"Hugues Bazin","date":"30 juillet 2019","format":false,"excerpt":"Les savoirs techniciens sectoriels propres aux champs professionnels, acad\u00e9miques ou universitaires ont, par leur approche disciplinaire, du mal \u00e0 aborder la complexit\u00e9 des situations que nous \u00e9voquons, par le fait m\u00eame de leur division verticale et des enjeux cat\u00e9goriels internes aux institutions qui les portent. Nous n\u2019opposons pas ces savoirs,\u2026","rel":"","context":"Article similaire","block_context":{"text":"Article similaire","link":""},"img":{"alt_text":"","src":"","width":0,"height":0},"classes":[]},{"id":5056,"url":"https:\/\/recherche-action.fr\/labo-social\/manifeste\/","url_meta":{"origin":4429,"position":1},"title":"Manifeste","author":"Hugues Bazin","date":"10 septembre 2022","format":false,"excerpt":"(adh\u00e9sion au manifeste en fin de page) La recherche-action en laboratoire social tel qu\u2019elle est instaur\u00e9e par le LISRA depuis une quinzaine d\u2019ann\u00e9es correspond \u00e0 des besoins urgents pour les populations de se saisir des outils de la recherche afin de d\u00e9velopper ses propres expertises en r\u00e9ponse aux crises actuelles,\u2026","rel":"","context":"Article similaire","block_context":{"text":"Article similaire","link":""},"img":{"alt_text":"","src":"","width":0,"height":0},"classes":[]},{"id":178,"url":"https:\/\/recherche-action.fr\/labo-social\/docs\/methodo\/recherche-formation\/","url_meta":{"origin":4429,"position":2},"title":"Recherche-formation","author":"Hugues Bazin","date":"25 d\u00e9cembre 2013","format":false,"excerpt":"le LISRA peut aider \u00e0 un accompagnement \u00e0 l'auto-formation par la recherche-action, voici quelques dispositifs possibles : Les ateliers coop\u00e9ratifs Les ateliers coop\u00e9ratifs sont une d\u00e9clinaison du caract\u00e8re instituant de la formation en recherche-action. Ils s\u2019inscrivent directement dans la filiation des Coll\u00e8ges Coop\u00e9ratifs et prennent diff\u00e9rents \u00e9nonc\u00e9s \u00e0 l\u2019instar des\u2026","rel":"","context":"Article similaire","block_context":{"text":"Article similaire","link":""},"img":{"alt_text":"","src":"","width":0,"height":0},"classes":[]},{"id":582,"url":"https:\/\/recherche-action.fr\/labo-social\/docs\/mots-clefs\/","url_meta":{"origin":4429,"position":3},"title":"Mots clefs","author":"Hugues Bazin","date":"30 mars 2015","format":false,"excerpt":"[ezcol_1quarter id=\"\" class=\"\" style=\"\"] Architecture fluide Mode de structuration spatial et social instituant mais non institu\u00e9, mobile, modulaire, adaptable, transposable et \u00e9volutif entre diff\u00e9rents champs de l\u2019exp\u00e9rience, correspondant \u00e0 la capacit\u00e9 de cr\u00e9er des situations autonomes sans passer par des lieux ou des formes d\u2019organisation rigides (ex : f\u00eate populaire\u2026","rel":"","context":"Article similaire","block_context":{"text":"Article similaire","link":""},"img":{"alt_text":"","src":"","width":0,"height":0},"classes":[]},{"id":172,"url":"https:\/\/recherche-action.fr\/labo-social\/docs\/methodo\/","url_meta":{"origin":4429,"position":4},"title":"M\u00e9thodo","author":"Hugues Bazin","date":"25 d\u00e9cembre 2013","format":false,"excerpt":"\u00ab\u2009Les conditions \u00e9pist\u00e9miques et \u00e9thiques de validation de la recherche-action \u00e0 travers l\u2019approche en laboratoire social\u2009\u00bb \u00a0 La recherche-action adopte une \u00ab\u2009\u00e9thique de reliance\u2009\u00bb. Elle d\u00e9crit cette attitude et aptitude \u00e0 cr\u00e9er du lien, \u00e0 susciter des correspondances in\u00e9dites entre acteurs et chercheurs, entre disciplines, entre modes d\u2019engagement. Cette reliance\u2026","rel":"","context":"Article similaire","block_context":{"text":"Article similaire","link":""},"img":{"alt_text":"","src":"","width":0,"height":0},"classes":[]},{"id":771,"url":"https:\/\/recherche-action.fr\/labo-social\/docs\/presentation-du-lisra\/","url_meta":{"origin":4429,"position":5},"title":"Pr\u00e9sentation","author":"Hugues Bazin","date":"4 janvier 2016","format":false,"excerpt":"Laboratoire d'Innovation Sociale par la Recherche-Action (LISRA) est une association 1901 issue d\u2019un r\u00e9seau \u00ab acteurs-chercheurs \u00bb qui s\u2019est d\u00e9velopp\u00e9 depuis une dizaine d\u2019ann\u00e9es. Ce sont des personnes ayant diff\u00e9rents parcours socioprofessionnels et qui adoptent dans leur cadre d\u2019activit\u00e9s une d\u00e9marche recherche-action tout en se reconnaissant dans manifeste. Pr\u00e9sentation du\u2026","rel":"","context":"Article similaire","block_context":{"text":"Article similaire","link":""},"img":{"alt_text":"","src":"","width":0,"height":0},"classes":[]}],"post_mailing_queue_ids":[],"_links":{"self":[{"href":"https:\/\/recherche-action.fr\/labo-social\/wp-json\/wp\/v2\/pages\/4429","targetHints":{"allow":["GET"]}}],"collection":[{"href":"https:\/\/recherche-action.fr\/labo-social\/wp-json\/wp\/v2\/pages"}],"about":[{"href":"https:\/\/recherche-action.fr\/labo-social\/wp-json\/wp\/v2\/types\/page"}],"author":[{"embeddable":true,"href":"https:\/\/recherche-action.fr\/labo-social\/wp-json\/wp\/v2\/users\/1"}],"replies":[{"embeddable":true,"href":"https:\/\/recherche-action.fr\/labo-social\/wp-json\/wp\/v2\/comments?post=4429"}],"version-history":[{"count":4,"href":"https:\/\/recherche-action.fr\/labo-social\/wp-json\/wp\/v2\/pages\/4429\/revisions"}],"predecessor-version":[{"id":4458,"href":"https:\/\/recherche-action.fr\/labo-social\/wp-json\/wp\/v2\/pages\/4429\/revisions\/4458"}],"up":[{"embeddable":true,"href":"https:\/\/recherche-action.fr\/labo-social\/wp-json\/wp\/v2\/pages\/582"}],"wp:attachment":[{"href":"https:\/\/recherche-action.fr\/labo-social\/wp-json\/wp\/v2\/media?parent=4429"}],"curies":[{"name":"wp","href":"https:\/\/api.w.org\/{rel}","templated":true}]}}