{"id":4449,"date":"2019-08-01T12:15:03","date_gmt":"2019-08-01T10:15:03","guid":{"rendered":"http:\/\/recherche-action.fr\/labo-social\/?page_id=4449"},"modified":"2019-08-01T12:25:15","modified_gmt":"2019-08-01T10:25:15","slug":"tiers-espace","status":"publish","type":"page","link":"https:\/\/recherche-action.fr\/labo-social\/docs\/mots-clefs\/tiers-espace\/","title":{"rendered":"Tiers espace"},"content":{"rendered":"\n<p>Les tiers-espaces comme \u00ab&nbsp;hors-lieux&nbsp;\u00bb provoquent\ndes effets de d\u00e9calages et de bordures, ils offrent la possibilit\u00e9 de nourrir\nune analyse critique sur la notion de \u00ab&nbsp;tiers&nbsp;\u00bb comme celle de\n\u00ab&nbsp;lieu&nbsp;\u00bb, de faciliter un croisement et une diffusion des savoirs \u00e0\npartir des pratiques et d\u2019imaginer d\u2019autres sc\u00e9narios de d\u00e9veloppement que nous\npourrons mettre en discussion autour de la dimension \u00ab&nbsp;populaire&nbsp;\u00bb (centralit\u00e9\npopulaire, \u00e9conomie populaire, cluster populaire, \u00e9ducation populaire).<\/p>\n\n\n\n<p>R\u00e9f biblio  :<\/p>\n\n\n\n<ul class=\"wp-block-list\"><li><a rel=\"noreferrer noopener\" href=\"http:\/\/recherche-action.fr\/hugues-bazin\/download\/methodologie%20recherche-action\/Cahiers-action_51-52.pdf\" target=\"_blank\">Recherche-action et \u00e9criture r\u00e9flexive : la pratique innovante des espaces comme levier de transformation sociale<\/a>, INJEP, coll. \u00ab Cahiers de l\u2019action \u00bb, no 51-52, Paris, 2018&nbsp;<\/li><li>\u00ab <a rel=\"noreferrer noopener\" href=\"http:\/\/recherche-action.fr\/hugues-bazin\/download\/espaces%20et%20territoires\/La-centralite-populaire-des-tiers-espaces.pdf\" target=\"_blank\">La centralit\u00e9 populaire des tiers-espaces<\/a> \u00bb, in L\u2019observatoire No 52, Observatoire des Politiques culturelles, pp 91-93, 2018&nbsp;<\/li><li>\u00ab&nbsp;<a rel=\"noreferrer noopener\" href=\"http:\/\/recherche-action.fr\/hugues-bazin\/download\/espaces%20et%20territoires\/2015_figure-du-tiers-espace.pdf\" target=\"_blank\">Les figures du tiers espace : contre-espace, tiers paysage, tiers lieu&nbsp;<\/a>\u00bb, Revue Filigrane. Musique, esth\u00e9tique, sciences, soci\u00e9t\u00e9, \u00c9difier le Commun, I, Tiers-Espaces, Ed num\u00e9rique MSH Pairs-Nord, 2015<\/li><\/ul>\n","protected":false},"excerpt":{"rendered":"<p>Les tiers-espaces comme \u00ab&nbsp;hors-lieux&nbsp;\u00bb provoquent des effets de d\u00e9calages et de bordures, ils offrent la possibilit\u00e9 de nourrir une analyse critique sur la notion de \u00ab&nbsp;tiers&nbsp;\u00bb comme celle de \u00ab&nbsp;lieu&nbsp;\u00bb, de faciliter un croisement et une diffusion des savoirs \u00e0 partir des pratiques et d\u2019imaginer d\u2019autres sc\u00e9narios de d\u00e9veloppement que [&hellip;]<\/p>\n","protected":false},"author":1,"featured_media":0,"parent":582,"menu_order":0,"comment_status":"closed","ping_status":"closed","template":"","meta":{"footnotes":"","_links_to":"","_links_to_target":""},"class_list":["post-4449","page","type-page","status-publish","hentry"],"jetpack_sharing_enabled":true,"jetpack_shortlink":"https:\/\/wp.me\/P3rD7a-19L","jetpack-related-posts":[{"id":4350,"url":"https:\/\/recherche-action.fr\/labo-social\/docs\/presentation-du-lisra\/experimentations-sociales\/","url_meta":{"origin":4449,"position":0},"title":"Exp\u00e9rimentations sociales","author":"Hugues Bazin","date":"30 juillet 2019","format":false,"excerpt":"Nous essayons de faire en sorte que les acteurs trouvent les moyens et la libert\u00e9 d\u2019ouvrir l\u00e0 o\u00f9 ils sont dans leur cadre professionnel ou militant l\u2019espace d\u2019une r\u00e9flexivit\u00e9. La singularit\u00e9 de notre approche derri\u00e8re la notion de \u00ab labo social \u00bb est de mettre ces acteurs en position de\u2026","rel":"","context":"Article similaire","block_context":{"text":"Article similaire","link":""},"img":{"alt_text":"","src":"","width":0,"height":0},"classes":[]},{"id":5056,"url":"https:\/\/recherche-action.fr\/labo-social\/manifeste\/","url_meta":{"origin":4449,"position":1},"title":"Manifeste","author":"Hugues Bazin","date":"10 septembre 2022","format":false,"excerpt":"(adh\u00e9sion au manifeste en fin de page) La recherche-action en laboratoire social tel qu\u2019elle est instaur\u00e9e par le LISRA depuis une quinzaine d\u2019ann\u00e9es correspond \u00e0 des besoins urgents pour les populations de se saisir des outils de la recherche afin de d\u00e9velopper ses propres expertises en r\u00e9ponse aux crises actuelles,\u2026","rel":"","context":"Article similaire","block_context":{"text":"Article similaire","link":""},"img":{"alt_text":"","src":"","width":0,"height":0},"classes":[]},{"id":4337,"url":"https:\/\/recherche-action.fr\/labo-social\/docs\/presentation-du-lisra\/travail-de-la-culture\/","url_meta":{"origin":4449,"position":2},"title":"Travail de la culture","author":"Hugues Bazin","date":"30 juillet 2019","format":false,"excerpt":"A l'origine du LISRA existait le r\u00e9seau \"Espaces Populaires de Cr\u00e9ation Culturelle\" compos\u00e9 essentiellement d'acteurs culturels et d'artistes. La d\u00e9marche artistique et la d\u00e9marche de recherche-action ont en commun l\u2019exp\u00e9rimentation, l\u2019atelier, la r\u00e9flexivit\u00e9, des formes collaboratives, des jeux d\u2019interactions, la cr\u00e9ation de situations. Nous proposons d\u2019aborder ces \u00e9l\u00e9ments et ce\u2026","rel":"","context":"Article similaire","block_context":{"text":"Article similaire","link":""},"img":{"alt_text":"","src":"","width":0,"height":0},"classes":[]},{"id":771,"url":"https:\/\/recherche-action.fr\/labo-social\/docs\/presentation-du-lisra\/","url_meta":{"origin":4449,"position":3},"title":"Pr\u00e9sentation","author":"Hugues Bazin","date":"4 janvier 2016","format":false,"excerpt":"Laboratoire d'Innovation Sociale par la Recherche-Action (LISRA) est une association 1901 issue d\u2019un r\u00e9seau \u00ab acteurs-chercheurs \u00bb qui s\u2019est d\u00e9velopp\u00e9 depuis une dizaine d\u2019ann\u00e9es. Ce sont des personnes ayant diff\u00e9rents parcours socioprofessionnels et qui adoptent dans leur cadre d\u2019activit\u00e9s une d\u00e9marche recherche-action tout en se reconnaissant dans manifeste. Pr\u00e9sentation du\u2026","rel":"","context":"Article similaire","block_context":{"text":"Article similaire","link":""},"img":{"alt_text":"","src":"","width":0,"height":0},"classes":[]},{"id":180,"url":"https:\/\/recherche-action.fr\/labo-social\/docs\/methodo\/les-labos-sociaux\/","url_meta":{"origin":4449,"position":4},"title":"Les labos sociaux","author":"Hugues Bazin","date":"25 d\u00e9cembre 2013","format":false,"excerpt":"Principes Le laboratoire social d\u00e9crit le dispositif qui combine les champs d\u2019application de la recherche-action, de la formation-action et de l\u2019exp\u00e9rimentation sociale. Une acception large consid\u00e8re \u00ab\u00a0laboratoire social\u00a0\u00bb toute situation sociale singuli\u00e8re ou originale dont on peut extraire une connaissance qui nous \u00e9claire sur des questions de soci\u00e9t\u00e9. L\u2019approche scientifique\u2026","rel":"","context":"Avec 1 commentaire","block_context":{"text":"Avec 1 commentaire","link":"https:\/\/recherche-action.fr\/labo-social\/docs\/methodo\/les-labos-sociaux\/#comments"},"img":{"alt_text":"cycle exp\u00e9","src":"https:\/\/i0.wp.com\/recherche-action.fr\/labo-social\/files\/2013\/12\/cycle-exp%C3%A9.jpg?resize=350%2C200","width":350,"height":200,"srcset":"https:\/\/i0.wp.com\/recherche-action.fr\/labo-social\/files\/2013\/12\/cycle-exp%C3%A9.jpg?resize=350%2C200 1x, https:\/\/i0.wp.com\/recherche-action.fr\/labo-social\/files\/2013\/12\/cycle-exp%C3%A9.jpg?resize=525%2C300 1.5x, https:\/\/i0.wp.com\/recherche-action.fr\/labo-social\/files\/2013\/12\/cycle-exp%C3%A9.jpg?resize=700%2C400 2x, https:\/\/i0.wp.com\/recherche-action.fr\/labo-social\/files\/2013\/12\/cycle-exp%C3%A9.jpg?resize=1050%2C600 3x"},"classes":[]},{"id":4341,"url":"https:\/\/recherche-action.fr\/labo-social\/docs\/presentation-du-lisra\/recherches-collaboratives\/","url_meta":{"origin":4449,"position":5},"title":"Recherches collaboratives","author":"Hugues Bazin","date":"30 juillet 2019","format":false,"excerpt":"Les savoirs techniciens sectoriels propres aux champs professionnels, acad\u00e9miques ou universitaires ont, par leur approche disciplinaire, du mal \u00e0 aborder la complexit\u00e9 des situations que nous \u00e9voquons, par le fait m\u00eame de leur division verticale et des enjeux cat\u00e9goriels internes aux institutions qui les portent. Nous n\u2019opposons pas ces savoirs,\u2026","rel":"","context":"Article similaire","block_context":{"text":"Article similaire","link":""},"img":{"alt_text":"","src":"","width":0,"height":0},"classes":[]}],"post_mailing_queue_ids":[],"_links":{"self":[{"href":"https:\/\/recherche-action.fr\/labo-social\/wp-json\/wp\/v2\/pages\/4449","targetHints":{"allow":["GET"]}}],"collection":[{"href":"https:\/\/recherche-action.fr\/labo-social\/wp-json\/wp\/v2\/pages"}],"about":[{"href":"https:\/\/recherche-action.fr\/labo-social\/wp-json\/wp\/v2\/types\/page"}],"author":[{"embeddable":true,"href":"https:\/\/recherche-action.fr\/labo-social\/wp-json\/wp\/v2\/users\/1"}],"replies":[{"embeddable":true,"href":"https:\/\/recherche-action.fr\/labo-social\/wp-json\/wp\/v2\/comments?post=4449"}],"version-history":[{"count":3,"href":"https:\/\/recherche-action.fr\/labo-social\/wp-json\/wp\/v2\/pages\/4449\/revisions"}],"predecessor-version":[{"id":4454,"href":"https:\/\/recherche-action.fr\/labo-social\/wp-json\/wp\/v2\/pages\/4449\/revisions\/4454"}],"up":[{"embeddable":true,"href":"https:\/\/recherche-action.fr\/labo-social\/wp-json\/wp\/v2\/pages\/582"}],"wp:attachment":[{"href":"https:\/\/recherche-action.fr\/labo-social\/wp-json\/wp\/v2\/media?parent=4449"}],"curies":[{"name":"wp","href":"https:\/\/api.w.org\/{rel}","templated":true}]}}