{"id":5505,"date":"2025-11-18T23:16:30","date_gmt":"2025-11-18T22:16:30","guid":{"rendered":"https:\/\/recherche-action.fr\/labo-social\/?page_id=5505"},"modified":"2025-11-18T23:16:31","modified_gmt":"2025-11-18T22:16:31","slug":"accueil","status":"publish","type":"page","link":"https:\/\/recherche-action.fr\/labo-social\/","title":{"rendered":"Accueil"},"content":{"rendered":"","protected":false},"excerpt":{"rendered":"","protected":false},"author":1,"featured_media":0,"parent":0,"menu_order":0,"comment_status":"closed","ping_status":"closed","template":"","meta":{"footnotes":"","_links_to":"","_links_to_target":""},"class_list":["post-5505","page","type-page","status-publish","hentry"],"jetpack_sharing_enabled":true,"jetpack_shortlink":"https:\/\/wp.me\/P3rD7a-1qN","jetpack-related-posts":[{"id":771,"url":"https:\/\/recherche-action.fr\/labo-social\/docs\/presentation-du-lisra\/","url_meta":{"origin":5505,"position":0},"title":"Pr\u00e9sentation","author":"Hugues Bazin","date":"4 janvier 2016","format":false,"excerpt":"Laboratoire d'Innovation Sociale par la Recherche-Action (LISRA) est une association 1901 issue d\u2019un r\u00e9seau \u00ab acteurs-chercheurs \u00bb qui s\u2019est d\u00e9velopp\u00e9 depuis une dizaine d\u2019ann\u00e9es. Ce sont des personnes ayant diff\u00e9rents parcours socioprofessionnels et qui adoptent dans leur cadre d\u2019activit\u00e9s une d\u00e9marche recherche-action tout en se reconnaissant dans manifeste. Pr\u00e9sentation du\u2026","rel":"","context":"Article similaire","block_context":{"text":"Article similaire","link":""},"img":{"alt_text":"","src":"","width":0,"height":0},"classes":[]},{"id":5056,"url":"https:\/\/recherche-action.fr\/labo-social\/manifeste\/","url_meta":{"origin":5505,"position":1},"title":"Manifeste","author":"Hugues Bazin","date":"10 septembre 2022","format":false,"excerpt":"(adh\u00e9sion au manifeste en fin de page) La recherche-action en laboratoire social tel qu\u2019elle est instaur\u00e9e par le LISRA depuis une quinzaine d\u2019ann\u00e9es correspond \u00e0 des besoins urgents pour les populations de se saisir des outils de la recherche afin de d\u00e9velopper ses propres expertises en r\u00e9ponse aux crises actuelles,\u2026","rel":"","context":"Article similaire","block_context":{"text":"Article similaire","link":""},"img":{"alt_text":"","src":"","width":0,"height":0},"classes":[]}],"post_mailing_queue_ids":[],"_links":{"self":[{"href":"https:\/\/recherche-action.fr\/labo-social\/wp-json\/wp\/v2\/pages\/5505","targetHints":{"allow":["GET"]}}],"collection":[{"href":"https:\/\/recherche-action.fr\/labo-social\/wp-json\/wp\/v2\/pages"}],"about":[{"href":"https:\/\/recherche-action.fr\/labo-social\/wp-json\/wp\/v2\/types\/page"}],"author":[{"embeddable":true,"href":"https:\/\/recherche-action.fr\/labo-social\/wp-json\/wp\/v2\/users\/1"}],"replies":[{"embeddable":true,"href":"https:\/\/recherche-action.fr\/labo-social\/wp-json\/wp\/v2\/comments?post=5505"}],"version-history":[{"count":1,"href":"https:\/\/recherche-action.fr\/labo-social\/wp-json\/wp\/v2\/pages\/5505\/revisions"}],"predecessor-version":[{"id":5506,"href":"https:\/\/recherche-action.fr\/labo-social\/wp-json\/wp\/v2\/pages\/5505\/revisions\/5506"}],"wp:attachment":[{"href":"https:\/\/recherche-action.fr\/labo-social\/wp-json\/wp\/v2\/media?parent=5505"}],"curies":[{"name":"wp","href":"https:\/\/api.w.org\/{rel}","templated":true}]}}