{"id":586,"date":"2015-03-30T04:14:37","date_gmt":"2015-03-30T02:14:37","guid":{"rendered":"http:\/\/recherche-action.fr\/labo-social\/?page_id=586"},"modified":"2019-07-30T03:07:40","modified_gmt":"2019-07-30T01:07:40","slug":"docs","status":"publish","type":"page","link":"https:\/\/recherche-action.fr\/labo-social\/docs\/","title":{"rendered":"Ressources"},"content":{"rendered":"","protected":false},"excerpt":{"rendered":"","protected":false},"author":1,"featured_media":0,"parent":0,"menu_order":4,"comment_status":"closed","ping_status":"closed","template":"","meta":{"footnotes":"","_links_to":"","_links_to_target":""},"class_list":["post-586","page","type-page","status-publish","hentry"],"jetpack_sharing_enabled":false,"jetpack_shortlink":"https:\/\/wp.me\/P3rD7a-9s","jetpack-related-posts":[{"id":4350,"url":"https:\/\/recherche-action.fr\/labo-social\/docs\/presentation-du-lisra\/experimentations-sociales\/","url_meta":{"origin":586,"position":0},"title":"Exp\u00e9rimentations sociales","author":"Hugues Bazin","date":"30 juillet 2019","format":false,"excerpt":"Nous essayons de faire en sorte que les acteurs trouvent les moyens et la libert\u00e9 d\u2019ouvrir l\u00e0 o\u00f9 ils sont dans leur cadre professionnel ou militant l\u2019espace d\u2019une r\u00e9flexivit\u00e9. La singularit\u00e9 de notre approche derri\u00e8re la notion de \u00ab labo social \u00bb est de mettre ces acteurs en position de\u2026","rel":"","context":"Article similaire","block_context":{"text":"Article similaire","link":""},"img":{"alt_text":"","src":"","width":0,"height":0},"classes":[]},{"id":4341,"url":"https:\/\/recherche-action.fr\/labo-social\/docs\/presentation-du-lisra\/recherches-collaboratives\/","url_meta":{"origin":586,"position":1},"title":"Recherches collaboratives","author":"Hugues Bazin","date":"30 juillet 2019","format":false,"excerpt":"Les savoirs techniciens sectoriels propres aux champs professionnels, acad\u00e9miques ou universitaires ont, par leur approche disciplinaire, du mal \u00e0 aborder la complexit\u00e9 des situations que nous \u00e9voquons, par le fait m\u00eame de leur division verticale et des enjeux cat\u00e9goriels internes aux institutions qui les portent. Nous n\u2019opposons pas ces savoirs,\u2026","rel":"","context":"Article similaire","block_context":{"text":"Article similaire","link":""},"img":{"alt_text":"","src":"","width":0,"height":0},"classes":[]},{"id":4344,"url":"https:\/\/recherche-action.fr\/labo-social\/docs\/presentation-du-lisra\/ecriture-reflexive\/","url_meta":{"origin":586,"position":2},"title":"\u00c9criture r\u00e9flexive","author":"Hugues Bazin","date":"30 juillet 2019","format":false,"excerpt":"Nous avons cr\u00e9\u00e9 depuis 2002 une plate-forme ressources www.recherche\u2013action.fr incitant \u00e0 une mise en \u00e9criture de ces r\u00e9cits individuels et collectifs. Bien que l\u2019\u00e9criture ne soit pas le seul support, elle reste le moyen privil\u00e9gi\u00e9 pour nourrir ce processus qui se concr\u00e9tise par des ateliers de recherche-action sur les lieux\u2026","rel":"","context":"Article similaire","block_context":{"text":"Article similaire","link":""},"img":{"alt_text":"","src":"","width":0,"height":0},"classes":[]},{"id":178,"url":"https:\/\/recherche-action.fr\/labo-social\/docs\/methodo\/recherche-formation\/","url_meta":{"origin":586,"position":3},"title":"Recherche-formation","author":"Hugues Bazin","date":"25 d\u00e9cembre 2013","format":false,"excerpt":"le LISRA peut aider \u00e0 un accompagnement \u00e0 l'auto-formation par la recherche-action, voici quelques dispositifs possibles : Les ateliers coop\u00e9ratifs Les ateliers coop\u00e9ratifs sont une d\u00e9clinaison du caract\u00e8re instituant de la formation en recherche-action. Ils s\u2019inscrivent directement dans la filiation des Coll\u00e8ges Coop\u00e9ratifs et prennent diff\u00e9rents \u00e9nonc\u00e9s \u00e0 l\u2019instar des\u2026","rel":"","context":"Article similaire","block_context":{"text":"Article similaire","link":""},"img":{"alt_text":"","src":"","width":0,"height":0},"classes":[]},{"id":771,"url":"https:\/\/recherche-action.fr\/labo-social\/docs\/presentation-du-lisra\/","url_meta":{"origin":586,"position":4},"title":"Pr\u00e9sentation","author":"Hugues Bazin","date":"4 janvier 2016","format":false,"excerpt":"Laboratoire d'Innovation Sociale par la Recherche-Action (LISRA) est une association 1901 issue d\u2019un r\u00e9seau \u00ab acteurs-chercheurs \u00bb qui s\u2019est d\u00e9velopp\u00e9 depuis une dizaine d\u2019ann\u00e9es. Ce sont des personnes ayant diff\u00e9rents parcours socioprofessionnels et qui adoptent dans leur cadre d\u2019activit\u00e9s une d\u00e9marche recherche-action tout en se reconnaissant dans manifeste. Pr\u00e9sentation du\u2026","rel":"","context":"Article similaire","block_context":{"text":"Article similaire","link":""},"img":{"alt_text":"","src":"","width":0,"height":0},"classes":[]},{"id":175,"url":"https:\/\/recherche-action.fr\/labo-social\/docs\/methodo\/comparaison-recherche\/","url_meta":{"origin":586,"position":5},"title":"Comparaison recherche","author":"Hugues Bazin","date":"25 d\u00e9cembre 2013","format":false,"excerpt":"Une d\u00e9marche en recherche-action ne se d\u00e9crit pas en fonction des m\u00e9thodes qualitatives ou quantitatives. Elle peut au demeurant emprunter aux deux. Elle ne se situe pas non plus dans le d\u00e9bat entre la recherche fondamentale qui ne serait que th\u00e9orique et la recherche appliqu\u00e9e qui ne serait qu\u2019op\u00e9rationnelle. Elle\u2026","rel":"","context":"Article similaire","block_context":{"text":"Article similaire","link":""},"img":{"alt_text":"","src":"","width":0,"height":0},"classes":[]}],"post_mailing_queue_ids":[],"_links":{"self":[{"href":"https:\/\/recherche-action.fr\/labo-social\/wp-json\/wp\/v2\/pages\/586","targetHints":{"allow":["GET"]}}],"collection":[{"href":"https:\/\/recherche-action.fr\/labo-social\/wp-json\/wp\/v2\/pages"}],"about":[{"href":"https:\/\/recherche-action.fr\/labo-social\/wp-json\/wp\/v2\/types\/page"}],"author":[{"embeddable":true,"href":"https:\/\/recherche-action.fr\/labo-social\/wp-json\/wp\/v2\/users\/1"}],"replies":[{"embeddable":true,"href":"https:\/\/recherche-action.fr\/labo-social\/wp-json\/wp\/v2\/comments?post=586"}],"version-history":[{"count":1,"href":"https:\/\/recherche-action.fr\/labo-social\/wp-json\/wp\/v2\/pages\/586\/revisions"}],"predecessor-version":[{"id":4374,"href":"https:\/\/recherche-action.fr\/labo-social\/wp-json\/wp\/v2\/pages\/586\/revisions\/4374"}],"wp:attachment":[{"href":"https:\/\/recherche-action.fr\/labo-social\/wp-json\/wp\/v2\/media?parent=586"}],"curies":[{"name":"wp","href":"https:\/\/api.w.org\/{rel}","templated":true}]}}