{"id":15,"date":"2020-01-15T21:38:49","date_gmt":"2020-01-15T20:38:49","guid":{"rendered":"http:\/\/recherche-action.fr\/lieux-urbains\/?page_id=15"},"modified":"2020-01-15T21:38:51","modified_gmt":"2020-01-15T20:38:51","slug":"presentation","status":"publish","type":"page","link":"https:\/\/recherche-action.fr\/lieux-urbains\/presentation\/","title":{"rendered":"PR\u00c9SENTATION"},"content":{"rendered":"\n<p>Ce site est le journal de bord de l&rsquo;\u00e9tat des lieux sur les interactions entre la recherche, l\u2019expertise citoyenne et les mouvements sociaux urbains r\u00e9alis\u00e9 par l&rsquo;AITEC et Planning.<\/p>\n\n\n\n<p>L\u2019objectif de cet \u00e9tat des lieux est de produire une<br>analyse (y compris r\u00e9trospective) des relations et des apports r\u00e9ciproques entre chercheur-e-s universitaires, acad\u00e9miques,<br>bureaux d\u2019\u00e9tudes et mouvements citoyens inscrits dans des actions men\u00e9es conjointement pour le doit \u00e0 la ville et le droit au<br>logement.<\/p>\n\n\n\n<p>Il s\u2019agit de questionner la place de l\u2019expertise citoyenne dans la transformation sociale, les lieux de construction de l\u2019expertise citoyenne, les m\u00e9thodes de recherche-action et la production de savoirs partag\u00e9s.<\/p>\n\n\n\n<p>Il a \u00e9t\u00e9 identifi\u00e9 plusieurs probl\u00e9matiques qui constitueront des axes de travail structurants en fonction des \u00e9tudes de cas et des<br>sp\u00e9cificit\u00e9s d\u2019approche de chacune des associations :<\/p>\n\n\n\n<p>\u2022 Comment interagissent le monde de la recherche et les associations et collectifs d\u2019habitant.es dans la construction des luttes ?<\/p>\n\n\n\n<p>\u2022 Comment se soutiennent et s\u2019alimentent ces deux acteurs des luttes urbaines : qui sont-ils, quels outils, quels appuis, quels<br>freins ?<\/p>\n\n\n\n<p>\u2022 Quelles sont les m\u00e9thodes de recherche-action qui permettent aux organisations d\u2019habitants de r\u00e9ellement participer \u00e0 la<br>gouvernance de la recherche urbaine ?<\/p>\n\n\n\n<p>\u2022 Quels sont les savoirs qui \u00e9mergent des coop\u00e9rations entre chercheurs et mouvements d\u2019habitants ? Quels sont les hypoth\u00e8ses de recherche ? Quelles contributions \u00e0 l\u2019agenda de recherche et des mouvements urbains ?<\/p>\n","protected":false},"excerpt":{"rendered":"<p>Ce site est le journal de bord de l&rsquo;\u00e9tat des lieux sur les interactions entre la recherche, l\u2019expertise citoyenne et les mouvements sociaux urbains r\u00e9alis\u00e9 par l&rsquo;AITEC et Planning. L\u2019objectif de cet \u00e9tat des lieux est de produire uneanalyse (y compris r\u00e9trospective) des relations et des apports r\u00e9ciproques entre chercheur-e-s universitaires, acad\u00e9miques,bureaux d\u2019\u00e9tudes et mouvements &hellip; <a href=\"https:\/\/recherche-action.fr\/lieux-urbains\/presentation\/\" class=\"more-link\">Continuer la lecture de <span class=\"screen-reader-text\">PR\u00c9SENTATION<\/span>  <span class=\"meta-nav\">&rarr;<\/span><\/a><\/p>\n","protected":false},"author":87,"featured_media":0,"parent":0,"menu_order":0,"comment_status":"closed","ping_status":"closed","template":"","meta":{"footnotes":""},"class_list":["post-15","page","type-page","status-publish","hentry"],"_links":{"self":[{"href":"https:\/\/recherche-action.fr\/lieux-urbains\/wp-json\/wp\/v2\/pages\/15","targetHints":{"allow":["GET"]}}],"collection":[{"href":"https:\/\/recherche-action.fr\/lieux-urbains\/wp-json\/wp\/v2\/pages"}],"about":[{"href":"https:\/\/recherche-action.fr\/lieux-urbains\/wp-json\/wp\/v2\/types\/page"}],"author":[{"embeddable":true,"href":"https:\/\/recherche-action.fr\/lieux-urbains\/wp-json\/wp\/v2\/users\/87"}],"replies":[{"embeddable":true,"href":"https:\/\/recherche-action.fr\/lieux-urbains\/wp-json\/wp\/v2\/comments?post=15"}],"version-history":[{"count":1,"href":"https:\/\/recherche-action.fr\/lieux-urbains\/wp-json\/wp\/v2\/pages\/15\/revisions"}],"predecessor-version":[{"id":16,"href":"https:\/\/recherche-action.fr\/lieux-urbains\/wp-json\/wp\/v2\/pages\/15\/revisions\/16"}],"wp:attachment":[{"href":"https:\/\/recherche-action.fr\/lieux-urbains\/wp-json\/wp\/v2\/media?parent=15"}],"curies":[{"name":"wp","href":"https:\/\/api.w.org\/{rel}","templated":true}]}}