{"id":2,"date":"2021-03-18T11:52:57","date_gmt":"2021-03-18T10:52:57","guid":{"rendered":"http:\/\/recherche-action.fr\/manufabrik\/?page_id=2"},"modified":"2021-05-04T18:08:59","modified_gmt":"2021-05-04T16:08:59","slug":"page-d-exemple","status":"publish","type":"page","link":"https:\/\/recherche-action.fr\/manufabrik\/page-d-exemple\/","title":{"rendered":""},"content":{"rendered":"\n<p>Bonjour, le site de La ManufabriK est en construction&#8230;<\/p>\n\n\n\n<p>Tr\u00e8s bient\u00f4t, vous allez pouvoir d\u00e9couvrir nos exp\u00e9riences, nos actualit\u00e9s et nos ressources&#8230;<\/p>\n\n\n\n<p><\/p>\n\n\n\n<blockquote class=\"wp-block-quote is-layout-flow wp-block-quote-is-layout-flow\"><p><\/p><\/blockquote>\n\n\n\n<p><\/p>\n","protected":false},"excerpt":{"rendered":"<p>Bonjour, le site de La ManufabriK est en construction&#8230; Tr\u00e8s bient\u00f4t, vous allez pouvoir d\u00e9couvrir nos exp\u00e9riences, nos actualit\u00e9s et nos ressources&#8230;<\/p>\n","protected":false},"author":94,"featured_media":0,"parent":0,"menu_order":0,"comment_status":"closed","ping_status":"open","template":"","meta":{"footnotes":""},"class_list":["post-2","page","type-page","status-publish","hentry"],"_links":{"self":[{"href":"https:\/\/recherche-action.fr\/manufabrik\/wp-json\/wp\/v2\/pages\/2","targetHints":{"allow":["GET"]}}],"collection":[{"href":"https:\/\/recherche-action.fr\/manufabrik\/wp-json\/wp\/v2\/pages"}],"about":[{"href":"https:\/\/recherche-action.fr\/manufabrik\/wp-json\/wp\/v2\/types\/page"}],"author":[{"embeddable":true,"href":"https:\/\/recherche-action.fr\/manufabrik\/wp-json\/wp\/v2\/users\/94"}],"replies":[{"embeddable":true,"href":"https:\/\/recherche-action.fr\/manufabrik\/wp-json\/wp\/v2\/comments?post=2"}],"version-history":[{"count":3,"href":"https:\/\/recherche-action.fr\/manufabrik\/wp-json\/wp\/v2\/pages\/2\/revisions"}],"predecessor-version":[{"id":16,"href":"https:\/\/recherche-action.fr\/manufabrik\/wp-json\/wp\/v2\/pages\/2\/revisions\/16"}],"wp:attachment":[{"href":"https:\/\/recherche-action.fr\/manufabrik\/wp-json\/wp\/v2\/media?parent=2"}],"curies":[{"name":"wp","href":"https:\/\/api.w.org\/{rel}","templated":true}]}}