{"id":62,"date":"2021-05-25T16:27:07","date_gmt":"2021-05-25T14:27:07","guid":{"rendered":"http:\/\/recherche-action.fr\/manufabrik\/?page_id=62"},"modified":"2021-11-23T15:28:42","modified_gmt":"2021-11-23T14:28:42","slug":"la-manufabrik-se-presente","status":"publish","type":"page","link":"https:\/\/recherche-action.fr\/manufabrik\/","title":{"rendered":"La ManuFabriK se pr\u00e9sente"},"content":{"rendered":"\n<h2 class=\"wp-block-heading\">Se r\u00e9approprier l&rsquo;espace, le temps et les r\u00eaves par et pour la participation citoyenne<\/h2>\n\n\n\n<p>La ManuFabrik est une association loi 1901. Elle s&rsquo;inscrit dans le champ de l\u2019<a rel=\"noreferrer noopener\" href=\"http:\/\/fr.wikipedia.org\/wiki\/%C3%89ducation_populaire\" target=\"_blank\">\u00e9ducation populaire<\/a>. Compos\u00e9e de personnalit\u00e9s motiv\u00e9(e)s et engag\u00e9(e)s, agissant \u00e0 diff\u00e9rents niveaux d\u2019actions (du quartier au niveau national) et dans de multiples champs professionnels (association, \u00e9conomie sociale et solidaire, d\u00e9veloppement local, institutions locales ) en lien avec des approches m\u00e9thodologiques trans-disciplinaires (outils d\u2019animations, th\u00e9\u00e2tre(s), r\u00e9cup-r\u00e9emploi, d\u00e9veloppement des logiciels libres, cuisine \u2026), formant un groupe h\u00e9t\u00e9rog\u00e8ne et compl\u00e9mentaire. L&rsquo;association anime aussi des conseils citoyens (cr\u00e9\u00e9s par la loi 2014 dite Loi Lamy) et accompagne l&rsquo;exp\u00e9rimentation des tables de quartiers \u00e0 Marseille. Elle&nbsp;s\u2019inscrit dans un paradigme renouvel\u00e9 de la participation citoyenne et soutient diff\u00e9rents espaces de co-construction de la ville. <\/p>\n\n\n\n<p> <\/p>\n\n\n\n<p><strong>&gt;<\/strong> <a rel=\"noreferrer noopener\" href=\"http:\/\/recherche-action.fr\/manufabrik\/wp-content\/uploads\/sites\/22\/2021\/05\/Note-sur-la-capitalisation-des-tables-de-quartiers-octobre-2020-PAC-1.pdf\" data-type=\"URL\" data-id=\"http:\/\/recherche-action.fr\/manufabrik\/wp-content\/uploads\/sites\/22\/2021\/05\/Note-sur-la-capitalisation-des-tables-de-quartiers-octobre-2020-PAC-1.pdf\" target=\"_blank\">Pr\u00e9sentation de la d\u00e9marche de capitalisation de l&rsquo;exp\u00e9rience des tables de quartiers \u00e0 Marseille<\/a> <\/p>\n\n\n\n<h3 class=\"wp-block-heading\">Implication dans le projet <a href=\"https:\/\/graphite.lped.fr\/\" data-type=\"URL\" data-id=\"https:\/\/graphite.lped.fr\/\" target=\"_blank\" rel=\"noreferrer noopener\">GRAPHITE \u00ab\u00a0les jeunes et la ville\u00a0\u00bb<\/a><\/h3>\n\n\n\n<p><a href=\"https:\/\/graphite.lped.fr\/\" data-type=\"URL\" data-id=\"https:\/\/graphite.lped.fr\/\" target=\"_blank\" rel=\"noreferrer noopener\">GRAPHITE<\/a> \u00ab G\u00e9ographie prospective des territoires urbains \u00bb est une d\u00e9marche participative d\u2019urbanisme de proximit\u00e9 accessible \u00e0 tous, cofinanc\u00e9e pendant 5 ans par Aix Marseille Universit\u00e9, la r\u00e9gion Sud (\u00ab\u00a0les\u00a0Fabriques de la connaissance\u00a0\u00bb), et l&rsquo;Education Nationale (rectorat d&rsquo;Aix-Marseille).\u00a0A l\u2019origine de ce projet de prospective territoriale, il y a une m\u00e9thodologie innovante et hybride\u00a0construite au\u00a0<a rel=\"noreferrer noopener\" href=\"http:\/\/www.lped.fr\/\" target=\"_blank\">LPED<\/a>\u00a0(Aix Marseille Universit\u00e9) pendant 4 ans d\u2019exp\u00e9rimentation dans les lyc\u00e9es de la r\u00e9gion. Elle associe diff\u00e9rents acteurs (habitants, enseignants, collectivit\u00e9s, acteurs associatifs) autour des\u00a0\u00a0jeunes, consid\u00e9r\u00e9s comme des citoyens et \u00ab\u00a0experts d\u2019usage\u00a0\u00bb des espaces qu\u2019ils habitent et fr\u00e9quentent.\u00a0Pierre-Alain Cardona, pr\u00e9sident de la ManuFabrik a pu observer et\u00a0<a rel=\"noreferrer noopener\" href=\"https:\/\/graphite.lped.fr\/graphite_pa_cardona\/\" target=\"_blank\">accompagner cette exp\u00e9rience<\/a>\u00a0en tant que \u00ab\u00a0personne ressource\u00a0\u00bb.<\/p>\n\n\n\n<p><br>Cette approche partant des jeunes articule des outils de <a href=\"https:\/\/graphite.lped.fr\/cartographie-individuelle-limites\/\" data-type=\"URL\" data-id=\"https:\/\/graphite.lped.fr\/cartographie-individuelle-limites\/\" target=\"_blank\" rel=\"noreferrer noopener\">webcartographie collaborative<\/a>, de groupes de diagnostics participatifs, de marches exploratoires. Elle peut \u00eatre diffus\u00e9e \u00e0 d&rsquo;autres cat\u00e9gories d&rsquo;habitants. C&rsquo;est l&rsquo;objet d&rsquo;une collaboration lanc\u00e9e en 2021 entre le LPED et\u00a0la ManuFabriK. L&rsquo;Universit\u00e9\u00a0apporte divers outils de lecture des espaces de vie des habitants, sur ce qu\u2019ils ont \u00e0 partager de leurs savoir des territoires urbains. La ManuFabriK permet la valorisation de cette \u00ab\u00a0expertise d\u2019usage\u00a0\u00bb des jeunes\u00a0 par la mise en relation de lyc\u00e9ens et coll\u00e9giens avec les tables de quartiers et des centres sociaux, et une exp\u00e9rimentation aupr\u00e8s d&rsquo;adultes.<\/p>\n\n\n\n<figure class=\"wp-block-image size-large\"><a href=\"https:\/\/graphite.lped.fr\/wp-content\/uploads\/2021\/04\/GRAPHITE_PA_Cardona.mp4\"><img fetchpriority=\"high\" decoding=\"async\" width=\"1024\" height=\"576\" src=\"http:\/\/recherche-action.fr\/manufabrik\/wp-content\/uploads\/sites\/22\/2021\/05\/ITW_PAC-1-1024x576.jpg\" alt=\"\" class=\"wp-image-78\" srcset=\"https:\/\/recherche-action.fr\/manufabrik\/wp-content\/uploads\/sites\/22\/2021\/05\/ITW_PAC-1-1024x576.jpg 1024w, https:\/\/recherche-action.fr\/manufabrik\/wp-content\/uploads\/sites\/22\/2021\/05\/ITW_PAC-1-300x169.jpg 300w, https:\/\/recherche-action.fr\/manufabrik\/wp-content\/uploads\/sites\/22\/2021\/05\/ITW_PAC-1-768x432.jpg 768w, https:\/\/recherche-action.fr\/manufabrik\/wp-content\/uploads\/sites\/22\/2021\/05\/ITW_PAC-1-1536x864.jpg 1536w, https:\/\/recherche-action.fr\/manufabrik\/wp-content\/uploads\/sites\/22\/2021\/05\/ITW_PAC-1-646x363.jpg 646w, https:\/\/recherche-action.fr\/manufabrik\/wp-content\/uploads\/sites\/22\/2021\/05\/ITW_PAC-1.jpg 1920w\" sizes=\"(max-width: 1024px) 100vw, 1024px\" \/><\/a><\/figure>\n\n\n\n<h3 class=\"wp-block-heading\">Accompagnement d&rsquo;un projet de Tiers-Lieu \u00e0 Encagnane, Aix-en-Provence<\/h3>\n\n\n\n<p>Durant trois ans (2017-2020) la ManuFabriK a anim\u00e9 des travaux avec des habitants du quartier d&rsquo;Encagnane \u00e0 Aix-en-Provence. C&rsquo;est la Plateforme pour les initiatives citoyennes <a href=\"https:\/\/easipourtous.com\/\" data-type=\"URL\" data-id=\"https:\/\/easipourtous.com\/\" target=\"_blank\" rel=\"noreferrer noopener\">easi pour tous<\/a> qui a port\u00e9 ces travaux.  <\/p>\n\n\n\n<p> <\/p>\n","protected":false},"excerpt":{"rendered":"<p>Se r\u00e9approprier l&rsquo;espace, le temps et les r\u00eaves par et pour la participation citoyenne La ManuFabrik est une association loi 1901. Elle s&rsquo;inscrit dans le champ de l\u2019\u00e9ducation populaire. Compos\u00e9e de personnalit\u00e9s motiv\u00e9(e)s et engag\u00e9(e)s, agissant \u00e0 diff\u00e9rents niveaux d\u2019actions (du quartier au niveau national) et dans de multiples champs professionnels (association, \u00e9conomie sociale et [&hellip;]<\/p>\n","protected":false},"author":94,"featured_media":0,"parent":0,"menu_order":0,"comment_status":"closed","ping_status":"closed","template":"","meta":{"footnotes":""},"class_list":["post-62","page","type-page","status-publish","hentry"],"_links":{"self":[{"href":"https:\/\/recherche-action.fr\/manufabrik\/wp-json\/wp\/v2\/pages\/62","targetHints":{"allow":["GET"]}}],"collection":[{"href":"https:\/\/recherche-action.fr\/manufabrik\/wp-json\/wp\/v2\/pages"}],"about":[{"href":"https:\/\/recherche-action.fr\/manufabrik\/wp-json\/wp\/v2\/types\/page"}],"author":[{"embeddable":true,"href":"https:\/\/recherche-action.fr\/manufabrik\/wp-json\/wp\/v2\/users\/94"}],"replies":[{"embeddable":true,"href":"https:\/\/recherche-action.fr\/manufabrik\/wp-json\/wp\/v2\/comments?post=62"}],"version-history":[{"count":25,"href":"https:\/\/recherche-action.fr\/manufabrik\/wp-json\/wp\/v2\/pages\/62\/revisions"}],"predecessor-version":[{"id":103,"href":"https:\/\/recherche-action.fr\/manufabrik\/wp-json\/wp\/v2\/pages\/62\/revisions\/103"}],"wp:attachment":[{"href":"https:\/\/recherche-action.fr\/manufabrik\/wp-json\/wp\/v2\/media?parent=62"}],"curies":[{"name":"wp","href":"https:\/\/api.w.org\/{rel}","templated":true}]}}