{"id":381,"date":"2015-08-14T16:17:52","date_gmt":"2015-08-14T15:17:52","guid":{"rendered":"http:\/\/recherche-action.fr\/ruesmarchandes\/?page_id=381"},"modified":"2015-08-14T16:17:52","modified_gmt":"2015-08-14T15:17:52","slug":"7-juillet-2015","status":"publish","type":"page","link":"https:\/\/recherche-action.fr\/ruesmarchandes\/chantiers\/notes-dorientation\/7-juillet-2015\/","title":{"rendered":"7 juillet 2015"},"content":{"rendered":"<p>Merci pour celles et ceux qui ont \u00e9t\u00e9 les premier(e)s \u00e0 adh\u00e9rer \u00e0 notre charte collaborative. Cette note d\u2019orientation \u00e0 pour objectif de faire le point sur nos travaux. Le collectif \u00ab\u00a0rues marchandes\u00a0\u00bb joue un r\u00f4le d\u2019interface entre les diff\u00e9rents acteurs, il nous appartient maintenant de confirmer si nous participons \u00e0 la co-construction d\u2019une <strong>forme collaborative \u00ab\u00a0hybride\u00a0\u00bb.<\/strong> N\u2019h\u00e9sitez pas dans ce sens \u00e0 enrichir ce texte de vos remarques et modifications que vous pouvez apporter sur la page web ou par retour mail.<\/p>\n<p>Effectivement, il y a six mois, le collectif Rues Marchandes est n\u00e9 d\u2019une approche des r\u00e9cup\u00e9rateurs vendeurs et de leurs march\u00e9s comme un \u00e9l\u00e9ment de production du partage et des biens communs. Autrement dit, ce n\u2019est pas la ville qui int\u00e8gre les rues marchandes, mais les rues marchandes qui sont un \u00e9cosyst\u00e8me urbain. Il s\u2019agit d\u2019ouvrir un nouvel imaginaire o\u00f9 les march\u00e9s biffins sont la pointe \u00e9merg\u00e9e d\u2019un processus de fond, autant social, culturel qu\u2019\u00e9conomique. C\u2019est aussi une mani\u00e8re de parer \u00e0 toute ethnicisation d\u2019une cat\u00e9gorie de la population qui ainsi chosifi\u00e9e facilite leur exclusion de l\u2019espace public. Cette justification culturaliste l\u00e9gitime des prises de d\u00e9cision r\u00e9pressive et vient pallier l\u2019absence de r\u00e9ponse politique globale qui jette dans la rue de plus en plus de pr\u00e9caires. Cette massification de la pr\u00e9carit\u00e9 et de son expression dans l\u2019espace public vient alors nourrir la spirale n\u00e9gative qui tenterait de s\u00e9parer le bon grain de l\u2019ivraie, les bons et les mauvais pauvres, les anciens et nouveaux biffins, les nationaux et les migrants, les r\u00e9sidents et les nomades, etc.<\/p>\n<p>Il est ainsi important d\u2019apporter une r\u00e9ponse globale et de ne pas s\u00e9parer les biffins des autres probl\u00e9matiques sociales, culturelles et \u00e9conomiques. Cela conduit notre collectif \u00e0 \u00eatre non seulement interdisciplinaire, mais <strong>transdisciplinaire<\/strong>. Au-del\u00e0 de l\u2019addition des comp\u00e9tences et des int\u00e9r\u00eats des uns et des autres, les biffins peuvent \u00eatre mis au service de la cr\u00e9ation de liens in\u00e9dits, de nouvelles formes collaboratives, de comp\u00e9tences et savoirs collectifs, d\u2019une production partag\u00e9e de connaissances.<\/p>\n<h1><a name=\"_Toc424915695\"><\/a>Gouvernance d\u2019un \u00e9cosyst\u00e8me pla\u00e7ant l\u2019humain au centre<\/h1>\n<p>Les Rues Marchandes ne sont donc pas simplement une mani\u00e8re de penser autrement la r\u00e9alit\u00e9, c\u2019est une fa\u00e7on d\u2019\u00e9prouver concr\u00e8tement une intelligence sociale. Ce collectif se distingue en cela d\u2019un comit\u00e9 de soutien. C\u2019est au contraire Rues Marchandes qui a besoin du soutien de ceux qui sont amen\u00e9s \u00e0 r\u00e9pondre aux conditions sociales et \u00e9conomiques les plus difficiles. C\u2019est une co-construction des dispositifs et des contre-expertises n\u00e9cessaires \u00e0 l\u2019innovation sociale.<\/p>\n<p><strong>Concevoir les relations au sein du collectif comme forme collaborative est donc d\u00e9j\u00e0 un objectif en soi<\/strong> si chacun veut bien se poser la question en ces termes\u00a0: ce qu\u2019il peut faire pour le collectif et non le contraire, ce que le collectif peut faire pour lui. Rues Marchandes deviendra une forme hybride o\u00f9 chacun pourra concevoir sa place comme acteur-chercheur.<\/p>\n<p>Dans ce sens, la r\u00e9daction en f\u00e9vrier &#8211; mars d\u2019une charte collaborative a \u00e9t\u00e9 le premier acte pos\u00e9 par Rues Marchandes. En adh\u00e9rant \u00e0 la charte, on valide le principe de ce processus collaboratif en recherche-action \u00e0 travers un mode transparent de gouvernance du collectif<strong>.<\/strong> Pour entrer, rester inform\u00e9, participer, il suffit de remplir le formulaire d\u2019adh\u00e9sion \u00e0 la charte (http:\/\/recherche-action.fr\/ruesmarchandes\/charte-collaborative\/). La personne re\u00e7oit alors les identifiants pour se connecter \u00e0 la plate-forme Internet qui est le point (attention cependant pour confirmer de bien renvoyer le mail automatique vous avait re\u00e7u). En \u00e9tant abonn\u00e9 \u00e0 la plate-forme on re\u00e7oit automatiquement les nouvelles mises \u00e0 jour du site, notamment les articles qui sont publi\u00e9s et les chantiers en cours. Si de plus on s\u2019inscrit comme contributeur ou acteur-chercheur dans l\u2019adh\u00e9sion \u00e0 la charte, on peut \u00e9galement publier des articles et contribuer ainsi au d\u00e9veloppement de ce p\u00f4le ressource.<\/p>\n<h1><a name=\"_Toc424915696\"><\/a>P\u00f4le ressource<\/h1>\n<p>Une des premi\u00e8res activit\u00e9s est donc de collecter les documents pouvant alimenter les chantiers et une expertise dans les domaines juridiques, \u00e9conomiques, sociaux, etc. Une orientation prise \u00e0 la r\u00e9union de mars 2015 et confirm\u00e9e apr\u00e8s notre rendez-vous dans un cabinet d\u2019avocat en juin, \u00e9tait de constituer des fiches techniques et juridiques. Il appartient donc \u00e0 chaque membre d\u2019alimenter la plate-forme en documents (il faut se connecter au site et utiliser le plugin wp-filebase dans le tableau de bord). Ces documents peuvent appara\u00eetre publiquement (sur la page http:\/\/recherche-action.fr\/ruesmarchandes\/ressources\/docs-en-telechargement\/ ) ou de mani\u00e8re restreinte, visible uniquement aupr\u00e8s des personnes inscrites (cocher la case les droits d\u2019acc\u00e8s).<\/p>\n<p>Le p\u00f4le de ressource n\u2019a pas simplement pour objectif de r\u00e9colter et distribuer des informations, mais aussi d\u2019aff\u00fbter un vocabulaire, \u00e9laborer sa propre grammaire indispensable pour concevoir des paradigmes qui permettent de penser et agir la r\u00e9alit\u00e9 autrement. Quelques \u00e9l\u00e9ments \u00e0 approfondir de notre vocabulaire\u00a0:<\/p>\n<ul>\n<li><strong>\u00c9cosyst\u00e8me d\u2019acteurs\u00a0<\/strong>: c\u2019est l\u2019interd\u00e9pendance entre les acteurs et les ressources dans un bassin de vie qui participent \u00e0 des mod\u00e8les de partage des biens communs conciliant \u00e9conomie et pr\u00e9servation de l\u2019environnement dans une approche sociale.<\/li>\n<li><strong>Les communs<\/strong>renvoient \u00e0 la fois au partage non-marchand de ressources vitales mat\u00e9rielles ou immat\u00e9rielles n\u00e9cessaires \u00e0 tout \u00eatre humain et \u00e0 ce qui fait lien entre ces \u00eatres humains<\/li>\n<li>Le <strong>patrimoine populaire<\/strong> constitue un de ces biens communs que chacun peut revendiquer \u00e0 travers ses fonctions sociales et symboliques de reliance, de transmission, de transformation.<\/li>\n<li><strong>\u00ab\u00a0Tiers\u00a0\u00bb (espace, lieux, paysages)<\/strong> indique la possibilit\u00e9 de d\u00e9passer la relation binaire conflictuelle en introduisant par ce tiers une complexit\u00e9, une m\u00e9diation, un levier une troisi\u00e8me voie, une autre mani\u00e8re de s\u2019impliquer entre espaces publics et espaces priv\u00e9s, \u00e9conomie priv\u00e9e et publique, institution et organisation informelle, espace attribu\u00e9 et espaces d\u00e9laiss\u00e9s, etc. Cet ainsi que peut s\u2019exprimer une diversit\u00e9, s\u2019exercer une r\u00e9gulation par un jeu d\u2019interd\u00e9pendance.<\/li>\n<li><strong>Transition (d\u00e9mocratique, \u00e9conomique, \u00e9cologique, etc.)<\/strong> am\u00e8ne l\u2019id\u00e9e qu\u2019il est n\u00e9cessaire aujourd\u2019hui de renouveler les mod\u00e8les de gouvernance susceptibles de proposer de nouveaux sch\u00e9mas de d\u00e9veloppement socio-\u00e9conomique correspondant aux enjeux des mutations actuelles de la soci\u00e9t\u00e9 et des besoins humains fondamentaux, notamment \u00e0 travers cette notion de \u00ab\u00a0tiers\u00a0\u00bb.<\/li>\n<li><strong>Ma\u00eetrise d\u2019usage<\/strong>indique comment les citoyens peuvent d\u00e9velopper leur propre capacit\u00e9 d\u2019expertise et l\u00e9gitimer leur capacit\u00e9 d\u2019agir \u00e0 partir de leur exp\u00e9rience d\u2019usage des temps, espaces, des dispositifs, des services inversant le mod\u00e8le d\u2019une ing\u00e9nierie de projet con\u00e7u dans une cha\u00eene verticale de d\u00e9cision technicienne sans contr\u00f4le d\u00e9mocratique.<\/li>\n<li>La <strong>cartographie sociale<\/strong> est un puissant outil de collaboration pour repr\u00e9senter une intelligence du territoire avec ses ressources humaines suivant ses diff\u00e9rentes \u00e9chelles g\u00e9ographiques et temporelles. La mani\u00e8re de dessiner une carte traduit la mani\u00e8re de se repr\u00e9senter la r\u00e9alit\u00e9 et par cons\u00e9quent d\u2019agir sur elle.<\/li>\n<li><strong>Minorit\u00e9 active<\/strong>: c\u2019est la prise de conscience des acteurs de leur r\u00f4le historique bien souvent minor\u00e9 dans la capacit\u00e9 d\u2019orienter les processus socio\u00e9conomique profitant \u00e0 l\u2019ensemble de la soci\u00e9t\u00e9, cela commence par la possibilit\u00e9 d\u2019\u00e9crire sa propre histoire \u00e0 travers un r\u00e9cit collectif.<\/li>\n<\/ul>\n<h1><a name=\"_Toc424915697\"><\/a>L\u2019innovation sociale \u00e0 l\u2019\u0153uvre<\/h1>\n<p>C\u2019est en constituant sa propre grammaire que la plate-forme ressource Rues Marchandes g\u00e9n\u00e8re des supports documentaires originaux\u00a0:<\/p>\n<ul>\n<li>\u00ab\u00a0Les biffins valorisent nos poubelles\u2026 pour vivre\u00a0\u00bb, un reportage de Franck Seuret publi\u00e9 pour Alternatives \u00c9conomiques Plus\u00a0: http:\/\/recherche-action.fr\/ruesmarchandes\/2015\/06\/12\/les-biffins-valorisent-nos-poubelles-pour-vivre\/<\/li>\n<li>Ha\u00efku vid\u00e9o \u00ab\u00a0Raconte-moi Ta Rue Marchande\u00a0\u00bb, un documentaire vid\u00e9o de 21mn r\u00e9alis\u00e9 par Wos Agence des Hypotheses\u00a0: http:\/\/recherche-action.fr\/ruesmarchandes\/2015\/06\/28\/haiku-video-raconte-moi-ta-rue-marchande\/<\/li>\n<\/ul>\n<p>Ces bases documentaires hybrides participent d\u2019un \u00ab\u00a0<strong>travail de la culture<\/strong>\u00a0\u00bb facilitant une sensibilisation et une exp\u00e9rimentation. Il est coh\u00e9rent que la culture soit aussi un chantier pour Rues Marchandes con\u00e7ues comme un ensemble de formes situationnelles et interactionnelles originales.<\/p>\n<p>C\u2019est d\u00e9j\u00e0 la rencontre entre un parcours de vie et un parcours de l\u2019objet qui est source d\u2019inventivit\u00e9\u00a0: transformation des mat\u00e9riaux, mobiliers urbains, conception de l\u2019espace public, circuit court \u00e9conomique, etc., constituent autant un renouvellement des formes sociales susceptibles d\u2019amener des r\u00e9ponses politiques.<\/p>\n<h1><a name=\"_Toc424915698\"><\/a>\u00c9changes et diffusion de connaissance<\/h1>\n<p>Un des principes de notre laboratoire social est de provoquer des situations d\u2019exp\u00e9riences collectives et d\u2019en tirer des enseignements partageables et appropriables par tous.<\/p>\n<ul>\n<li>Le 18 avril nous \u00e9tions pr\u00e9sents sur le march\u00e9 solidaire du quartier de la Noue \u00e0 Bagnolet co-organis\u00e9 par l\u2019association Amelior et le Centre Social et Culturel Guy Toffoletti (<a href=\"http:\/\/recherche-action.fr\/ruesmarchandes\/2015\/04\/15\/atelier-recherche-action-dessine-moi-ou-raconte-moi-ta-rue-marchande-bagnolet-93\/\">http:\/\/recherche-action.fr\/ruesmarchandes\/2015\/04\/15\/atelier-recherche-action-dessine-moi-ou-raconte-moi-ta-rue-marchande-bagnolet-93\/<\/a>),<\/li>\n<li>Le 21 juin nous participions \u00e0 la Serre p\u00e9dagogique du Grand Parc de Saint-Ouen \u00e0 une rencontre organis\u00e9e par Via Paysage (<a href=\"http:\/\/recherche-action.fr\/ruesmarchandes\/2015\/06\/19\/les-rues-marchandes-au-grand-parc-de-st-ouen\/\">http:\/\/recherche-action.fr\/ruesmarchandes\/2015\/06\/19\/les-rues-marchandes-au-grand-parc-de-st-ouen\/<\/a>)<\/li>\n<li>Le 13 et 24 juin nous avons contribuer \u00e0 la \u00ab Conf\u00e9rence de citoyens \u00bb commandit\u00e9e par la Mairie de Paris et organis\u00e9 par l\u2019IFOP sur le th\u00e8me : \u00ab quelles solutions vis-\u00e0-vis de la vente ill\u00e9gale sur l\u2019espace public \u00e0 Paris ? (note de pr\u00e9conisation \u00e0 venir)<\/li>\n<li>Le 24 juillet, Rues Marchandes seront pr\u00e9sents aux rencontres de l\u2019association Halem (HAbitants de Logements \u00c9ph\u00e9m\u00e8res ou Mobiles) \u00e0 Rouen dans la co-animation d\u2019un atelier sur l\u2019\u00e9conomie informelle (http:\/\/recherche-action.fr\/ruesmarchandes\/2015\/07\/16\/economie-informelle-dans-la-ville-foraine-mont-saint-aignan-76\/)<\/li>\n<li>Le 20 septembre nous tiendrons un espace d\u2019\u00e9changes au grand \u00e9v\u00e9nement associatif \u00ab\u00a0l\u2019Eco-Festival La voie est Libre\u00a0\u00bb (http:\/\/www.lavoieestlibre.org\/) \u00e0 Montreuil (http:\/\/recherche-action.fr\/ruesmarchandes\/2015\/07\/09\/la-voie-est-libre-par-christian-weiss\/)<\/li>\n<li>Le 19 octobre nous organiserons sous la forme d\u2019une table-ronde une premi\u00e8re restitution publique sur l\u2019avanc\u00e9e de nos travaux \u00e0 la Maison des Acteurs du Paris Durable<\/li>\n<\/ul>\n<p>Ces moments les plus visibles de situations d\u2019\u00e9changes et de diffusion de connaissance s\u2019appuient sur un travail en r\u00e9seau continu. Depuis plusieurs mois autour des espaces marchands, nous d\u00e9veloppons des rencontres avec les associations \u00ab\u00a0Sauve-Qui-Peut\u00a0\u00bb, \u00ab\u00a0Amelior\u00a0\u00bb, \u00ab\u00a0Aurore\u00a0\u00bb.<\/p>\n<p>La constitution d\u2019une \u00e9quipe de juristes, \u00e9conomistes, artistes, sociologues, g\u00e9ographes, entrepreneurs de l\u2019\u00e9conomie sociale et solidaire, permet \u00e0 une multitude d\u2019acteurs de contribuer au d\u00e9veloppement du programme transdisciplinaire de recherche-action.<\/p>\n<h1><a name=\"_Toc424915699\"><\/a>Exp\u00e9rimentation sociale et formation-action<\/h1>\n<p>L\u2019affinement des connaissances sur les territoires et les probl\u00e9matiques ainsi que la structuration de notre collectif offriront une base pour conduire des <strong>exp\u00e9rimentations et des formations-actions en 2016. <\/strong>Ces dispositifs ont pour particularit\u00e9 d\u2019accorder une place centrale aux principaux int\u00e9ress\u00e9s, notamment aux r\u00e9cup\u00e9rateurs-vendeurs afin qu\u2019ils apparaissent comme interlocuteurs repr\u00e9sentatifs aux yeux des pouvoirs publics, soient reconnus dans leurs comp\u00e9tences et puissent d\u00e9fendre une employabilit\u00e9. C\u2019est le principe m\u00eame d\u2019une <strong>recherche-action<\/strong> d\u2019indiquer que nous pouvons comprendre une situation complexe sans le concours de ceux qui la vivent, car ils mobilisent et synth\u00e9tisent mieux que n\u2019importe quelle \u00e9tude ou intervention tous les \u00e9l\u00e9ments pour r\u00e9pondre \u00e0 leur situation.<\/p>\n<p>La <strong>formation-action<\/strong> engage un aller-retour o\u00f9 la personne se r\u00e9approprie sa propre exp\u00e9rience. S\u2019op\u00e8re d\u2019une certaine fa\u00e7on un d\u00e9pliement entre une exp\u00e9rience individuelle contract\u00e9e, peu explicit\u00e9e puisque la personne a rarement l\u2019occasion de s\u2019exprimer de cette fa\u00e7on sur sa vie, vers une expression collective d\u00e9gageant des probl\u00e9matiques qui d\u00e9passent le caract\u00e8re individuel pour devenir des questions publiques. Cet aller-retour entre exp\u00e9rimentations dans son champ social ou professionnel et partage d\u2019exp\u00e9riences en atelier conduit \u00e0 <strong>s&rsquo;autoformer<\/strong> r\u00e9ciproquement entre acteur-chercheurs. Le principe est de concevoir ses <strong>propres modes de validation<\/strong> comme l\u2019\u00e9criture d\u2019un r\u00e9cit collectif ou l\u2019autobiographie biffine g\u00e9n\u00e9r\u00e9e par des pratiques r\u00e9ciproques d\u2019 enregistrements audiovisuels, etc. Ce dispositif permet donc de faire reconnaitre des comp\u00e9tences et une professionnalit\u00e9 de personnes autodidactes qui ne sont pas habituellement consult\u00e9es, car n\u2019\u00e9tant pas regroup\u00e9es dans des structures partenariales officielles et valider par des cursus dipl\u00f4mants acad\u00e9miques.<\/p>\n<p>Exp\u00e9rimentation sociale et formation-action peuvent difficilement se concevoir l\u2019un sans l\u2019autre\u00a0; <strong>l\u2019ouverture de nouveaux espaces marchands<\/strong> est intimement li\u00e9e \u00e0 la possibilit\u00e9 pour les acteurs de d\u00e9gager leurs propres <strong>crit\u00e8res d\u2019\u00e9valuation<\/strong>.<\/p>\n","protected":false},"excerpt":{"rendered":"<p>Merci pour celles et ceux qui ont \u00e9t\u00e9 les premier(e)s \u00e0 adh\u00e9rer \u00e0 notre charte collaborative. Cette note d\u2019orientation \u00e0 pour objectif de faire le point sur nos travaux. Le [&hellip;]<\/p>\n","protected":false},"author":1,"featured_media":0,"parent":375,"menu_order":0,"comment_status":"open","ping_status":"open","template":"","meta":{"jetpack_post_was_ever_published":false,"footnotes":""},"class_list":["post-381","page","type-page","status-publish","hentry"],"jetpack_sharing_enabled":true,"jetpack_shortlink":"https:\/\/wp.me\/P7xknf-69","post_mailing_queue_ids":[],"_links":{"self":[{"href":"https:\/\/recherche-action.fr\/ruesmarchandes\/wp-json\/wp\/v2\/pages\/381","targetHints":{"allow":["GET"]}}],"collection":[{"href":"https:\/\/recherche-action.fr\/ruesmarchandes\/wp-json\/wp\/v2\/pages"}],"about":[{"href":"https:\/\/recherche-action.fr\/ruesmarchandes\/wp-json\/wp\/v2\/types\/page"}],"author":[{"embeddable":true,"href":"https:\/\/recherche-action.fr\/ruesmarchandes\/wp-json\/wp\/v2\/users\/1"}],"replies":[{"embeddable":true,"href":"https:\/\/recherche-action.fr\/ruesmarchandes\/wp-json\/wp\/v2\/comments?post=381"}],"version-history":[{"count":0,"href":"https:\/\/recherche-action.fr\/ruesmarchandes\/wp-json\/wp\/v2\/pages\/381\/revisions"}],"up":[{"embeddable":true,"href":"https:\/\/recherche-action.fr\/ruesmarchandes\/wp-json\/wp\/v2\/pages\/375"}],"wp:attachment":[{"href":"https:\/\/recherche-action.fr\/ruesmarchandes\/wp-json\/wp\/v2\/media?parent=381"}],"curies":[{"name":"wp","href":"https:\/\/api.w.org\/{rel}","templated":true}]}}